{"id":6001,"date":"2024-12-04T13:08:54","date_gmt":"2024-12-04T12:08:54","guid":{"rendered":"https:\/\/tienda.pujolclima.com\/?post_type=product&#038;p=6001"},"modified":"2026-03-24T18:50:57","modified_gmt":"2026-03-24T17:50:57","slug":"placa-vitroceramica-johnson-30cm-2-zonas-control-tactil","status":"publish","type":"product","link":"https:\/\/tienda.pujolclima.com\/ca\/producte\/placa-vitroceramica-johnson-30cm-2-zonas-control-tactil\/","title":{"rendered":"PLACA VITROCERAMICA JOHNSON 30CM 2 ZONES CONTROL TACTIL"},"content":{"rendered":"<p>Vitrocer\u00e0miques<br \/>\nCristall Negre<br \/>\n2 Zones de cuinat:<br \/>\n\u2013 Zona posterior: 200mm (1.800W)<br \/>\n\u2013 Zona frontal: 165mm (1.200W)<br \/>\nControl t\u00e0ctil independent<br \/>\nDi\u00e0metre de zona major: 20 cm<br \/>\nCantell arrodonit<br \/>\nInterruptor d&#039;apagat autom\u00e0tic de seguretat<\/p>\n<p>Bloqueig infantil<br \/>\nPot\u00e8ncia total 2,7-3,3 kW<br \/>\n9 Nivells de pot\u00e8ncia<br \/>\nTemporitzador fins a 99 min.<br \/>\nIndicador de calor residual<br \/>\nProtecci\u00f3 contra sobreescalfament<br \/>\nDimensions (AlxAnxFon cm): 6,6\u00d728,8\u00d752<br \/>\nDimensions n\u00ednxol (cm): 49\u00d726,8<\/p>","protected":false},"excerpt":{"rendered":"<p>Vitrocer\u00e1micas Cristal Negro 2 Zonas de cocinado: &#8211; Zona posterior: 200mm (1.800W) &#8211; Zona frontal: 165mm (1.200W) Control t\u00e1ctil independiente Di\u00e1metro de zona mayor: 20 cm Canto redondeado Interruptor de apagado autom\u00e1tico de seguridad Bloqueo infantil Potencia total 2,7-3,3 kW 9 Niveles de potencia Temporizador hasta 99 min. Indicador de calor residual Protecci\u00f3n contra sobrecalentamiento&#8230;<\/p>","protected":false},"featured_media":6002,"comment_status":"open","ping_status":"closed","template":"","meta":{"_kad_blocks_custom_css":"","_kad_blocks_head_custom_js":"","_kad_blocks_body_custom_js":"","_kad_blocks_footer_custom_js":"","_kad_post_transparent":"default","_kad_post_title":"","_kad_post_layout":"default","_kad_post_sidebar_id":"","_kad_post_content_style":"default","_kad_post_vertical_padding":"default","_kad_post_feature":"","_kad_post_feature_position":"","_kad_post_header":false,"_kad_post_footer":false,"_joinchat":[]},"product_brand":[],"product_cat":[267],"product_tag":[],"class_list":{"0":"post-6001","1":"product","2":"type-product","3":"status-publish","4":"has-post-thumbnail","6":"product_cat-vitroceramicas","8":"first","9":"instock","10":"taxable","11":"shipping-taxable","12":"product-type-external","13":"add-to-wishlist-before_image","14":"entry","15":"content-bg","16":"loop-entry"},"taxonomy_info":{"product_cat":[{"value":267,"label":"Vitrocer\u00e1micas"}]},"featured_image_src_large":["https:\/\/tienda.pujolclima.com\/wp-content\/uploads\/2024\/12\/jvica2301.jpg",768,768,false],"author_info":[],"comment_info":0,"_links":{"self":[{"href":"https:\/\/tienda.pujolclima.com\/ca\/wp-json\/wp\/v2\/product\/6001","targetHints":{"allow":["GET"]}}],"collection":[{"href":"https:\/\/tienda.pujolclima.com\/ca\/wp-json\/wp\/v2\/product"}],"about":[{"href":"https:\/\/tienda.pujolclima.com\/ca\/wp-json\/wp\/v2\/types\/product"}],"replies":[{"embeddable":true,"href":"https:\/\/tienda.pujolclima.com\/ca\/wp-json\/wp\/v2\/comments?post=6001"}],"wp:featuredmedia":[{"embeddable":true,"href":"https:\/\/tienda.pujolclima.com\/ca\/wp-json\/wp\/v2\/media\/6002"}],"wp:attachment":[{"href":"https:\/\/tienda.pujolclima.com\/ca\/wp-json\/wp\/v2\/media?parent=6001"}],"wp:term":[{"taxonomy":"product_brand","embeddable":true,"href":"https:\/\/tienda.pujolclima.com\/ca\/wp-json\/wp\/v2\/product_brand?post=6001"},{"taxonomy":"product_cat","embeddable":true,"href":"https:\/\/tienda.pujolclima.com\/ca\/wp-json\/wp\/v2\/product_cat?post=6001"},{"taxonomy":"product_tag","embeddable":true,"href":"https:\/\/tienda.pujolclima.com\/ca\/wp-json\/wp\/v2\/product_tag?post=6001"}],"curies":[{"name":"wp","href":"https:\/\/api.w.org\/{rel}","templated":true}]}}