{"id":5997,"date":"2024-12-04T13:05:38","date_gmt":"2024-12-04T12:05:38","guid":{"rendered":"https:\/\/tienda.pujolclima.com\/?post_type=product&#038;p=5997"},"modified":"2026-03-24T18:52:04","modified_gmt":"2026-03-24T17:52:04","slug":"placa-vitroceramica-johnson-3-zonas-1-triple-295mm-control-deslizante","status":"publish","type":"product","link":"https:\/\/tienda.pujolclima.com\/ca\/producte\/placa-vitroceramica-johnson-3-zonas-1-triple-295mm-control-deslizante\/","title":{"rendered":"PLACA VITROCERAMICA JOHNSON 3 ZONES 1 TRIPLE 295MM."},"content":{"rendered":"<p>Vitrocer\u00e0mica<br \/>\nCristall Negre<br \/>\n3 Zones de cuinat:<br \/>\n\u2013 Zona esquerra posterior: 165mm (1.200W)<br \/>\n\u2013 Zona esquerra frontal: 200mm (1.800W)<br \/>\n\u2013 Zona triple dreta: 150\/225\/300mm (1.050\/1.950\/2.700W)<br \/>\nControl lliscant<br \/>\nControl t\u00e0ctil independent<br \/>\nZona triple de fins a 30 cm<br \/>\nCantell arrodonit<\/p>\n<p>Funci\u00f3 de manteniment de la calor<br \/>\nInterruptor d&#039;apagat autom\u00e0tic de seguretat<br \/>\nBloqueig infantil<br \/>\nPot\u00e8ncia total 5,2-6,2 kW<br \/>\n9 Nivells de pot\u00e8ncia<br \/>\nTemporitzador fins a 99 min.<br \/>\nIndicador de calor residual<br \/>\nProtecci\u00f3 contra sobreescalfament<br \/>\nDimensions (AlxAnxFon cm): 5,1x59x52<br \/>\nDimensions n\u00ednxol (cm): 56\u00d748<\/p>","protected":false},"excerpt":{"rendered":"<p>Vitrocer\u00e1mica Cristal Negro 3 Zonas de cocinado: &#8211; Zona izquierda posterior: 165mm (1.200W) &#8211; Zona izquierda frontal: 200mm (1.800W) &#8211; Zona triple derecha: 150\/225\/300mm (1.050\/1.950\/2.700W) Control deslizante Control t\u00e1ctil independiente Zona triple de hasta 30 cm Canto redondeado Funci\u00f3n de mantenimiento del calor Interruptor de apagado autom\u00e1tico de seguridad Bloqueo infantil Potencia total 5,2-6,2 kW&#8230;<\/p>","protected":false},"featured_media":5998,"comment_status":"open","ping_status":"closed","template":"","meta":{"_kad_blocks_custom_css":"","_kad_blocks_head_custom_js":"","_kad_blocks_body_custom_js":"","_kad_blocks_footer_custom_js":"","_kad_post_transparent":"default","_kad_post_title":"","_kad_post_layout":"default","_kad_post_sidebar_id":"","_kad_post_content_style":"default","_kad_post_vertical_padding":"default","_kad_post_feature":"","_kad_post_feature_position":"","_kad_post_header":false,"_kad_post_footer":false,"_joinchat":[]},"product_brand":[],"product_cat":[267],"product_tag":[],"class_list":{"0":"post-5997","1":"product","2":"type-product","3":"status-publish","4":"has-post-thumbnail","6":"product_cat-vitroceramicas","8":"first","9":"instock","10":"taxable","11":"shipping-taxable","12":"product-type-external","13":"add-to-wishlist-before_image","14":"entry","15":"content-bg","16":"loop-entry"},"taxonomy_info":{"product_cat":[{"value":267,"label":"Vitrocer\u00e1micas"}]},"featured_image_src_large":["https:\/\/tienda.pujolclima.com\/wp-content\/uploads\/2024\/12\/jvica3302.jpg",768,768,false],"author_info":[],"comment_info":0,"_links":{"self":[{"href":"https:\/\/tienda.pujolclima.com\/ca\/wp-json\/wp\/v2\/product\/5997","targetHints":{"allow":["GET"]}}],"collection":[{"href":"https:\/\/tienda.pujolclima.com\/ca\/wp-json\/wp\/v2\/product"}],"about":[{"href":"https:\/\/tienda.pujolclima.com\/ca\/wp-json\/wp\/v2\/types\/product"}],"replies":[{"embeddable":true,"href":"https:\/\/tienda.pujolclima.com\/ca\/wp-json\/wp\/v2\/comments?post=5997"}],"wp:featuredmedia":[{"embeddable":true,"href":"https:\/\/tienda.pujolclima.com\/ca\/wp-json\/wp\/v2\/media\/5998"}],"wp:attachment":[{"href":"https:\/\/tienda.pujolclima.com\/ca\/wp-json\/wp\/v2\/media?parent=5997"}],"wp:term":[{"taxonomy":"product_brand","embeddable":true,"href":"https:\/\/tienda.pujolclima.com\/ca\/wp-json\/wp\/v2\/product_brand?post=5997"},{"taxonomy":"product_cat","embeddable":true,"href":"https:\/\/tienda.pujolclima.com\/ca\/wp-json\/wp\/v2\/product_cat?post=5997"},{"taxonomy":"product_tag","embeddable":true,"href":"https:\/\/tienda.pujolclima.com\/ca\/wp-json\/wp\/v2\/product_tag?post=5997"}],"curies":[{"name":"wp","href":"https:\/\/api.w.org\/{rel}","templated":true}]}}