{"id":5994,"date":"2024-12-04T12:42:00","date_gmt":"2024-12-04T11:42:00","guid":{"rendered":"https:\/\/tienda.pujolclima.com\/?post_type=product&#038;p=5994"},"modified":"2026-03-24T18:52:46","modified_gmt":"2026-03-24T17:52:46","slug":"nevera-combi-johnson-nf-2018x595x66cm-cristal-blanco","status":"publish","type":"product","link":"https:\/\/tienda.pujolclima.com\/ca\/producte\/nevera-combi-johnson-nf-2018x595x66cm-cristal-blanco\/","title":{"rendered":"NEVERA COMBI JOHNSON NF 201,8X59,5X66CM VIDRE BLANC"},"content":{"rendered":"<p>Frigor\u00edfic Combi<br \/>\nCristall Blanc<br \/>\nTotal No Frost MetalCooling<br \/>\nDisseny Multi Air-Flow<br \/>\nFull Inverter<br \/>\nClasse energ\u00e8tica E<br \/>\nClasse clim\u00e0tica SN-N-ST-T<br \/>\nControl electr\u00f2nic de la temperatura amb display a la porta<br \/>\nControl dual de la temperatura<br \/>\nIl\u00b7luminaci\u00f3 interior LED<br \/>\nPowerCool&amp;PowerFreeze: Maneres de refrigeraci\u00f3 i congelaci\u00f3 r\u00e0pids<br \/>\nMode vacances<br \/>\nBloqueig infantil<\/p>\n<p>Alarma d&#039;obertura de porta<br \/>\nZona Fresh per a fruites i verdures<br \/>\nZona Fresh per a carn i peix<br \/>\nPrestatge per ampolles de 2 litres<br \/>\nPrestatge boteller cromat<br \/>\nInstal\u00b7lable al costat de paret<br \/>\nObertura de portes i calaixos en 90 \u00ba<br \/>\nTirador de la porta integrat<br \/>\nPorta reversible<br \/>\nBaix nivell sonor<br \/>\nCapacitat de nevera (litres): 256<br \/>\nCapacitat congelador (litres): 122<br \/>\nDimensions (AlxAnxFon cm): 201,8\u00d759,5\u00d766<\/p>","protected":false},"excerpt":{"rendered":"<p>Frigor\u00edfico Combi Cristal Blanco Total No Frost MetalCooling Dise\u00f1o Multi Air-Flow Full Inverter Clase energ\u00e9tica E Clase clim\u00e1tica SN-N-ST-T Control electr\u00f3nico de la temperatura con display en puerta Control dual de la temperatura Iluminaci\u00f3n interior LED PowerCool&amp;PowerFreeze: Modos de refrigeraci\u00f3n y congelaci\u00f3n r\u00e1pidos Modo vacaciones Bloqueo infantil Alarma de apertura de puerta Zona Fresh para&#8230;<\/p>","protected":false},"featured_media":5995,"comment_status":"open","ping_status":"closed","template":"","meta":{"_kad_blocks_custom_css":"","_kad_blocks_head_custom_js":"","_kad_blocks_body_custom_js":"","_kad_blocks_footer_custom_js":"","_kad_post_transparent":"default","_kad_post_title":"","_kad_post_layout":"default","_kad_post_sidebar_id":"","_kad_post_content_style":"default","_kad_post_vertical_padding":"default","_kad_post_feature":"","_kad_post_feature_position":"","_kad_post_header":false,"_kad_post_footer":false,"_joinchat":[]},"product_brand":[],"product_cat":[269],"product_tag":[],"class_list":{"0":"post-5994","1":"product","2":"type-product","3":"status-publish","4":"has-post-thumbnail","6":"product_cat-neveras","8":"first","9":"instock","10":"taxable","11":"shipping-taxable","12":"product-type-external","13":"add-to-wishlist-before_image","14":"entry","15":"content-bg","16":"loop-entry"},"taxonomy_info":{"product_cat":[{"value":269,"label":"Neveras"}]},"featured_image_src_large":["https:\/\/tienda.pujolclima.com\/wp-content\/uploads\/2024\/12\/jrc201en2gw_1.jpg",768,768,false],"author_info":[],"comment_info":0,"_links":{"self":[{"href":"https:\/\/tienda.pujolclima.com\/ca\/wp-json\/wp\/v2\/product\/5994","targetHints":{"allow":["GET"]}}],"collection":[{"href":"https:\/\/tienda.pujolclima.com\/ca\/wp-json\/wp\/v2\/product"}],"about":[{"href":"https:\/\/tienda.pujolclima.com\/ca\/wp-json\/wp\/v2\/types\/product"}],"replies":[{"embeddable":true,"href":"https:\/\/tienda.pujolclima.com\/ca\/wp-json\/wp\/v2\/comments?post=5994"}],"wp:featuredmedia":[{"embeddable":true,"href":"https:\/\/tienda.pujolclima.com\/ca\/wp-json\/wp\/v2\/media\/5995"}],"wp:attachment":[{"href":"https:\/\/tienda.pujolclima.com\/ca\/wp-json\/wp\/v2\/media?parent=5994"}],"wp:term":[{"taxonomy":"product_brand","embeddable":true,"href":"https:\/\/tienda.pujolclima.com\/ca\/wp-json\/wp\/v2\/product_brand?post=5994"},{"taxonomy":"product_cat","embeddable":true,"href":"https:\/\/tienda.pujolclima.com\/ca\/wp-json\/wp\/v2\/product_cat?post=5994"},{"taxonomy":"product_tag","embeddable":true,"href":"https:\/\/tienda.pujolclima.com\/ca\/wp-json\/wp\/v2\/product_tag?post=5994"}],"curies":[{"name":"wp","href":"https:\/\/api.w.org\/{rel}","templated":true}]}}