{"id":5988,"date":"2024-12-04T12:29:29","date_gmt":"2024-12-04T11:29:29","guid":{"rendered":"https:\/\/tienda.pujolclima.com\/?post_type=product&#038;p=5988"},"modified":"2026-03-24T18:53:52","modified_gmt":"2026-03-24T17:53:52","slug":"nevera-combi-johnson-nf-201x595x65cm-inox","status":"publish","type":"product","link":"https:\/\/tienda.pujolclima.com\/ca\/producte\/nevera-combi-johnson-nf-201x595x65cm-inox\/","title":{"rendered":"NEVERA COMBI JOHNSON NF 201X59,5X65CM INOX"},"content":{"rendered":"<p>Frigor\u00edfic Combi<br \/>\nInox<br \/>\nClasse energ\u00e8tica E<br \/>\nNo Frost \u2013 Disseny MultiCooling amb Refredament independent<br \/>\nnevera\/congelador<br \/>\nClasse clim\u00e0tica SN-T<br \/>\nControl electr\u00f2nic de la temperatura amb display interior<br \/>\nControl dual de la temperatura<br \/>\nIl\u00b7luminaci\u00f3 interior LED<br \/>\nPowerFreeze: Mode de congelaci\u00f3 r\u00e0pid<\/p>\n<p>Mode Ress\u00f2<br \/>\nCalaix per a productes frescos amb control d&#039;humitat<br \/>\nZona 0\u00ba<br \/>\nPrestatge per ampolles de 2 litres<br \/>\nAlarma ac\u00fastica per porta oberta<br \/>\nPorta reversible<br \/>\nBaix nivell sonor<br \/>\nCapacitat de nevera (litres): 266<br \/>\nCapacitat congelador (litres): 101<br \/>\nDimensions (AlxAnxFon cm): 201\u00d759,5\u00d765<\/p>","protected":false},"excerpt":{"rendered":"<p>Frigor\u00edfico Combi Inox Clase energ\u00e9tica E No Frost &#8211; Dise\u00f1o MultiCooling con Enfriamiento independiente refrigerador\/congelador Clase clim\u00e1tica SN-T Control electr\u00f3nico de la temperatura con display interior Control dual de la temperatura Iluminaci\u00f3n interior LED PowerFreeze: Modo de congelaci\u00f3n r\u00e1pido Modo Eco Caj\u00f3n para productos frescos con control de humedad Zona 0\u00ba Estante para botellas de&#8230;<\/p>","protected":false},"featured_media":5989,"comment_status":"open","ping_status":"closed","template":"","meta":{"_kad_blocks_custom_css":"","_kad_blocks_head_custom_js":"","_kad_blocks_body_custom_js":"","_kad_blocks_footer_custom_js":"","_kad_post_transparent":"default","_kad_post_title":"","_kad_post_layout":"default","_kad_post_sidebar_id":"","_kad_post_content_style":"default","_kad_post_vertical_padding":"default","_kad_post_feature":"","_kad_post_feature_position":"","_kad_post_header":false,"_kad_post_footer":false,"_joinchat":[]},"product_brand":[],"product_cat":[269],"product_tag":[],"class_list":{"0":"post-5988","1":"product","2":"type-product","3":"status-publish","4":"has-post-thumbnail","6":"product_cat-neveras","8":"first","9":"instock","10":"taxable","11":"shipping-taxable","12":"product-type-external","13":"add-to-wishlist-before_image","14":"entry","15":"content-bg","16":"loop-entry"},"taxonomy_info":{"product_cat":[{"value":269,"label":"Neveras"}]},"featured_image_src_large":["https:\/\/tienda.pujolclima.com\/wp-content\/uploads\/2024\/12\/jrc201emx.jpg",768,768,false],"author_info":[],"comment_info":0,"_links":{"self":[{"href":"https:\/\/tienda.pujolclima.com\/ca\/wp-json\/wp\/v2\/product\/5988","targetHints":{"allow":["GET"]}}],"collection":[{"href":"https:\/\/tienda.pujolclima.com\/ca\/wp-json\/wp\/v2\/product"}],"about":[{"href":"https:\/\/tienda.pujolclima.com\/ca\/wp-json\/wp\/v2\/types\/product"}],"replies":[{"embeddable":true,"href":"https:\/\/tienda.pujolclima.com\/ca\/wp-json\/wp\/v2\/comments?post=5988"}],"wp:featuredmedia":[{"embeddable":true,"href":"https:\/\/tienda.pujolclima.com\/ca\/wp-json\/wp\/v2\/media\/5989"}],"wp:attachment":[{"href":"https:\/\/tienda.pujolclima.com\/ca\/wp-json\/wp\/v2\/media?parent=5988"}],"wp:term":[{"taxonomy":"product_brand","embeddable":true,"href":"https:\/\/tienda.pujolclima.com\/ca\/wp-json\/wp\/v2\/product_brand?post=5988"},{"taxonomy":"product_cat","embeddable":true,"href":"https:\/\/tienda.pujolclima.com\/ca\/wp-json\/wp\/v2\/product_cat?post=5988"},{"taxonomy":"product_tag","embeddable":true,"href":"https:\/\/tienda.pujolclima.com\/ca\/wp-json\/wp\/v2\/product_tag?post=5988"}],"curies":[{"name":"wp","href":"https:\/\/api.w.org\/{rel}","templated":true}]}}