{"id":5976,"date":"2024-12-04T12:14:44","date_gmt":"2024-12-04T11:14:44","guid":{"rendered":"https:\/\/tienda.pujolclima.com\/?post_type=product&#038;p=5976"},"modified":"2026-03-24T18:56:10","modified_gmt":"2026-03-24T17:56:10","slug":"nevera-combi-johnson-nf-186x595x60cm-blanco","status":"publish","type":"product","link":"https:\/\/tienda.pujolclima.com\/ca\/producte\/nevera-combi-johnson-nf-186x595x60cm-blanco\/","title":{"rendered":"NEVERA COMBI JOHNSON NF 186X59,5X60CM BLANC"},"content":{"rendered":"<p>Frigor\u00edfic Combi<br \/>\nBlanc<br \/>\nTotal No Frost<br \/>\nNo Frost \u2013 Disseny MultiCooling amb Refredament independent<br \/>\nnevera\/congelador<br \/>\nClasse energ\u00e8tica E<br \/>\nClasse clim\u00e0tica SN-T<br \/>\nControl electr\u00f2nic amb indicadors LED<br \/>\nIl\u00b7luminaci\u00f3 interior LED<br \/>\nPowerFreeze: Mode de congelaci\u00f3 r\u00e0pid<br \/>\nCompartiment FreeZone: Calaix per a fruites i verdures que es<br \/>\npot convertir opcionalment a Zona Fresh o Zona 0\u00ba<br \/>\nmitjan\u00e7ant un selector<\/p>\n<p>Prestatge per ampolles de 2 litres<br \/>\nInstal\u00b7lable al costat de paret<br \/>\nObertura de portes i calaixos en 90 \u00ba<br \/>\nPorta reversible<br \/>\nBaix nivell sonor<br \/>\nCapacitat de nevera (litres): 207<br \/>\nCapacitat congelador (litres): 88<br \/>\nDimensions (AlxAnxFon cm): 186\u00d759,5\u00d760<\/p>","protected":false},"excerpt":{"rendered":"<p>Frigor\u00edfico Combi Blanco Total No Frost No Frost &#8211; Dise\u00f1o MultiCooling con Enfriamiento independiente refrigerador\/congelador Clase energ\u00e9tica E Clase clim\u00e1tica SN-T Control electr\u00f3nico con indicadores LED Iluminaci\u00f3n interior LED PowerFreeze: Modo de congelaci\u00f3n r\u00e1pido Compartimento FreeZone: Caj\u00f3n para frutas y verduras que se puede convertir opcionalmente en Zona Fresh o Zona 0\u00ba mediante un selectoR&#8230;<\/p>","protected":false},"featured_media":5977,"comment_status":"open","ping_status":"closed","template":"","meta":{"_kad_blocks_custom_css":"","_kad_blocks_head_custom_js":"","_kad_blocks_body_custom_js":"","_kad_blocks_footer_custom_js":"","_kad_post_transparent":"default","_kad_post_title":"","_kad_post_layout":"default","_kad_post_sidebar_id":"","_kad_post_content_style":"default","_kad_post_vertical_padding":"default","_kad_post_feature":"","_kad_post_feature_position":"","_kad_post_header":false,"_kad_post_footer":false,"_joinchat":[]},"product_brand":[],"product_cat":[269],"product_tag":[],"class_list":{"0":"post-5976","1":"product","2":"type-product","3":"status-publish","4":"has-post-thumbnail","6":"product_cat-neveras","8":"first","9":"instock","10":"taxable","11":"shipping-taxable","12":"product-type-external","13":"add-to-wishlist-before_image","14":"entry","15":"content-bg","16":"loop-entry"},"taxonomy_info":{"product_cat":[{"value":269,"label":"Neveras"}]},"featured_image_src_large":["https:\/\/tienda.pujolclima.com\/wp-content\/uploads\/2024\/12\/jrc1852emw.jpg",768,768,false],"author_info":[],"comment_info":0,"_links":{"self":[{"href":"https:\/\/tienda.pujolclima.com\/ca\/wp-json\/wp\/v2\/product\/5976","targetHints":{"allow":["GET"]}}],"collection":[{"href":"https:\/\/tienda.pujolclima.com\/ca\/wp-json\/wp\/v2\/product"}],"about":[{"href":"https:\/\/tienda.pujolclima.com\/ca\/wp-json\/wp\/v2\/types\/product"}],"replies":[{"embeddable":true,"href":"https:\/\/tienda.pujolclima.com\/ca\/wp-json\/wp\/v2\/comments?post=5976"}],"wp:featuredmedia":[{"embeddable":true,"href":"https:\/\/tienda.pujolclima.com\/ca\/wp-json\/wp\/v2\/media\/5977"}],"wp:attachment":[{"href":"https:\/\/tienda.pujolclima.com\/ca\/wp-json\/wp\/v2\/media?parent=5976"}],"wp:term":[{"taxonomy":"product_brand","embeddable":true,"href":"https:\/\/tienda.pujolclima.com\/ca\/wp-json\/wp\/v2\/product_brand?post=5976"},{"taxonomy":"product_cat","embeddable":true,"href":"https:\/\/tienda.pujolclima.com\/ca\/wp-json\/wp\/v2\/product_cat?post=5976"},{"taxonomy":"product_tag","embeddable":true,"href":"https:\/\/tienda.pujolclima.com\/ca\/wp-json\/wp\/v2\/product_tag?post=5976"}],"curies":[{"name":"wp","href":"https:\/\/api.w.org\/{rel}","templated":true}]}}