{"id":5973,"date":"2024-12-04T12:08:41","date_gmt":"2024-12-04T11:08:41","guid":{"rendered":"https:\/\/tienda.pujolclima.com\/?post_type=product&#038;p=5973"},"modified":"2026-03-24T18:56:43","modified_gmt":"2026-03-24T17:56:43","slug":"nevera-combi-johnson-1773x547x568cm-low-frost-blanco","status":"publish","type":"product","link":"https:\/\/tienda.pujolclima.com\/ca\/producte\/nevera-combi-johnson-1773x547x568cm-low-frost-blanco\/","title":{"rendered":"NEVERA COMBI JOHNSON 177,3\u00d754,7\u00d756,8CM LOW FROST BLANC"},"content":{"rendered":"<p>Frigor\u00edfic Combi<br \/>\nColor Blanc<br \/>\nC\u00edclic<br \/>\nClasse energ\u00e8tica E<br \/>\nClasse clim\u00e0tica N-ST<br \/>\nControl mec\u00e0nic<br \/>\nIl\u00b7luminaci\u00f3 interior LED<br \/>\nCalaix per a verdures<br \/>\nPrestatge per ampolles de 2 litres<br \/>\nPorta reversible<br \/>\nBaix nivell sonor<br \/>\nCapacitat de nevera (litres): 197<br \/>\nCapacitat congelador (litres): 65<br \/>\nDimensions (AlxAnxFon cm): 177,3\u00d754,7\u00d756,8<\/p>","protected":false},"excerpt":{"rendered":"<p>Frigor\u00edfic Combi Color Blanc C\u00edclic Classe energ\u00e8tica E Classe clim\u00e0tica N-ST Control mec\u00e0nic Il\u00b7luminaci\u00f3 interior LED Calaix per a verdures Prestatge per a ampolles de 2 litres Porta reversible Baix nivell sonor Capacitat de nevera (litres): 197 Capacitat congelador (litres): 65 Dimensi\u00f3 177,3\u00d754,7\u00d756,8<\/p>","protected":false},"featured_media":5974,"comment_status":"open","ping_status":"closed","template":"","meta":{"_kad_blocks_custom_css":"","_kad_blocks_head_custom_js":"","_kad_blocks_body_custom_js":"","_kad_blocks_footer_custom_js":"","_kad_post_transparent":"default","_kad_post_title":"","_kad_post_layout":"default","_kad_post_sidebar_id":"","_kad_post_content_style":"default","_kad_post_vertical_padding":"default","_kad_post_feature":"","_kad_post_feature_position":"","_kad_post_header":false,"_kad_post_footer":false,"_joinchat":[]},"product_brand":[],"product_cat":[269],"product_tag":[],"class_list":{"0":"post-5973","1":"product","2":"type-product","3":"status-publish","4":"has-post-thumbnail","6":"product_cat-neveras","8":"first","9":"instock","10":"taxable","11":"shipping-taxable","12":"product-type-external","13":"add-to-wishlist-before_image","14":"entry","15":"content-bg","16":"loop-entry"},"taxonomy_info":{"product_cat":[{"value":269,"label":"Neveras"}]},"featured_image_src_large":["https:\/\/tienda.pujolclima.com\/wp-content\/uploads\/2024\/12\/jrc1805ew_1.jpg",768,768,false],"author_info":[],"comment_info":0,"_links":{"self":[{"href":"https:\/\/tienda.pujolclima.com\/ca\/wp-json\/wp\/v2\/product\/5973","targetHints":{"allow":["GET"]}}],"collection":[{"href":"https:\/\/tienda.pujolclima.com\/ca\/wp-json\/wp\/v2\/product"}],"about":[{"href":"https:\/\/tienda.pujolclima.com\/ca\/wp-json\/wp\/v2\/types\/product"}],"replies":[{"embeddable":true,"href":"https:\/\/tienda.pujolclima.com\/ca\/wp-json\/wp\/v2\/comments?post=5973"}],"wp:featuredmedia":[{"embeddable":true,"href":"https:\/\/tienda.pujolclima.com\/ca\/wp-json\/wp\/v2\/media\/5974"}],"wp:attachment":[{"href":"https:\/\/tienda.pujolclima.com\/ca\/wp-json\/wp\/v2\/media?parent=5973"}],"wp:term":[{"taxonomy":"product_brand","embeddable":true,"href":"https:\/\/tienda.pujolclima.com\/ca\/wp-json\/wp\/v2\/product_brand?post=5973"},{"taxonomy":"product_cat","embeddable":true,"href":"https:\/\/tienda.pujolclima.com\/ca\/wp-json\/wp\/v2\/product_cat?post=5973"},{"taxonomy":"product_tag","embeddable":true,"href":"https:\/\/tienda.pujolclima.com\/ca\/wp-json\/wp\/v2\/product_tag?post=5973"}],"curies":[{"name":"wp","href":"https:\/\/api.w.org\/{rel}","templated":true}]}}