{"id":5971,"date":"2024-12-04T12:04:29","date_gmt":"2024-12-04T11:04:29","guid":{"rendered":"https:\/\/tienda.pujolclima.com\/?post_type=product&#038;p=5971"},"modified":"2026-03-24T18:57:20","modified_gmt":"2026-03-24T17:57:20","slug":"combi-johnson-nf-180x54-5x62-5cm-inox","status":"publish","type":"product","link":"https:\/\/tienda.pujolclima.com\/ca\/producte\/combi-johnson-nf-180x54-5x62-5cm-inox\/","title":{"rendered":"COMBI JOHNSON NF 180X54.5X62.5CM INOX"},"content":{"rendered":"<p>Frigor\u00edfic Combi<br \/>\nInox<br \/>\nTotal No Frost<br \/>\nClasse energ\u00e8tica E<br \/>\nClasse clim\u00e0tica N-ST<br \/>\nControl electr\u00f2nic de la temperatura amb display LED interior<br \/>\nIl\u00b7luminaci\u00f3 interior LED<br \/>\nPowerCool: Mode de refrigeraci\u00f3 r\u00e0pid<br \/>\nCalaix per a verdures<br \/>\nPrestatge per ampolles de 2 litres<br \/>\nPorta reversible<br \/>\nBaix nivell sonor<br \/>\nCapacitat de nevera (litres): 199<br \/>\nCapacitat congelador (litres): 71<br \/>\nDimensions (AlxAnxFon cm): 180\u00d754,5\u00d762,5<\/p>","protected":false},"excerpt":{"rendered":"<p>Frigor\u00edfico Combi Inox Total No Frost Clase energ\u00e9tica E Clase clim\u00e1tica N-ST Control electr\u00f3nico de la temperatura con display LED interior Iluminaci\u00f3n interior LED PowerCool: Modo de refrigeraci\u00f3n r\u00e1pido Caj\u00f3n para verduras Estante para botellas de 2 litros Puerta reversible Bajo nivel sonoro Capacidad de refrigerador (litros): 199 Capacidad congelador (litros): 71 Dimensiones (AlxAnxFon cm):&#8230;<\/p>","protected":false},"featured_media":5972,"comment_status":"open","ping_status":"closed","template":"","meta":{"_kad_blocks_custom_css":"","_kad_blocks_head_custom_js":"","_kad_blocks_body_custom_js":"","_kad_blocks_footer_custom_js":"","_kad_post_transparent":"default","_kad_post_title":"","_kad_post_layout":"default","_kad_post_sidebar_id":"","_kad_post_content_style":"default","_kad_post_vertical_padding":"default","_kad_post_feature":"","_kad_post_feature_position":"","_kad_post_header":false,"_kad_post_footer":false,"_joinchat":[]},"product_brand":[],"product_cat":[269],"product_tag":[],"class_list":{"0":"post-5971","1":"product","2":"type-product","3":"status-publish","4":"has-post-thumbnail","6":"product_cat-neveras","8":"first","9":"instock","10":"taxable","11":"shipping-taxable","12":"product-type-external","13":"add-to-wishlist-before_image","14":"entry","15":"content-bg","16":"loop-entry"},"taxonomy_info":{"product_cat":[{"value":269,"label":"Neveras"}]},"featured_image_src_large":["https:\/\/tienda.pujolclima.com\/wp-content\/uploads\/2024\/12\/jrc1805en1x.jpg",768,768,false],"author_info":[],"comment_info":0,"_links":{"self":[{"href":"https:\/\/tienda.pujolclima.com\/ca\/wp-json\/wp\/v2\/product\/5971","targetHints":{"allow":["GET"]}}],"collection":[{"href":"https:\/\/tienda.pujolclima.com\/ca\/wp-json\/wp\/v2\/product"}],"about":[{"href":"https:\/\/tienda.pujolclima.com\/ca\/wp-json\/wp\/v2\/types\/product"}],"replies":[{"embeddable":true,"href":"https:\/\/tienda.pujolclima.com\/ca\/wp-json\/wp\/v2\/comments?post=5971"}],"wp:featuredmedia":[{"embeddable":true,"href":"https:\/\/tienda.pujolclima.com\/ca\/wp-json\/wp\/v2\/media\/5972"}],"wp:attachment":[{"href":"https:\/\/tienda.pujolclima.com\/ca\/wp-json\/wp\/v2\/media?parent=5971"}],"wp:term":[{"taxonomy":"product_brand","embeddable":true,"href":"https:\/\/tienda.pujolclima.com\/ca\/wp-json\/wp\/v2\/product_brand?post=5971"},{"taxonomy":"product_cat","embeddable":true,"href":"https:\/\/tienda.pujolclima.com\/ca\/wp-json\/wp\/v2\/product_cat?post=5971"},{"taxonomy":"product_tag","embeddable":true,"href":"https:\/\/tienda.pujolclima.com\/ca\/wp-json\/wp\/v2\/product_tag?post=5971"}],"curies":[{"name":"wp","href":"https:\/\/api.w.org\/{rel}","templated":true}]}}