{"id":5822,"date":"2024-11-19T09:58:58","date_gmt":"2024-11-19T08:58:58","guid":{"rendered":"https:\/\/tienda.pujolclima.com\/?post_type=product&#038;p=5822"},"modified":"2026-03-24T19:01:34","modified_gmt":"2026-03-24T18:01:34","slug":"saunier-duval-thema-condens-25","status":"publish","type":"product","link":"https:\/\/tienda.pujolclima.com\/ca\/producte\/saunier-duval-thema-condens-25\/","title":{"rendered":"Saunier Duval Thema Condens 25"},"content":{"rendered":"<p>Sistema de combusti\u00f3 pneum\u00e0tic<br \/>\n\u00b7 Modulaci\u00f3 1:5<br \/>\nSistema Warm Start de microacumulaci\u00f3 i el nou disseny del bloc hidr\u00e0ulic<br \/>\npermeten disminuir el temps d&#039;espera davant la demanda d&#039;ACS, reduir el consum de<br \/>\nenergia i aigua i el desgast dels components<br \/>\nAconsegueix etiqueta A+ en combinaci\u00f3 amb control modulant i sonda de temperatura<br \/>\nexterior<br \/>\nEl confort m\u00e9s silenci\u00f3s i compacte<br \/>\nGr\u00e0cies als components acuradament seleccionats ia l&#039;estructura compacta de<br \/>\ncaixa \u00fanica es redueixen les p\u00e8rdues t\u00e8rmiques i el nivell sonor, resultant incomparable<br \/>\nen termes de funcionament silenci\u00f3s (37,7 dB Pm\u00edn.)<br \/>\n\u00das ergon\u00f2mic i senzill<br \/>\nEl seu gran display i un panell amb \u201cun bot\u00f3-una funci\u00f3\u201d permeten que el control sigui molt<br \/>\nsenzill<br \/>\nI a m\u00e9s<br \/>\n\u00b7 Possibilitat de connexi\u00f3 a acumulador extern per a grans consums d&#039;ACS<br \/>\n\u00b7 Totalment adaptades per a instal\u00b7lacions solars<br \/>\n\u00b7 Panell de control amb visor digital i autodiagn\u00f2stic<br \/>\n\u00b7 Ampli rang de modulaci\u00f3: excel\u00b7lent rendiment<br \/>\n\u00b7 Integrable en armaris de cuina: profunditat inferior a 35 cm<\/p>","protected":false},"excerpt":{"rendered":"<p>Enviament gratu\u00eft!<\/p>","protected":false},"featured_media":5823,"comment_status":"open","ping_status":"closed","template":"","meta":{"_kad_blocks_custom_css":"","_kad_blocks_head_custom_js":"","_kad_blocks_body_custom_js":"","_kad_blocks_footer_custom_js":"","_kad_post_transparent":"default","_kad_post_title":"","_kad_post_layout":"default","_kad_post_sidebar_id":"","_kad_post_content_style":"default","_kad_post_vertical_padding":"default","_kad_post_feature":"","_kad_post_feature_position":"","_kad_post_header":false,"_kad_post_footer":false,"_joinchat":[]},"product_brand":[],"product_cat":[256],"product_tag":[],"class_list":{"0":"post-5822","1":"product","2":"type-product","3":"status-publish","4":"has-post-thumbnail","6":"product_cat-calderas","8":"first","9":"instock","10":"taxable","11":"shipping-taxable","12":"product-type-external","13":"add-to-wishlist-before_image","14":"entry","15":"content-bg","16":"loop-entry"},"taxonomy_info":{"product_cat":[{"value":256,"label":"Calderas"}]},"featured_image_src_large":["https:\/\/tienda.pujolclima.com\/wp-content\/uploads\/2024\/11\/thema-condens-557810-format-flex-height-770x1024.png",770,1024,true],"author_info":[],"comment_info":0,"_links":{"self":[{"href":"https:\/\/tienda.pujolclima.com\/ca\/wp-json\/wp\/v2\/product\/5822","targetHints":{"allow":["GET"]}}],"collection":[{"href":"https:\/\/tienda.pujolclima.com\/ca\/wp-json\/wp\/v2\/product"}],"about":[{"href":"https:\/\/tienda.pujolclima.com\/ca\/wp-json\/wp\/v2\/types\/product"}],"replies":[{"embeddable":true,"href":"https:\/\/tienda.pujolclima.com\/ca\/wp-json\/wp\/v2\/comments?post=5822"}],"wp:featuredmedia":[{"embeddable":true,"href":"https:\/\/tienda.pujolclima.com\/ca\/wp-json\/wp\/v2\/media\/5823"}],"wp:attachment":[{"href":"https:\/\/tienda.pujolclima.com\/ca\/wp-json\/wp\/v2\/media?parent=5822"}],"wp:term":[{"taxonomy":"product_brand","embeddable":true,"href":"https:\/\/tienda.pujolclima.com\/ca\/wp-json\/wp\/v2\/product_brand?post=5822"},{"taxonomy":"product_cat","embeddable":true,"href":"https:\/\/tienda.pujolclima.com\/ca\/wp-json\/wp\/v2\/product_cat?post=5822"},{"taxonomy":"product_tag","embeddable":true,"href":"https:\/\/tienda.pujolclima.com\/ca\/wp-json\/wp\/v2\/product_tag?post=5822"}],"curies":[{"name":"wp","href":"https:\/\/api.w.org\/{rel}","templated":true}]}}