{"id":5819,"date":"2024-11-19T09:54:35","date_gmt":"2024-11-19T08:54:35","guid":{"rendered":"https:\/\/tienda.pujolclima.com\/?post_type=product&#038;p=5819"},"modified":"2026-03-24T19:02:12","modified_gmt":"2026-03-24T18:02:12","slug":"thelia-condens-25","status":"publish","type":"product","link":"https:\/\/tienda.pujolclima.com\/ca\/producte\/thelia-condens-25\/","title":{"rendered":"Saunier Duval Thelia Condens 25"},"content":{"rendered":"<p>La Thelia Condens 25 \u00e9s una caldera de condensaci\u00f3 de gas natural, dissenyada per a calefacci\u00f3 i aigua calenta sanit\u00e0ria (ACS). A continuaci\u00f3, se&#039;n presenten les caracter\u00edstiques m\u00e9s rellevants:<\/p>\n<p>Pot\u00e8ncia Calefacci\u00f3\/Acs: 19,1 kW \/ 25,2 kW<br \/>\nClasse d&#039;Efici\u00e8ncia Energ\u00e8tica: A en calefacci\u00f3 i ACS<br \/>\nTecnologia de Condensaci\u00f3: Alta efici\u00e8ncia i m\u00e0xim rendiment energ\u00e8tic<br \/>\nInterchangeador d&#039;Alumini amb Aliatge de Silici: Nou disseny que garanteix una gran compacitat i facilitat d&#039;\u00fas<br \/>\nDisplay Intu\u00eftiu: Amb alt contrast i maneig r\u00e0pid i senzill<br \/>\nTemps d&#039;instal\u00b7laci\u00f3 i manteniment M\u00ednims: Dissenyada per reduir al m\u00ednim el temps d&#039;instal\u00b7laci\u00f3 i manteniment<br \/>\nComponents de Qualitat: Alta fiabilitat i durabilitat<br \/>\neBUS i Autodiagn\u00f2stic: Sempre actualitzada ia punt<br \/>\nConvertible a Gas Butano: Opci\u00f3 disponible per adaptaci\u00f3 a diferents tipus de combustible<br \/>\nCaracter\u00edstiques Addicionals<br \/>\nCapacitat: Fins a 120 metres quadrats<br \/>\nGarantia: 2 anys amb cobertura t\u00e8cnica i comercial<br \/>\nMarca: Saunier Duval, una empresa consolidada amb anys d&#039;experi\u00e8ncia al mercat<\/p>","protected":false},"excerpt":{"rendered":"<p>La Thelia Condens 25 es una caldera de condensaci\u00f3n de gas natural, dise\u00f1ada para calefacci\u00f3n y agua caliente sanitaria (ACS). A continuaci\u00f3n, se presentan sus caracter\u00edsticas m\u00e1s relevantes: Potencia Calefacci\u00f3n\/Acs: 19,1 kW \/ 25,2 kW Clase de Eficiencia Energ\u00e9tica: A en calefacci\u00f3n y ACS Tecnolog\u00eda de Condensaci\u00f3n: Alta eficiencia y m\u00e1ximo rendimiento energ\u00e9tico Interchangeador de&#8230;<\/p>","protected":false},"featured_media":5820,"comment_status":"open","ping_status":"closed","template":"","meta":{"_kad_blocks_custom_css":"","_kad_blocks_head_custom_js":"","_kad_blocks_body_custom_js":"","_kad_blocks_footer_custom_js":"","_kad_post_transparent":"default","_kad_post_title":"","_kad_post_layout":"default","_kad_post_sidebar_id":"","_kad_post_content_style":"default","_kad_post_vertical_padding":"default","_kad_post_feature":"","_kad_post_feature_position":"","_kad_post_header":false,"_kad_post_footer":false,"_joinchat":[]},"product_brand":[],"product_cat":[256,251],"product_tag":[],"class_list":{"0":"post-5819","1":"product","2":"type-product","3":"status-publish","4":"has-post-thumbnail","6":"product_cat-calderas","7":"product_cat-calefaccion-acs","9":"first","10":"instock","11":"taxable","12":"shipping-taxable","13":"product-type-external","14":"add-to-wishlist-before_image","15":"entry","16":"content-bg","17":"loop-entry"},"taxonomy_info":{"product_cat":[{"value":256,"label":"Calderas"},{"value":251,"label":"Calefacci\u00f3n \/ ACS"}]},"featured_image_src_large":["https:\/\/tienda.pujolclima.com\/wp-content\/uploads\/2024\/11\/raw.webp",500,500,false],"author_info":[],"comment_info":0,"_links":{"self":[{"href":"https:\/\/tienda.pujolclima.com\/ca\/wp-json\/wp\/v2\/product\/5819","targetHints":{"allow":["GET"]}}],"collection":[{"href":"https:\/\/tienda.pujolclima.com\/ca\/wp-json\/wp\/v2\/product"}],"about":[{"href":"https:\/\/tienda.pujolclima.com\/ca\/wp-json\/wp\/v2\/types\/product"}],"replies":[{"embeddable":true,"href":"https:\/\/tienda.pujolclima.com\/ca\/wp-json\/wp\/v2\/comments?post=5819"}],"wp:featuredmedia":[{"embeddable":true,"href":"https:\/\/tienda.pujolclima.com\/ca\/wp-json\/wp\/v2\/media\/5820"}],"wp:attachment":[{"href":"https:\/\/tienda.pujolclima.com\/ca\/wp-json\/wp\/v2\/media?parent=5819"}],"wp:term":[{"taxonomy":"product_brand","embeddable":true,"href":"https:\/\/tienda.pujolclima.com\/ca\/wp-json\/wp\/v2\/product_brand?post=5819"},{"taxonomy":"product_cat","embeddable":true,"href":"https:\/\/tienda.pujolclima.com\/ca\/wp-json\/wp\/v2\/product_cat?post=5819"},{"taxonomy":"product_tag","embeddable":true,"href":"https:\/\/tienda.pujolclima.com\/ca\/wp-json\/wp\/v2\/product_tag?post=5819"}],"curies":[{"name":"wp","href":"https:\/\/api.w.org\/{rel}","templated":true}]}}