{"id":5809,"date":"2024-11-19T09:23:16","date_gmt":"2024-11-19T08:23:16","guid":{"rendered":"https:\/\/tienda.pujolclima.com\/?post_type=product&#038;p=5809"},"modified":"2026-03-24T19:03:27","modified_gmt":"2026-03-24T18:03:27","slug":"baxi-neodens-plus-24-24","status":"publish","type":"product","link":"https:\/\/tienda.pujolclima.com\/ca\/producte\/baxi-neodens-plus-24-24\/","title":{"rendered":"Caldera Baxi Neodens Plus Eco 24\/24"},"content":{"rendered":"<p>La caldera Baxi Neodens Plus Eco 24\/24 F Ress\u00f2 \u00e9s una caldera de condensaci\u00f3 mixta per a aigua calenta sanit\u00e0ria (ACS) i calefacci\u00f3, amb una pot\u00e8ncia de 20 kW en calefacci\u00f3 i 24 kW en ACS. A continuaci\u00f3, se&#039;n presenten les caracter\u00edstiques m\u00e9s rellevants:<\/p>\n<p>Sistema de recuperaci\u00f3 denergia: Permet aprofitar al m\u00e0xim el combustible i reduir les emissions de CO2.<br \/>\nGas natural: Compatible amb gas natural i prop\u00e0.<br \/>\nPot\u00e8ncia: 20 kW en calefacci\u00f3 i 24 kW a ACS.<br \/>\nClassificaci\u00f3 energ\u00e8tica: A+ en calefacci\u00f3 i A+++ a ACS, segons la normativa europea ErP.<br \/>\nFunci\u00f3 de control continuat de la combusti\u00f3: Ajusta el funcionament al tipus de gas consumit, cosa que incrementa l&#039;efici\u00e8ncia de l&#039;equip.<br \/>\nPurgat autom\u00e0tic: Facilita el manteniment i l&#039;ajust de la instal\u00b7laci\u00f3.<br \/>\nQuadre de control: Permet gestionar m\u00faltiples zones de baixa o alta temperatura controlades per term\u00f2stats modulants opcionals.<br \/>\nTecnologia Gas Inverter: Assegura un nivell m\u00e9s alt de confort, un funcionament m\u00e9s silenci\u00f3s i una vida \u00fatil m\u00e9s llarga de l&#039;aparell.<br \/>\nDimensions: 700 x 400 x 299 mm.<br \/>\nPes: 33 kg.<br \/>\nGarantia: 3 anys a la instal\u00b7laci\u00f3 i 3 anys a l&#039;equip.<br \/>\nLa caldera Baxi Neodens Plus 24\/24 F Ress\u00f2 \u00e9s una opci\u00f3 eficient i c\u00f2moda per satisfer les necessitats de calefacci\u00f3 i aigua calenta sanit\u00e0ria en habitatges i edificis.<\/p>","protected":false},"excerpt":{"rendered":"<p>La caldera Baxi Neodens Plus Eco 24\/24 F Eco es una caldera de condensaci\u00f3n mixta para agua caliente sanitaria (ACS) y calefacci\u00f3n, con una potencia de 20 kW en calefacci\u00f3n y 24 kW en ACS. A continuaci\u00f3n, se presentan sus caracter\u00edsticas m\u00e1s relevantes: Sistema de recuperaci\u00f3n de energ\u00eda: Permite aprovechar al m\u00e1ximo el combustible y&#8230;<\/p>","protected":false},"featured_media":5826,"comment_status":"open","ping_status":"closed","template":"","meta":{"_kad_blocks_custom_css":"","_kad_blocks_head_custom_js":"","_kad_blocks_body_custom_js":"","_kad_blocks_footer_custom_js":"","_kad_post_transparent":"default","_kad_post_title":"","_kad_post_layout":"default","_kad_post_sidebar_id":"","_kad_post_content_style":"default","_kad_post_vertical_padding":"default","_kad_post_feature":"","_kad_post_feature_position":"","_kad_post_header":false,"_kad_post_footer":false,"_joinchat":[]},"product_brand":[],"product_cat":[256,251],"product_tag":[],"class_list":{"0":"post-5809","1":"product","2":"type-product","3":"status-publish","4":"has-post-thumbnail","6":"product_cat-calderas","7":"product_cat-calefaccion-acs","9":"first","10":"instock","11":"taxable","12":"shipping-taxable","13":"product-type-external","14":"add-to-wishlist-before_image","15":"entry","16":"content-bg","17":"loop-entry"},"taxonomy_info":{"product_cat":[{"value":256,"label":"Calderas"},{"value":251,"label":"Calefacci\u00f3n \/ ACS"}]},"featured_image_src_large":["https:\/\/tienda.pujolclima.com\/wp-content\/uploads\/2024\/11\/Caldera-Baxi-Neodens-Plus-Eco-24-24-F-precio.webp",500,500,false],"author_info":[],"comment_info":0,"_links":{"self":[{"href":"https:\/\/tienda.pujolclima.com\/ca\/wp-json\/wp\/v2\/product\/5809","targetHints":{"allow":["GET"]}}],"collection":[{"href":"https:\/\/tienda.pujolclima.com\/ca\/wp-json\/wp\/v2\/product"}],"about":[{"href":"https:\/\/tienda.pujolclima.com\/ca\/wp-json\/wp\/v2\/types\/product"}],"replies":[{"embeddable":true,"href":"https:\/\/tienda.pujolclima.com\/ca\/wp-json\/wp\/v2\/comments?post=5809"}],"wp:featuredmedia":[{"embeddable":true,"href":"https:\/\/tienda.pujolclima.com\/ca\/wp-json\/wp\/v2\/media\/5826"}],"wp:attachment":[{"href":"https:\/\/tienda.pujolclima.com\/ca\/wp-json\/wp\/v2\/media?parent=5809"}],"wp:term":[{"taxonomy":"product_brand","embeddable":true,"href":"https:\/\/tienda.pujolclima.com\/ca\/wp-json\/wp\/v2\/product_brand?post=5809"},{"taxonomy":"product_cat","embeddable":true,"href":"https:\/\/tienda.pujolclima.com\/ca\/wp-json\/wp\/v2\/product_cat?post=5809"},{"taxonomy":"product_tag","embeddable":true,"href":"https:\/\/tienda.pujolclima.com\/ca\/wp-json\/wp\/v2\/product_tag?post=5809"}],"curies":[{"name":"wp","href":"https:\/\/api.w.org\/{rel}","templated":true}]}}