{"id":5805,"date":"2024-11-18T16:35:12","date_gmt":"2024-11-18T15:35:12","guid":{"rendered":"https:\/\/tienda.pujolclima.com\/?post_type=product&#038;p=5805"},"modified":"2026-03-24T19:04:05","modified_gmt":"2026-03-24T18:04:05","slug":"baxi-neodens-lite-24-24f","status":"publish","type":"product","link":"https:\/\/tienda.pujolclima.com\/ca\/producte\/baxi-neodens-lite-24-24f\/","title":{"rendered":"Caldera Baxi Neodens Lite 24\/24F"},"content":{"rendered":"<p>Baxi Neodens Lite 24\/24F<br \/>\nLa caldera Baxi Neodens Lite 24\/24F \u00e9s una soluci\u00f3 de calefacci\u00f3 i aigua calenta sanit\u00e0ria (ACS) de condensaci\u00f3, dissenyada per oferir un m\u00e0xim estalvi energ\u00e8tic i confort a la llar. A continuaci\u00f3, se&#039;n presenten les caracter\u00edstiques clau:<\/p>\n<p>Pot\u00e8ncia: 20 kW en calefacci\u00f3 i 24 kW a ACS<br \/>\nDimensions: Extracompactes, ideals per instal\u00b7lar en mobles de cuina<br \/>\nEfici\u00e8ncia: Classe A en calefacci\u00f3 i A\/XL a ACS, segons l&#039;etiqueta energ\u00e8tica<br \/>\nProducci\u00f3 d&#039;ACS: 13,8 litres\/min a 25\u00b0C<br \/>\nControl: Digital amb pantalla LCD<br \/>\nKit sortida de gasos: Inclou colze 90 \u00ba i 1 tram amb deflector de 80 cm<br \/>\nGarantia: 3 anys<br \/>\nEnviament: Gratu\u00eft<br \/>\nManual d&#039;usuari: Incl\u00f2s<br \/>\nEntre els seus avantatges destaquen:<\/p>\n<p>Alt rendiment i efici\u00e8ncia energ\u00e8tica<br \/>\nDisseny ultracompacte i f\u00e0cil d&#039;instal\u00b7lar<br \/>\nControl digital amb pantalla LCD per a un \u00fas intu\u00eftiu<br \/>\nProducci\u00f3 d&#039;ACS instant\u00e0nia i alta capacitat<br \/>\nAprofitament de la tecnologia de condensaci\u00f3 per reduir emissions contaminants<br \/>\nEn resum, la caldera Baxi Neodens Lite 24\/24F \u00e9s una excel\u00b7lent opci\u00f3 per a aquells que busquen una soluci\u00f3 de calefacci\u00f3 i ACS eficient, c\u00f2moda i f\u00e0cil d&#039;usar a casa.<\/p>","protected":false},"excerpt":{"rendered":"<p>Baxi Neodens Lite 24\/24F La caldera Baxi Neodens Lite 24\/24F es una soluci\u00f3n de calefacci\u00f3n y agua caliente sanitaria (ACS) de condensaci\u00f3n, dise\u00f1ada para ofrecer un m\u00e1ximo ahorro energ\u00e9tico y confort en el hogar. A continuaci\u00f3n, se presentan sus caracter\u00edsticas clave: Potencia: 20 kW en calefacci\u00f3n y 24 kW en ACS Dimensiones: Extracompactas, ideales para&#8230;<\/p>","protected":false},"featured_media":5824,"comment_status":"open","ping_status":"closed","template":"","meta":{"_kad_blocks_custom_css":"","_kad_blocks_head_custom_js":"","_kad_blocks_body_custom_js":"","_kad_blocks_footer_custom_js":"","_kad_post_transparent":"default","_kad_post_title":"","_kad_post_layout":"default","_kad_post_sidebar_id":"","_kad_post_content_style":"default","_kad_post_vertical_padding":"default","_kad_post_feature":"","_kad_post_feature_position":"","_kad_post_header":false,"_kad_post_footer":false,"_joinchat":[]},"product_brand":[],"product_cat":[256,251],"product_tag":[],"class_list":{"0":"post-5805","1":"product","2":"type-product","3":"status-publish","4":"has-post-thumbnail","6":"product_cat-calderas","7":"product_cat-calefaccion-acs","9":"first","10":"instock","11":"taxable","12":"shipping-taxable","13":"product-type-external","14":"add-to-wishlist-before_image","15":"entry","16":"content-bg","17":"loop-entry"},"taxonomy_info":{"product_cat":[{"value":256,"label":"Calderas"},{"value":251,"label":"Calefacci\u00f3n \/ ACS"}]},"featured_image_src_large":["https:\/\/tienda.pujolclima.com\/wp-content\/uploads\/2024\/11\/Neodens-Lite-CTApng.webp",500,405,false],"author_info":[],"comment_info":0,"_links":{"self":[{"href":"https:\/\/tienda.pujolclima.com\/ca\/wp-json\/wp\/v2\/product\/5805","targetHints":{"allow":["GET"]}}],"collection":[{"href":"https:\/\/tienda.pujolclima.com\/ca\/wp-json\/wp\/v2\/product"}],"about":[{"href":"https:\/\/tienda.pujolclima.com\/ca\/wp-json\/wp\/v2\/types\/product"}],"replies":[{"embeddable":true,"href":"https:\/\/tienda.pujolclima.com\/ca\/wp-json\/wp\/v2\/comments?post=5805"}],"wp:featuredmedia":[{"embeddable":true,"href":"https:\/\/tienda.pujolclima.com\/ca\/wp-json\/wp\/v2\/media\/5824"}],"wp:attachment":[{"href":"https:\/\/tienda.pujolclima.com\/ca\/wp-json\/wp\/v2\/media?parent=5805"}],"wp:term":[{"taxonomy":"product_brand","embeddable":true,"href":"https:\/\/tienda.pujolclima.com\/ca\/wp-json\/wp\/v2\/product_brand?post=5805"},{"taxonomy":"product_cat","embeddable":true,"href":"https:\/\/tienda.pujolclima.com\/ca\/wp-json\/wp\/v2\/product_cat?post=5805"},{"taxonomy":"product_tag","embeddable":true,"href":"https:\/\/tienda.pujolclima.com\/ca\/wp-json\/wp\/v2\/product_tag?post=5805"}],"curies":[{"name":"wp","href":"https:\/\/api.w.org\/{rel}","templated":true}]}}