{"id":5748,"date":"2024-09-30T09:47:39","date_gmt":"2024-09-30T07:47:39","guid":{"rendered":"https:\/\/tienda.pujolclima.com\/?post_type=product&#038;p=5748"},"modified":"2026-03-24T19:05:59","modified_gmt":"2026-03-24T18:05:59","slug":"jhonson-tv-50-j50qe","status":"publish","type":"product","link":"https:\/\/tienda.pujolclima.com\/ca\/producte\/jhonson-tv-50-j50qe\/","title":{"rendered":"JHONSON 50\u2033 TV-50 J50QE"},"content":{"rendered":"<p>Smart TV amb sistema Android V11<br \/>\nLongitud diagonal 50\u201d 126 cm<br \/>\nPantalla QLED HDR10+<br \/>\nResoluci\u00f3 4K Ultra HD 3840\u00d72160<br \/>\nProcessador QuadCore<br \/>\nSintonitzador digital i sat\u00e8l\u00b7lit: DVB-T2\/C\/S2(HEVC H.265)<br \/>\nTaxa de refresc: 50Hz<br \/>\nVESA: 200\u00d7200<br \/>\nDimensions amb peu (cm) \u2013 An: 112 x Al: 70,4 x Fon: 23,5<br \/>\nDimensions sense peu (cm) \u2013 An: 112 x Al: 64,8 x Fon: 6,6<br \/>\nConsum: 54 kWh\/1000h \u2013 Consum HDR: 101 kWh\/1000h<br \/>\nClasse energ\u00e8tica: E \u2013 Classe energ\u00e8tica HDR: G<\/p>","protected":false},"excerpt":{"rendered":"<p>Smart TV amb sistema Android V11 Longitud diagonal 50\u201d 126 cm Pantalla QLED HDR10+ Resoluci\u00f3 4K Ultra HD 3840\u00d72160 Processador QuadCore Sintonitzador digital i sat\u00e8l\u00b7lit: DVB-T2\/C\/S2 (HEVC H.265) Taxa de refresc: 50 \u00d7200 Dimensions amb peu (cm) \u2013 An: 112 x Al: 70,4 x Fon: 23,5 Dimensions sense peu (cm) \u2013 An: 112 x Al:\u2026<\/p>","protected":false},"featured_media":5763,"comment_status":"open","ping_status":"closed","template":"","meta":{"_kad_blocks_custom_css":"","_kad_blocks_head_custom_js":"","_kad_blocks_body_custom_js":"","_kad_blocks_footer_custom_js":"","_kad_post_transparent":"default","_kad_post_title":"","_kad_post_layout":"default","_kad_post_sidebar_id":"","_kad_post_content_style":"default","_kad_post_vertical_padding":"default","_kad_post_feature":"","_kad_post_feature_position":"","_kad_post_header":false,"_kad_post_footer":false,"_joinchat":[]},"product_brand":[],"product_cat":[266,239],"product_tag":[],"class_list":{"0":"post-5748","1":"product","2":"type-product","3":"status-publish","4":"has-post-thumbnail","6":"product_cat-televisores","7":"product_cat-electrodomesticos-television","9":"first","10":"instock","11":"taxable","12":"shipping-taxable","13":"product-type-external","14":"add-to-wishlist-before_image","15":"entry","16":"content-bg","17":"loop-entry"},"taxonomy_info":{"product_cat":[{"value":266,"label":"Televisores"},{"value":239,"label":"Electrodom\u00e9sticos"}]},"featured_image_src_large":["https:\/\/tienda.pujolclima.com\/wp-content\/uploads\/2024\/09\/pixelcut-export-792x1024.jpeg",792,1024,true],"author_info":[],"comment_info":0,"_links":{"self":[{"href":"https:\/\/tienda.pujolclima.com\/ca\/wp-json\/wp\/v2\/product\/5748","targetHints":{"allow":["GET"]}}],"collection":[{"href":"https:\/\/tienda.pujolclima.com\/ca\/wp-json\/wp\/v2\/product"}],"about":[{"href":"https:\/\/tienda.pujolclima.com\/ca\/wp-json\/wp\/v2\/types\/product"}],"replies":[{"embeddable":true,"href":"https:\/\/tienda.pujolclima.com\/ca\/wp-json\/wp\/v2\/comments?post=5748"}],"wp:featuredmedia":[{"embeddable":true,"href":"https:\/\/tienda.pujolclima.com\/ca\/wp-json\/wp\/v2\/media\/5763"}],"wp:attachment":[{"href":"https:\/\/tienda.pujolclima.com\/ca\/wp-json\/wp\/v2\/media?parent=5748"}],"wp:term":[{"taxonomy":"product_brand","embeddable":true,"href":"https:\/\/tienda.pujolclima.com\/ca\/wp-json\/wp\/v2\/product_brand?post=5748"},{"taxonomy":"product_cat","embeddable":true,"href":"https:\/\/tienda.pujolclima.com\/ca\/wp-json\/wp\/v2\/product_cat?post=5748"},{"taxonomy":"product_tag","embeddable":true,"href":"https:\/\/tienda.pujolclima.com\/ca\/wp-json\/wp\/v2\/product_tag?post=5748"}],"curies":[{"name":"wp","href":"https:\/\/api.w.org\/{rel}","templated":true}]}}