{"id":5745,"date":"2024-09-30T09:46:11","date_gmt":"2024-09-30T07:46:11","guid":{"rendered":"https:\/\/tienda.pujolclima.com\/?post_type=product&#038;p=5745"},"modified":"2026-03-24T19:06:42","modified_gmt":"2026-03-24T18:06:42","slug":"jhonson-tv-40-j40fh","status":"publish","type":"product","link":"https:\/\/tienda.pujolclima.com\/ca\/producte\/jhonson-tv-40-j40fh\/","title":{"rendered":"JHONSON 40\u2033 TV-40 J40FH"},"content":{"rendered":"<p>Model: J40FH<br \/>\nS\u00e8rie P\u00falsar<\/p>\n<p><a title=\"TELEVISORS\" href=\"https:\/\/electrodomesticos.climasystems.es\/categoria-producto\/televisores\/\" rel=\"dofollow\">TV<\/a>\u00a0FULL HD\u00a0<a title=\"JOHNSON\" href=\"https:\/\/ponjohnsonentuvida.es\/36-televisores\" target=\"_blank\" rel=\"nofollow noopener\">JOHNSON<\/a>\u00a0J40FH 40\u2033<br \/>\nMiracast Envia contingut a la teva TV des del teu m\u00f2bil, tablet o pc<br \/>\nControla el teu televisor amb l&#039;assistent de Google o Alexa<br \/>\nConnexi\u00f3 Wi-Fi incorporada<br \/>\nTecnologia HDR10<br \/>\nGaudeix del millor so amb els c\u00f2decs Dolby Digital Plus i Ger (D) + Nicam Stereo<br \/>\nAcc\u00e9s directe a Netflix, Prime Video, Youtube i Google Play<br \/>\nHbbTV<br \/>\nSintonitzador digital DVB-T2\/C\/S2(HEVC H.265)<br \/>\nMode Hotel<br \/>\nSmart TV amb sistema Linux<br \/>\nLongitud diagonal 40\u2033 100 cm<br \/>\nColor carcassa negre<br \/>\nPantalla DLED HDR10<br \/>\nResoluci\u00f3 Full HD 1.920\u00d71.080<br \/>\nProcessador QuadCore<br \/>\nSintonitzador digital DVB-T2\/C\/S2(HEVC H.265)<br \/>\nTaxa de refresc 50Hz<br \/>\nVESA 100\u00d7100<br \/>\nDimensions amb peu (cm) \u2013 Ample 90,9 x Alt 57,6 x Fons 23,4<br \/>\nDimensions sense peu (cm) \u2013 Ample 90,9 x Alt 52,2 x Fons 8,4<br \/>\nPes net 6,75 Kg<br \/>\nPes brut 8,75 Kg<\/p>","protected":false},"excerpt":{"rendered":"<p>Model: J40FH S\u00e8rie P\u00falsar TV FULL HD JOHNSON J40FH 40\u2033 Miracast Envia contingut a la teva TV des del teu m\u00f2bil, tablet o pc Controla el teu televisor amb l&#039;Assistent de Google o Alexa Connexi\u00f3 Wi-Fi incorporada Tecnologia HDR10 Gaudeix del millor so amb els c\u00f2decs Dolby Digital Plus i Ger (D) + Nicam Stereo Acc\u00e9s directe a Netflix, Prime\u2026<\/p>","protected":false},"featured_media":5746,"comment_status":"open","ping_status":"closed","template":"","meta":{"_kad_blocks_custom_css":"","_kad_blocks_head_custom_js":"","_kad_blocks_body_custom_js":"","_kad_blocks_footer_custom_js":"","_kad_post_transparent":"default","_kad_post_title":"","_kad_post_layout":"default","_kad_post_sidebar_id":"","_kad_post_content_style":"default","_kad_post_vertical_padding":"default","_kad_post_feature":"","_kad_post_feature_position":"","_kad_post_header":false,"_kad_post_footer":false,"_joinchat":[]},"product_brand":[],"product_cat":[266,239],"product_tag":[],"class_list":{"0":"post-5745","1":"product","2":"type-product","3":"status-publish","4":"has-post-thumbnail","6":"product_cat-televisores","7":"product_cat-electrodomesticos-television","9":"first","10":"instock","11":"taxable","12":"shipping-taxable","13":"product-type-external","14":"add-to-wishlist-before_image","15":"entry","16":"content-bg","17":"loop-entry"},"taxonomy_info":{"product_cat":[{"value":266,"label":"Televisores"},{"value":239,"label":"Electrodom\u00e9sticos"}]},"featured_image_src_large":["https:\/\/tienda.pujolclima.com\/wp-content\/uploads\/2024\/09\/linux-tv-40-full-hd-negra.jpg",1000,1000,false],"author_info":[],"comment_info":0,"_links":{"self":[{"href":"https:\/\/tienda.pujolclima.com\/ca\/wp-json\/wp\/v2\/product\/5745","targetHints":{"allow":["GET"]}}],"collection":[{"href":"https:\/\/tienda.pujolclima.com\/ca\/wp-json\/wp\/v2\/product"}],"about":[{"href":"https:\/\/tienda.pujolclima.com\/ca\/wp-json\/wp\/v2\/types\/product"}],"replies":[{"embeddable":true,"href":"https:\/\/tienda.pujolclima.com\/ca\/wp-json\/wp\/v2\/comments?post=5745"}],"wp:featuredmedia":[{"embeddable":true,"href":"https:\/\/tienda.pujolclima.com\/ca\/wp-json\/wp\/v2\/media\/5746"}],"wp:attachment":[{"href":"https:\/\/tienda.pujolclima.com\/ca\/wp-json\/wp\/v2\/media?parent=5745"}],"wp:term":[{"taxonomy":"product_brand","embeddable":true,"href":"https:\/\/tienda.pujolclima.com\/ca\/wp-json\/wp\/v2\/product_brand?post=5745"},{"taxonomy":"product_cat","embeddable":true,"href":"https:\/\/tienda.pujolclima.com\/ca\/wp-json\/wp\/v2\/product_cat?post=5745"},{"taxonomy":"product_tag","embeddable":true,"href":"https:\/\/tienda.pujolclima.com\/ca\/wp-json\/wp\/v2\/product_tag?post=5745"}],"curies":[{"name":"wp","href":"https:\/\/api.w.org\/{rel}","templated":true}]}}