{"id":5744,"date":"2024-09-30T09:28:14","date_gmt":"2024-09-30T07:28:14","guid":{"rendered":"https:\/\/tienda.pujolclima.com\/?post_type=product&#038;p=5744"},"modified":"2026-03-24T19:07:21","modified_gmt":"2026-03-24T18:07:21","slug":"johnson-jdm105v3k","status":"publish","type":"product","link":"https:\/\/tienda.pujolclima.com\/ca\/producte\/johnson-jdm105v3k\/","title":{"rendered":"Aire Condicionat JHONSON JDM105V3K"},"content":{"rendered":"<h3>Tecnologia Johnson<\/h3>\n<p>L&#039;\u00faltima tecnologia Johnson cont\u00e9 incorporada la tecnologia de control constant del volum de l&#039;aire, cosa que permet que l&#039;aire que climatitza cada estan\u00e7a sigui l&#039;\u00f2ptim segons la necessitat de cada moment.<\/p>\n<h4>Ventilador millorat<\/h4>\n<p>Gr\u00e0cies al seu ventilador exc\u00e8ntric permet un rendiment excel\u00b7lent, que repercuteix de forma eficient quan el flux d&#039;aire a la sortida es refereix. A m\u00e9s, poden ser instal\u00b7lades en una pressi\u00f3 est\u00e0tica de fins a 160 Pa.<\/p>\n<h4>Facilitat en la instal\u00b7laci\u00f3<\/h4>\n<p>Els nous conductes Johnson, contenen un disseny m\u00e9s fi pel que permet ser instal\u00b7lat en espais m\u00e9s redu\u00efts, per la qual cosa es pot adaptar a diferents tipus d&#039;habitatges o llocs comercials i amb una preinstal\u00b7laci\u00f3 que passar\u00e0 desapercebuda, sense adonar-se&#039;n de la pres\u00e8ncia .<\/p>\n<h4>Senzillesa en el disseny<\/h4>\n<p>La s\u00e8rie de conductes Johnson JDM, han estat fabricats per donar diferents solucions pel que fa a manteniment, gr\u00e0cies a una zona m\u00e9s \u00e0mplia a la part lateral que permet tenir un millor manteniment. A m\u00e9s, Johnson JDM105V3K Aire Condicionat Conductes cont\u00e9 unes filtres amb una gran adaptabilitat per poder retirar-los de manera que la retirada de la pols sol ser m\u00e9s senzilla.<\/p>\n<h4>Wi-Fi incl\u00f2s<\/h4>\n<p>La nova s\u00e8rie JDM105V3K, inclou Wi-Fi i gr\u00e0cies a l&#039;APP Nethorme Plus, podr\u00e0s controlar el funcionament del teu aire condicionat per conductes, a trav\u00e9s de qualsevol smartphone o tablet<\/p>\n<h4>Qualitat Johnson<\/h4>\n<p>L&#039;\u00e0mplia gamma de productes Johnson cont\u00e9 a les seves unitats exteriors, un material per evitar la corrosi\u00f3, a m\u00e9s permet augmentar l&#039;efici\u00e8ncia energ\u00e8tica del producte<\/p>","protected":false},"excerpt":{"rendered":"<p>Tecnologia Johnson L&#039;\u00faltima tecnologia Johnson cont\u00e9 incorporada la tecnologia de control constant del volum de l&#039;aire, cosa que permet que l&#039;aire que climatitza cada estan\u00e7a sigui l&#039;\u00f2ptim segons la necessitat de cada moment. Ventilador millorat Gr\u00e0cies al seu ventilador exc\u00e8ntric permet un rendiment excel\u00b7lent, que repercuteix de forma eficient pel que fa al\u2026<\/p>","protected":false},"featured_media":5742,"comment_status":"open","ping_status":"closed","template":"","meta":{"_kad_blocks_custom_css":"","_kad_blocks_head_custom_js":"","_kad_blocks_body_custom_js":"","_kad_blocks_footer_custom_js":"","_kad_post_transparent":"default","_kad_post_title":"","_kad_post_layout":"default","_kad_post_sidebar_id":"","_kad_post_content_style":"default","_kad_post_vertical_padding":"default","_kad_post_feature":"","_kad_post_feature_position":"","_kad_post_header":false,"_kad_post_footer":false,"_joinchat":[]},"product_brand":[],"product_cat":[243],"product_tag":[],"class_list":{"0":"post-5744","1":"product","2":"type-product","3":"status-publish","4":"has-post-thumbnail","6":"product_cat-conductos","8":"first","9":"instock","10":"taxable","11":"shipping-taxable","12":"product-type-external","13":"add-to-wishlist-before_image","14":"entry","15":"content-bg","16":"loop-entry"},"taxonomy_info":{"product_cat":[{"value":243,"label":"Conductos"}]},"featured_image_src_large":["https:\/\/tienda.pujolclima.com\/wp-content\/uploads\/2024\/09\/johnson-jdm71vk-aire-acondicionado-conductos-r32.png",500,500,false],"author_info":[],"comment_info":0,"_links":{"self":[{"href":"https:\/\/tienda.pujolclima.com\/ca\/wp-json\/wp\/v2\/product\/5744","targetHints":{"allow":["GET"]}}],"collection":[{"href":"https:\/\/tienda.pujolclima.com\/ca\/wp-json\/wp\/v2\/product"}],"about":[{"href":"https:\/\/tienda.pujolclima.com\/ca\/wp-json\/wp\/v2\/types\/product"}],"replies":[{"embeddable":true,"href":"https:\/\/tienda.pujolclima.com\/ca\/wp-json\/wp\/v2\/comments?post=5744"}],"wp:featuredmedia":[{"embeddable":true,"href":"https:\/\/tienda.pujolclima.com\/ca\/wp-json\/wp\/v2\/media\/5742"}],"wp:attachment":[{"href":"https:\/\/tienda.pujolclima.com\/ca\/wp-json\/wp\/v2\/media?parent=5744"}],"wp:term":[{"taxonomy":"product_brand","embeddable":true,"href":"https:\/\/tienda.pujolclima.com\/ca\/wp-json\/wp\/v2\/product_brand?post=5744"},{"taxonomy":"product_cat","embeddable":true,"href":"https:\/\/tienda.pujolclima.com\/ca\/wp-json\/wp\/v2\/product_cat?post=5744"},{"taxonomy":"product_tag","embeddable":true,"href":"https:\/\/tienda.pujolclima.com\/ca\/wp-json\/wp\/v2\/product_tag?post=5744"}],"curies":[{"name":"wp","href":"https:\/\/api.w.org\/{rel}","templated":true}]}}