{"id":5743,"date":"2024-09-30T09:27:22","date_gmt":"2024-09-30T07:27:22","guid":{"rendered":"https:\/\/tienda.pujolclima.com\/?post_type=product&#038;p=5743"},"modified":"2026-03-24T19:07:54","modified_gmt":"2026-03-24T18:07:54","slug":"johnson-jdm90v3k","status":"publish","type":"product","link":"https:\/\/tienda.pujolclima.com\/ca\/producte\/johnson-jdm90v3k\/","title":{"rendered":"Aire Condicionat JHONSON JDM90V3K"},"content":{"rendered":"<h2>Caracter\u00edstiques t\u00e8cniques<\/h2>\n<p>Amb aquest aire condicionat, Johnson ha volgut oferir el millor servei sense renunciar a la cura del medi ambient. Aquestes s\u00f3n les principals caracter\u00edstiques t\u00e8cniques a tenir en compte:<\/p>\n<ul>\n<li><strong>Consum en fred:<\/strong>\u00a02.8 kW<\/li>\n<li><strong>Consum en calent:<\/strong>\u00a02.4 kW<\/li>\n<li><strong>Frigories:<\/strong>\u00a07565<\/li>\n<li><strong>Grand\u00e0ria de l&#039;habitatge:<\/strong>\u00a0fins a 110 m2.<\/li>\n<li><strong>Pressi\u00f3 sonora:<\/strong>\u00a045.5 db<\/li>\n<\/ul>\n<h2>Tecnologia inverter<\/h2>\n<p>L&#039;aire condicionat\u00a0<b>Johnson JDM90V3K conductes<\/b>\u00a0ha estat dissenyat amb l&#039;objectiu de donar un servei \u00f2ptim respectant el medi ambient i reduir el consum d&#039;energia. Per tot aix\u00f2 s&#039;ha fet servir la\u00a0<strong>tecnologia inverter<\/strong>\u00a0en aquest equip. Aquesta tecnologia ajusta el compressor perqu\u00e8 treballi a un ritme constant i evita que consumeixi m\u00e9s del necessari, de manera que nom\u00e9s consumeix all\u00f2 que necessiti en cada moment. A m\u00e9s de tot aix\u00f2 s&#039;aconsegueix\u00a0<strong>allargar la vida \u00fatil del producte<\/strong>\u00a0en treballar de manera m\u00e9s estable.<\/p>\n<h2>Gas refrigerant R32<\/h2>\n<p>El\u00a0<strong>nou gas refrigerant R32<\/strong>\u00a0\u00e9s molt m\u00e9s eficient que la resta, de manera que produir\u00e0 menys residus el dia de dem\u00e0. Tamb\u00e9 se li reconeix la poca contaminaci\u00f3 que produeix, ja que gr\u00e0cies a la seva composici\u00f3 no fa malb\u00e9 la capa d&#039;oz\u00f3 i no afavoreix a aquest efecte hivernacle. A tot aix\u00f2 cal afegir que \u00e9s un gas pur, per la qual cosa no cal barrejar cap gas per obtenir-lo. Aix\u00f2 es tradueix en una instal\u00b7laci\u00f3 m\u00e9s c\u00f2moda i en futures incid\u00e8ncies m\u00e9s f\u00e0cils d&#039;esmenar.<\/p>","protected":false},"excerpt":{"rendered":"<p>Caracter\u00edstiques t\u00e8cniques Amb aquest aire condicionat, Johnson ha volgut oferir el millor servei sense renunciar a la cura del medi ambient. Aquestes s\u00f3n les principals caracter\u00edstiques t\u00e8cniques que cal tenir en compte: Consum en fred: 2.8 kW Consum en calent: 2.4 kW Frigories: 7565 Mida de l&#039;habitatge: fins a 110 m2. Pressi\u00f3 sonora: 45.5 db Tecnologia inverter L&#039;aire condicionat Johnson JDM90V3K conductes ha\u2026<\/p>","protected":false},"featured_media":5742,"comment_status":"open","ping_status":"closed","template":"","meta":{"_kad_blocks_custom_css":"","_kad_blocks_head_custom_js":"","_kad_blocks_body_custom_js":"","_kad_blocks_footer_custom_js":"","_kad_post_transparent":"default","_kad_post_title":"","_kad_post_layout":"default","_kad_post_sidebar_id":"","_kad_post_content_style":"default","_kad_post_vertical_padding":"default","_kad_post_feature":"","_kad_post_feature_position":"","_kad_post_header":false,"_kad_post_footer":false,"_joinchat":[]},"product_brand":[],"product_cat":[243],"product_tag":[],"class_list":{"0":"post-5743","1":"product","2":"type-product","3":"status-publish","4":"has-post-thumbnail","6":"product_cat-conductos","8":"first","9":"instock","10":"taxable","11":"shipping-taxable","12":"product-type-external","13":"add-to-wishlist-before_image","14":"entry","15":"content-bg","16":"loop-entry"},"taxonomy_info":{"product_cat":[{"value":243,"label":"Conductos"}]},"featured_image_src_large":["https:\/\/tienda.pujolclima.com\/wp-content\/uploads\/2024\/09\/johnson-jdm71vk-aire-acondicionado-conductos-r32.png",500,500,false],"author_info":[],"comment_info":0,"_links":{"self":[{"href":"https:\/\/tienda.pujolclima.com\/ca\/wp-json\/wp\/v2\/product\/5743","targetHints":{"allow":["GET"]}}],"collection":[{"href":"https:\/\/tienda.pujolclima.com\/ca\/wp-json\/wp\/v2\/product"}],"about":[{"href":"https:\/\/tienda.pujolclima.com\/ca\/wp-json\/wp\/v2\/types\/product"}],"replies":[{"embeddable":true,"href":"https:\/\/tienda.pujolclima.com\/ca\/wp-json\/wp\/v2\/comments?post=5743"}],"wp:featuredmedia":[{"embeddable":true,"href":"https:\/\/tienda.pujolclima.com\/ca\/wp-json\/wp\/v2\/media\/5742"}],"wp:attachment":[{"href":"https:\/\/tienda.pujolclima.com\/ca\/wp-json\/wp\/v2\/media?parent=5743"}],"wp:term":[{"taxonomy":"product_brand","embeddable":true,"href":"https:\/\/tienda.pujolclima.com\/ca\/wp-json\/wp\/v2\/product_brand?post=5743"},{"taxonomy":"product_cat","embeddable":true,"href":"https:\/\/tienda.pujolclima.com\/ca\/wp-json\/wp\/v2\/product_cat?post=5743"},{"taxonomy":"product_tag","embeddable":true,"href":"https:\/\/tienda.pujolclima.com\/ca\/wp-json\/wp\/v2\/product_tag?post=5743"}],"curies":[{"name":"wp","href":"https:\/\/api.w.org\/{rel}","templated":true}]}}