{"id":5741,"date":"2024-09-30T09:24:58","date_gmt":"2024-09-30T07:24:58","guid":{"rendered":"https:\/\/tienda.pujolclima.com\/?post_type=product&#038;p=5741"},"modified":"2026-03-24T19:08:27","modified_gmt":"2026-03-24T18:08:27","slug":"johnson-jdm71v3k","status":"publish","type":"product","link":"https:\/\/tienda.pujolclima.com\/ca\/producte\/johnson-jdm71v3k\/","title":{"rendered":"Aire Condicionat JHONSON JDM71V3K"},"content":{"rendered":"<h3>CARACTER\u00cdSTIQUES Johnson JDM71V3K<\/h3>\n<p>Gr\u00e0cies a l&#039;\u00faltima tecnologia incorporada als sistemes de climatitzaci\u00f3 Johnson JDM per conductes s&#039;envia un\u00a0<strong>flux constant<\/strong>\u00a0i continuo a l&#039;estada per tal de climatitzar-la mantenint la temperatura desitjada en el temps.<\/p>\n<p>Els sistemes d&#039;aire condicionat de Johnson v\u00e9nen equipats amb un control capa\u00e7 de controlar no nom\u00e9s la velocitat sin\u00f3 tamb\u00e9 el volum que subministra l&#039;aire, trobant-se sota una alta pressi\u00f3 est\u00e0tica i aix\u00ed aconseguint el\u00a0<strong>confort de la llar<\/strong>\u00a0de somni.<\/p>\n<p>Els seus nous ventiladors de\u00a0<strong>estil avantguardista<\/strong>\u00a0contribueixen de manera perfecta al confort de l&#039;estada sense arribar a afectar gaireb\u00e9 el consum energ\u00e8tic.<\/p>\n<h4>Baixa Silueta<\/h4>\n<p>Aquests aire condicionat s\u00f3n perfectes per no afectar la decoraci\u00f3 de la llar ja que s\u00f3n dissimulats i silenciosos al mateix temps. la temperatura desitjada.<\/p>\n<h4>Bomba de condensats incorporada<\/h4>\n<p>Gr\u00e0cies a les bombes de condensats amb qu\u00e8 estan incorporades pot emp\u00e8nyer l&#039;aigua a trav\u00e9s de tot el sistema de climatitzaci\u00f3 de forma senzilla i efectiva atorgant aix\u00ed una major comoditat deixant de banda la t\u00edpica ampolla de residuals,<\/p>\n<h4>Acc\u00e9s optimitzat<\/h4>\n<p>Gr\u00e0cies al seu acc\u00e9s al motor per la part inferior, aquest sistema facilita el treball de substitucions i revisi\u00f3 podent aix\u00ed portar un correcte manteniment i augmentant la seva vida \u00fatil per sobre de la mitjana. El seu manteniment es pot fer de forma lateral a tots els sistemes d&#039;aire condicionat Jonshon d&#039;aquest model ia m\u00e9s permet un manteniment i revisi\u00f3 de filtres f\u00e0cil amb el filtre lliscant.<\/p>\n<h4>Compatibilitat amb Zonificaci\u00f3<\/h4>\n<p>Aquesta l\u00ednia de Jonhson \u00e9s compatible amb la instal\u00b7laci\u00f3 d&#039;un term\u00f2stat per a la zonificaci\u00f3 i el control de temperatures podent regular la temperatura de forma independent.<\/p>\n<h4>Materials de primera qualitat<\/h4>\n<p>Gr\u00e0cies als materials amb qu\u00e8 treballa Jonshon podem oblidar-nos dels problemes de corrosi\u00f3 i tots els dispositius compten amb 3 anys de garantia i 10 m\u00e9s en el cas del compressor oferint aix\u00ed la major qualitat i servei per m\u00e9s temps<\/p>","protected":false},"excerpt":{"rendered":"<p>CARACTER\u00cdSTIQUES Johnson JDM71V3K Gr\u00e0cies a la darrera tecnologia incorporada als sistemes de climatitzaci\u00f3 Johnson JDM per conductes s&#039;envia un flux constant i continu a l&#039;estada amb l&#039;objectiu de climatitzar-la mantenint la temperatura desitjada en el temps. Els sistemes d&#039;aire condicionat de Johnson estan equipats amb un control capa\u00e7 de controlar no nom\u00e9s...<\/p>","protected":false},"featured_media":5742,"comment_status":"open","ping_status":"closed","template":"","meta":{"_kad_blocks_custom_css":"","_kad_blocks_head_custom_js":"","_kad_blocks_body_custom_js":"","_kad_blocks_footer_custom_js":"","_kad_post_transparent":"default","_kad_post_title":"","_kad_post_layout":"default","_kad_post_sidebar_id":"","_kad_post_content_style":"default","_kad_post_vertical_padding":"default","_kad_post_feature":"","_kad_post_feature_position":"","_kad_post_header":false,"_kad_post_footer":false,"_joinchat":[]},"product_brand":[],"product_cat":[243],"product_tag":[],"class_list":{"0":"post-5741","1":"product","2":"type-product","3":"status-publish","4":"has-post-thumbnail","6":"product_cat-conductos","8":"first","9":"instock","10":"taxable","11":"shipping-taxable","12":"product-type-external","13":"add-to-wishlist-before_image","14":"entry","15":"content-bg","16":"loop-entry"},"taxonomy_info":{"product_cat":[{"value":243,"label":"Conductos"}]},"featured_image_src_large":["https:\/\/tienda.pujolclima.com\/wp-content\/uploads\/2024\/09\/johnson-jdm71vk-aire-acondicionado-conductos-r32.png",500,500,false],"author_info":[],"comment_info":0,"_links":{"self":[{"href":"https:\/\/tienda.pujolclima.com\/ca\/wp-json\/wp\/v2\/product\/5741","targetHints":{"allow":["GET"]}}],"collection":[{"href":"https:\/\/tienda.pujolclima.com\/ca\/wp-json\/wp\/v2\/product"}],"about":[{"href":"https:\/\/tienda.pujolclima.com\/ca\/wp-json\/wp\/v2\/types\/product"}],"replies":[{"embeddable":true,"href":"https:\/\/tienda.pujolclima.com\/ca\/wp-json\/wp\/v2\/comments?post=5741"}],"wp:featuredmedia":[{"embeddable":true,"href":"https:\/\/tienda.pujolclima.com\/ca\/wp-json\/wp\/v2\/media\/5742"}],"wp:attachment":[{"href":"https:\/\/tienda.pujolclima.com\/ca\/wp-json\/wp\/v2\/media?parent=5741"}],"wp:term":[{"taxonomy":"product_brand","embeddable":true,"href":"https:\/\/tienda.pujolclima.com\/ca\/wp-json\/wp\/v2\/product_brand?post=5741"},{"taxonomy":"product_cat","embeddable":true,"href":"https:\/\/tienda.pujolclima.com\/ca\/wp-json\/wp\/v2\/product_cat?post=5741"},{"taxonomy":"product_tag","embeddable":true,"href":"https:\/\/tienda.pujolclima.com\/ca\/wp-json\/wp\/v2\/product_tag?post=5741"}],"curies":[{"name":"wp","href":"https:\/\/api.w.org\/{rel}","templated":true}]}}