{"id":5740,"date":"2024-09-27T12:04:05","date_gmt":"2024-09-27T10:04:05","guid":{"rendered":"https:\/\/tienda.pujolclima.com\/?post_type=product&#038;p=5740"},"modified":"2026-03-24T19:08:56","modified_gmt":"2026-03-24T18:08:56","slug":"fujitsu-r32-acy125-ka","status":"publish","type":"product","link":"https:\/\/tienda.pujolclima.com\/ca\/producte\/fujitsu-r32-acy125-ka\/","title":{"rendered":"Aire Condicionat CONDUCTES FUJITSU R32 ACY125-KA"},"content":{"rendered":"<h3><strong>CARACTER\u00cdSTIQUES<\/strong><\/h3>\n<p>La nova s\u00e8rie de\u00a0<strong>aires condicionats per conductes ACY K-KA ECO,\u00a0<\/strong>disposen una gamma de productes de les m\u00e9s completes del mercat, que cobreixen totes les necessitats d&#039;habitatges tipus que disposem al nostre territori, amb diferents pot\u00e8ncies i dimensions.<\/p>\n<p>Concretament el model\u00a0<strong>Fujitsu ACY125K-KA ECO\u00a0<\/strong>est\u00e0 dissenyat per a habitatges de grans dimensions, d&#039;uns 150 metres quadrats aproximadament, amb una capacitat d&#039;unes 10.500 frigories i un nivell sonor molt redu\u00eft (29 dB).<\/p>\n<h3><strong>\u00d2ptim rendiment amb tecnologia V-PAM Fujitsu<\/strong><\/h3>\n<p>Des del departament de R+D+I de\u00a0<strong>Fujitsu<\/strong>\u00a0al Jap\u00f3, es desenvolupa la tecnologia m\u00e9s avan\u00e7ada, fabricant els compressors i les plaques electr\u00f2niques (V-PAM) amb un alt rendiment i un consum molt redu\u00eft. Els compressors dels equips incorporen la tecnologia DC Scroll i un ventilador DC oferint\u00a0<strong>fiabilitat i altes prestacions<\/strong>\u00a0amb el m\u00ednim consum. Els equips presenten uns certificats energ\u00e8tics<\/p>\n<h3><strong>Equips silenciosos<\/strong><\/h3>\n<p>L&#039;aire condicionat per conductes<strong>\u00a0Fujitsu ACY125K-KA ECO\u00a0<\/strong>disposa d&#039;un baix nivell sonor, podent reduir-lo fins tan sols\u00a0<strong>29 decibels<\/strong>. La unitat interna del\u00a0<strong>aire condicionat<\/strong>, habitualment va col\u00b7locat a dalt al sostre de la cambra de bany de l&#039;habitatge, per aix\u00f2 \u00e9s important que emeti un\u00a0<strong>baix nivell sonor<\/strong>, per al nostre benestar i confort, i evitar sorolls o sons molestos al nostre dia a dia.<\/p>\n<h3><strong>Principals Caracter\u00edstiques del Fujitsu ACY125K-KA ECO<\/strong><\/h3>\n<ul>\n<li><strong>Disposes de 4 funcions de climatitzaci\u00f3:\u00a0<\/strong>Fred, calor, Deshumidificador i mode AUTO (el qual detecta a trav\u00e9s del termosensor del comandament la temperatura a l&#039;habitatge i activa l&#039;equip en funci\u00f3 de la temperatura que h\u00e0gim assenyalat com a desitjada)<\/li>\n<li><strong>Arrencada autom\u00e0tica de l&#039;equip en cas de tall de subministrament d&#039;electricitat.\u00a0<\/strong>L&#039;equip es tornar\u00e0 a connectar quan es restableixi.<\/li>\n<li><strong>Cabal d&#039;aire ajustable autom\u00e0ticament<\/strong>\u00a0en funci\u00f3 del microprocessador incorporat, i en funci\u00f3 de la temperatura assenyalada i l&#039;existent a l&#039;habitatge.<\/li>\n<li>Quan s&#039;activa en mode calor, l&#039;equip no arrencar\u00e0 fins que el compressor hagi aconseguit la temperatura desitjada, i aix\u00ed evita llen\u00e7ar r\u00e0fegues d&#039;aires molestos i innecessaris a l&#039;habitatge.<\/li>\n<li><strong>Funci\u00f3 energy save.\u00a0<\/strong>Si activem aquesta funci\u00f3 des del comandament de control, l&#039;equip reduir\u00e0 al m\u00e0xim el consum el\u00e8ctric i obtindrem un important estalvi monetari a la nostra factura de la llum.<\/li>\n<li><strong>Funci\u00f3 auto Test.\u00a0<\/strong>Si activem aquesta opci\u00f3 l&#039;equip realitzar\u00e0 un autocheck per saber si hi ha algun problema o detecta alguna anomalia al sistema. Si n&#039;hi ha cap, la pantalla LCD mostrar\u00e0 el codi d&#039;error corresponent.<\/li>\n<li><strong>L&#039;equip se subministra complet<\/strong>: amb la unitat interior, unitat exterior, comandament de control, filtres de tornada i embocadura rectangular.<\/li>\n<\/ul>","protected":false},"excerpt":{"rendered":"<p>CARACTER\u00cdSTIQUES La nova s\u00e8rie d&#039;aires condicionats per conductes ACY K-KA ECO, disposen una gamma de productes de les m\u00e9s completes del mercat, les quals cobreixen totes les necessitats de vivendes tipus que disposem al nostre territori, amb diferents pot\u00e8ncies i dimensions. Concretament el model Fujitsu ACY125K-KA ECO est\u00e0 dissenyat per a habitatges de grans dimensions, d&#039;uns 150 metres\u2026<\/p>","protected":false},"featured_media":5738,"comment_status":"open","ping_status":"closed","template":"","meta":{"_kad_blocks_custom_css":"","_kad_blocks_head_custom_js":"","_kad_blocks_body_custom_js":"","_kad_blocks_footer_custom_js":"","_kad_post_transparent":"default","_kad_post_title":"","_kad_post_layout":"default","_kad_post_sidebar_id":"","_kad_post_content_style":"default","_kad_post_vertical_padding":"default","_kad_post_feature":"","_kad_post_feature_position":"","_kad_post_header":false,"_kad_post_footer":false,"_joinchat":[]},"product_brand":[],"product_cat":[243],"product_tag":[],"class_list":{"0":"post-5740","1":"product","2":"type-product","3":"status-publish","4":"has-post-thumbnail","6":"product_cat-conductos","8":"first","9":"instock","10":"taxable","11":"shipping-taxable","12":"product-type-external","13":"add-to-wishlist-before_image","14":"entry","15":"content-bg","16":"loop-entry"},"taxonomy_info":{"product_cat":[{"value":243,"label":"Conductos"}]},"featured_image_src_large":["https:\/\/tienda.pujolclima.com\/wp-content\/uploads\/2024\/09\/acykkak.jpg",768,768,false],"author_info":[],"comment_info":0,"_links":{"self":[{"href":"https:\/\/tienda.pujolclima.com\/ca\/wp-json\/wp\/v2\/product\/5740","targetHints":{"allow":["GET"]}}],"collection":[{"href":"https:\/\/tienda.pujolclima.com\/ca\/wp-json\/wp\/v2\/product"}],"about":[{"href":"https:\/\/tienda.pujolclima.com\/ca\/wp-json\/wp\/v2\/types\/product"}],"replies":[{"embeddable":true,"href":"https:\/\/tienda.pujolclima.com\/ca\/wp-json\/wp\/v2\/comments?post=5740"}],"wp:featuredmedia":[{"embeddable":true,"href":"https:\/\/tienda.pujolclima.com\/ca\/wp-json\/wp\/v2\/media\/5738"}],"wp:attachment":[{"href":"https:\/\/tienda.pujolclima.com\/ca\/wp-json\/wp\/v2\/media?parent=5740"}],"wp:term":[{"taxonomy":"product_brand","embeddable":true,"href":"https:\/\/tienda.pujolclima.com\/ca\/wp-json\/wp\/v2\/product_brand?post=5740"},{"taxonomy":"product_cat","embeddable":true,"href":"https:\/\/tienda.pujolclima.com\/ca\/wp-json\/wp\/v2\/product_cat?post=5740"},{"taxonomy":"product_tag","embeddable":true,"href":"https:\/\/tienda.pujolclima.com\/ca\/wp-json\/wp\/v2\/product_tag?post=5740"}],"curies":[{"name":"wp","href":"https:\/\/api.w.org\/{rel}","templated":true}]}}