{"id":5739,"date":"2024-09-27T12:01:19","date_gmt":"2024-09-27T10:01:19","guid":{"rendered":"https:\/\/tienda.pujolclima.com\/?post_type=product&#038;p=5739"},"modified":"2026-03-24T19:09:28","modified_gmt":"2026-03-24T18:09:28","slug":"fujitsu-r32-acy100-ka","status":"publish","type":"product","link":"https:\/\/tienda.pujolclima.com\/ca\/producte\/fujitsu-r32-acy100-ka\/","title":{"rendered":"Aire Condicionat CONDUCTES FUJITSU R32 ACY100-KA"},"content":{"rendered":"<h3><strong>CARACTER\u00cdSTIQUES<\/strong><\/h3>\n<p>El nostre model de la s\u00e8rie Fujitsu ACY100K gaudeix de diverses maneres d&#039;\u00fas per als diferents moments que es necessiti a casa seva.<\/p>\n<h3>MODES DE FUNCIONAMENT: Conductes Fujitsu R32<\/h3>\n<p>El seu model de refrigeraci\u00f3 s&#039;utilitza per a la refrigeraci\u00f3 de les habitacions, \u00e9s important tenir en compte que el term\u00f2stat detecta la temperatura de l&#039;habitaci\u00f3 i per aix\u00f2 \u00e9s important indicar la temperatura per sota de la de l&#039;entorn o s&#039;activar\u00e0 el mode ventilador \u00fanicament. Aquest model gaudeix de tecnologia d&#039;estalvi que, de vegades si no cal, pot aturar el ventilador per reduir el cost energ\u00e8tic.<\/p>\n<p>Una altra de les maneres de qu\u00e8 gaudeix tota la s\u00e8rie Fujitsu ACY100K \u00e9s la manera seca que s&#039;usa per obtenir una refrigeraci\u00f3 suau i deshumidificar l&#039;habitaci\u00f3. Cal tenir en compte que aquesta manera no permet l&#039;escalfament de l&#039;habitaci\u00f3 atesa la baixa intensitat, per\u00f2 ajustar\u00e0 la humitat de la sala per poder deshumidificar-la.<\/p>\n<p>El mode Ventilador permet que l&#039;aire de l&#039;habitaci\u00f3 circuli donant una sensaci\u00f3 agradable de brisa i frescor. Cal tenir en compte que aquesta manera no permet ajustar temperatures.<\/p>\n<p>I, per acabar, amb la manera de calefacci\u00f3 es podr\u00e0 escalfar l&#039;habitaci\u00f3 de forma r\u00e0pida i regulable. \u00c9s important tenir en compte que els primers 3 o 5 minuts el processador del ventilador funcionar\u00e0 lentament per evitar sobreescalfaments innecessaris.<\/p>\n<p>La nova s\u00e8rie de FUJITSU ACY100K-KA presenta un\u00a0<strong>nou model aire condicionat de conductes<\/strong>\u00a0de disseny amb una elegant infraestructura i noves funcionalitats que permeten gaudir duna temperatura adequada a cada situaci\u00f3 de forma fiable i r\u00e0pida. Amb el sistema Inversor conjunt a un rendiment de calefacci\u00f3 passat en els principis de la bomba de calor absorbeix l&#039;aire de l&#039;entorn i el transfereix a la unitat anterior permetent aix\u00ed una reducci\u00f3 del funcionament quan l&#039;habitaci\u00f3 comen\u00e7a a baixar la temperatura.<\/p>\n<p>Si et preocupa que es faci malb\u00e9 pels canvis de temperatura de calor a fred no et preocupis, gr\u00e0cies al seu funcionament de descongelaci\u00f3 autom\u00e0tic incorporat a trav\u00e9s d&#039;un microordinador al seu interior evita, una vegada detecta gebre, que es mantingui ja que inicia un proc\u00e9s de descongelaci\u00f3, a m\u00e9s gaudeix d&#039;un sistema d&#039;inici en calent que impedeix que el ventilador pateixi danys a l&#039;escalfament quan l&#039;entorn est\u00e0 massa fred.<\/p>\n<h3>Manteniment aire condicionat conductes<\/h3>\n<p>Els nous models de Fujitsu ACY100K requereixen un manteniment menor al que \u00e9s habitual, tot i aix\u00ed, com tots els electrodom\u00e8stics, \u00e9s important mantenir un manteniment correcte per al seu bon funcionament on llarg per\u00edode. En primer lloc, el filtre d&#039;aire pot acumular pols de l&#039;entorn en llargs per\u00edodes, per aix\u00f2 \u00e9s important de tant en tant aspirar o rentar-los, en cas de rentar-los, sempre deixar que s&#039;assequin correctament abans de col\u00b7locar-los de nou. Si, per contra, l&#039;aparell es troba sense \u00fas durant un llarg per\u00edode (un mes) \u00e9s recomanable abans del funcionament activar el mode ventilador durant unes poques hores i d&#039;aquesta manera assegurar-ne l&#039;\u00fas correcte. Quan el producte tingui un llarg per\u00edode d&#039;\u00fas \u00e9s interessant fer una inspecci\u00f3 addicional (si es detecta una reducci\u00f3 del rendiment) per personal especialitzat per a la neteja i el manteniment correcte.<\/p>","protected":false},"excerpt":{"rendered":"<p>CARACTER\u00cdSTIQUES El nostre model de la s\u00e8rie Fujitsu ACY100K gaudeix de diverses maneres d&#039;\u00fas per als diferents moments que es necessiti a casa seva. MODES DE FUNCIONAMENT: Conductes Fujitsu R32 El seu model de refrigeraci\u00f3 s&#039;utilitza per a la refrigeraci\u00f3 de les habitacions, \u00e9s important tenir en compte que el seu term\u00f2stat detecta la temperatura de la\u2026<\/p>","protected":false},"featured_media":5738,"comment_status":"open","ping_status":"closed","template":"","meta":{"_kad_blocks_custom_css":"","_kad_blocks_head_custom_js":"","_kad_blocks_body_custom_js":"","_kad_blocks_footer_custom_js":"","_kad_post_transparent":"default","_kad_post_title":"","_kad_post_layout":"default","_kad_post_sidebar_id":"","_kad_post_content_style":"default","_kad_post_vertical_padding":"default","_kad_post_feature":"","_kad_post_feature_position":"","_kad_post_header":false,"_kad_post_footer":false,"_joinchat":[]},"product_brand":[],"product_cat":[243],"product_tag":[],"class_list":{"0":"post-5739","1":"product","2":"type-product","3":"status-publish","4":"has-post-thumbnail","6":"product_cat-conductos","8":"first","9":"instock","10":"taxable","11":"shipping-taxable","12":"product-type-external","13":"add-to-wishlist-before_image","14":"entry","15":"content-bg","16":"loop-entry"},"taxonomy_info":{"product_cat":[{"value":243,"label":"Conductos"}]},"featured_image_src_large":["https:\/\/tienda.pujolclima.com\/wp-content\/uploads\/2024\/09\/acykkak.jpg",768,768,false],"author_info":[],"comment_info":0,"_links":{"self":[{"href":"https:\/\/tienda.pujolclima.com\/ca\/wp-json\/wp\/v2\/product\/5739","targetHints":{"allow":["GET"]}}],"collection":[{"href":"https:\/\/tienda.pujolclima.com\/ca\/wp-json\/wp\/v2\/product"}],"about":[{"href":"https:\/\/tienda.pujolclima.com\/ca\/wp-json\/wp\/v2\/types\/product"}],"replies":[{"embeddable":true,"href":"https:\/\/tienda.pujolclima.com\/ca\/wp-json\/wp\/v2\/comments?post=5739"}],"wp:featuredmedia":[{"embeddable":true,"href":"https:\/\/tienda.pujolclima.com\/ca\/wp-json\/wp\/v2\/media\/5738"}],"wp:attachment":[{"href":"https:\/\/tienda.pujolclima.com\/ca\/wp-json\/wp\/v2\/media?parent=5739"}],"wp:term":[{"taxonomy":"product_brand","embeddable":true,"href":"https:\/\/tienda.pujolclima.com\/ca\/wp-json\/wp\/v2\/product_brand?post=5739"},{"taxonomy":"product_cat","embeddable":true,"href":"https:\/\/tienda.pujolclima.com\/ca\/wp-json\/wp\/v2\/product_cat?post=5739"},{"taxonomy":"product_tag","embeddable":true,"href":"https:\/\/tienda.pujolclima.com\/ca\/wp-json\/wp\/v2\/product_tag?post=5739"}],"curies":[{"name":"wp","href":"https:\/\/api.w.org\/{rel}","templated":true}]}}