{"id":5737,"date":"2024-09-27T11:59:14","date_gmt":"2024-09-27T09:59:14","guid":{"rendered":"https:\/\/tienda.pujolclima.com\/?post_type=product&#038;p=5737"},"modified":"2026-03-24T19:10:03","modified_gmt":"2026-03-24T18:10:03","slug":"fujitsu-acy80-ka","status":"publish","type":"product","link":"https:\/\/tienda.pujolclima.com\/ca\/producte\/fujitsu-acy80-ka\/","title":{"rendered":"Aire Condicionat FUJITSU ACY80-KA"},"content":{"rendered":"<h3><strong>CARACTER\u00cdSTIQUES<\/strong><\/h3>\n<p>El<strong>\u00a0ACY80K-KA ECO<\/strong>\u00a0t\u00e9 una pot\u00e8ncia en fred de\u00a0<strong>8,5 Kw<\/strong>\u00a0i en calor de\u00a0<strong>10 Kw<\/strong>\u00a0recomanat per a estades de fins<strong>\u00a0100 m2.<\/strong>\u00a0T\u00e9 un cabal daire de fins\u00a0<strong>1900 m3\/h<\/strong>\u00a0i pot treballar a una pressi\u00f3 sonora de\u00a0<strong>26 dB<\/strong>, pressi\u00f3 equivalent a un xiuxiueig. La unitat interior t\u00e9 unes dimensions de<strong>\u00a0270\/1135\/700 mm (Alt, Ample, Fons)<\/strong>\u00a0i un pes net de\u00a0<strong>38 kg<\/strong>, mentre que la unitat exterior compta amb unes dimensions de\u00a0<strong>788\/940\/320 mm (Alt, Ample, Fons)\u00a0<\/strong>i un pes net de\u00a0<strong>352 kg<\/strong>. El seu rang de funcionament \u00e9s de -10\/46 a fred i -15\/24 a calor.<\/p>\n<h3><strong>Efici\u00e8ncia energ\u00e8tica<\/strong><\/h3>\n<p>El\u00a0<strong>aire condicionat conductes<\/strong>\u00a0<strong>Fujitsu<\/strong>, \u00e9s un dels millors aires condicionats amb millor relaci\u00f3 qualitat-preu del mercat. Oferint un preu molt competitiu t\u00e9 una etiqueta energ\u00e8tica d&#039;A+\/A. Fujitsu es caracteritza per l&#039;alt rendiment que ofereixen les m\u00e0quines, refrigerant estades amb un temps molt curt.<\/p>\n<h3><strong>Gran Rendiment \u2013 Tecnologia V-PAM<\/strong><\/h3>\n<p>Fujitsu elabora aires condicionats amb la tecnologia m\u00e9s avan\u00e7ada, ja que el posseeixen el seu propi laboratori de R+D+I. La tecnologia V-PAM (placa electr\u00f2nica) fa que els aires condicionats Fujitsu tinguin un alt rendiment amb un consum baix. Per aix\u00f2 doten tamb\u00e9 els compressors de la tecnologia DC Scroll, que juntament amb el ventilador DC augmenten considerablement el rendiment de l&#039;equip, sobretot si ho comparem amb altres sistemes del mercat.<\/p>\n<h3><strong>M\u00e0xim silenci<\/strong><\/h3>\n<p>A part del seu excel\u00b7lent rendiment, efici\u00e8ncia i consum, l&#039;aire condicionat per conductes\u00a0<strong>Fujitsu ACY80K-KA ECO\u00a0<\/strong>\u00e9s un dels m\u00e9s silenciosos del mercat. Aquestes m\u00e0quines han de refrigerar grans espais per la qual cosa han de rendir a un nivell m\u00ednim, dotant aix\u00ed d&#039;incrementaci\u00f3 de soroll, ja que els models Fujitsu s\u00f3n capa\u00e7os de refrigerar aquests grans espais amb la menor pressi\u00f3 sonora, elaborant aix\u00ed aires condicionats capa\u00e7os de refrigerar amb un m\u00e0xim silenci, 26 dB, pressi\u00f3 sonora equivalent a un xiuxiueig.<\/p>\n<h3><strong>Programaci\u00f3 setmanal<\/strong><\/h3>\n<p>Els models\u00a0<strong>ACYK-KA ECO\u00a0<\/strong>es poden programar setmanalment o per 24h. Donant aix\u00ed una major flexibilitat a l&#039;usuari sobre les seves hores de funcionament que necessiti.<\/p>\n<h3><strong>Control Remot amb Termo Sensor<\/strong><\/h3>\n<p>El control remot permet el maneig total dels equips d&#039;aire condicionat, ajustant la temperatura de manera autom\u00e0tica, tant en fred com en calor. Tamb\u00e9 disposeu de l&#039;opci\u00f3 deshumidificador i el mode \u201cHigh ceiling setting\u201d especialment pensat per quan les nostres estades disposen de sostres alts, per a una millor recirculaci\u00f3 de la climatitzaci\u00f3.<\/p>\n<h3><strong>Alta pressi\u00f3 est\u00e0tica<\/strong><\/h3>\n<p>Els aires condicionats per conductes Fujitsu poden treballar amb diferents rangs de pressions, sempre mantenint el cabal constant. Aquestes m\u00e0quines s&#039;adapten als sistemes de conductes sense perdre efici\u00e8ncia, rendiment o confort. Els seus 4 nivells de pressi\u00f3: Superbaix, Baix, mitj\u00e0 o alt, ens ajuden a escollir com refrigerar les estades en funci\u00f3 de les nostres necessitats.<\/p>\n<h3><strong>Embocadures i filtres<\/strong><\/h3>\n<p>Aquests aires condicionats per conductes de Fujitsu porten de s\u00e8rie una embocadura rectangular i el filtre de tornada.<\/p>\n<h3><strong>Funcions del climatitzador<\/strong><\/h3>\n<p>&#8211;\u00a0<strong>Deshumidificador:<\/strong>\u00a0Permet reduir la humitat sense modificar la temperatura ambiental a les estances.<\/p>\n<p>&#8211;\u00a0<strong>Cabal d&#039;aire:<\/strong>\u00a0De manera autom\u00e0tica, un microprocessador incorporat ajusta el cabal de l&#039;aire en funci\u00f3 de la temperatura de l&#039;habitatge, i pot treballar en un rang d&#039;entre 580\/1100 m3\/h.<\/p>\n<p>&#8211;\u00a0<strong>Arrencada autom\u00e0tica:<\/strong>\u00a0Despr\u00e9s dun tall en el subministrament el\u00e8ctric, el sistema daire condicionat es posar\u00e0 en marxa de nou, de manera autom\u00e0tica.<\/p>\n<p>&#8211;\u00a0<strong>Canvi autom\u00e0tic fred-calor:<\/strong>\u00a0En funci\u00f3 de la temperatura que hem seleccionat i de la temperatura ambiental, l&#039;equip s&#039;activa en mode fred o calor.<\/p>\n<p>&#8211;\u00a0<strong>Energy save:\u00a0<\/strong>Amb el control d&#039;ajustaments de la temperatura del comandament de control obtenim un estalvi d&#039;energia important, i per tant, de consum el\u00e8ctric.<\/p>\n<p>&#8211;\u00a0<strong>Arrencada en calent:<\/strong>\u00a0El ventilador de la unitat interior no s&#039;activa, fins que internament no hagi aconseguit la temperatura seleccionada, evitant aix\u00ed consum extra i estalviant a la factura de la llum.<\/p>\n<p><strong>&#8211;\u00a0<\/strong><strong>Funci\u00f3 test:\u00a0<\/strong>Ens permet fer un autodiagn\u00f2stic de l&#039;equip, i en cas de detectar alguna anomalia ens mostrar\u00e0 un codi d&#039;error indicant-nos que necessita alguna revisi\u00f3.<\/p>\n<p>&#8211;\u00a0<strong>Programaci\u00f3:<\/strong>\u00a0Des del comandament de control podem programar l\u00b4equip d\u00b4aire condicionat els 7 dies de la setmana o nom\u00e9s 24h.<\/p>\n<p>&#8211;<strong>\u00a0Conducte aire impulsi\u00f3:<\/strong>\u00a0\u00c9s possible connectar un conducte a la impulsi\u00f3 per climatitzar una estanca contigua.<\/p>\n<p>&#8211;\u00a0<strong>Conducte aire fresc:<\/strong>\u00a0\u00c9s possible connectar un conducte llan\u00e7at a l&#039;exterior, per aportar aire fresc a la nostra instal\u00b7laci\u00f3<\/p>\n<p>&#8211;\u00a0<strong>V-PAM:<\/strong>\u00a0Redueix els efectes de flux magn\u00e8tic i augmenta lefici\u00e8ncia i la velocitat del compressor per la tecnologia de control vectorial.<\/p>","protected":false},"excerpt":{"rendered":"<p>CARACTER\u00cdSTIQUES L&#039;ACY80K-KA ECO t\u00e9 una pot\u00e8ncia en fred de 8,5 Kw i en calor de 10 Kw recomanat per a estades de fins a 100 m2. T\u00e9 un cabal d&#039;aire fins a 1900 m3\/h i pot treballar a una pressi\u00f3 sonora de 26 dB, pressi\u00f3 equivalent a un xiuxiueig. La unitat interior t\u00e9 unes dimensions de 270\/1135\/700 mm (Alt, Ample, Fons) i un pes net de 38 kg, mentre que\u2026<\/p>","protected":false},"featured_media":5738,"comment_status":"open","ping_status":"closed","template":"","meta":{"_kad_blocks_custom_css":"","_kad_blocks_head_custom_js":"","_kad_blocks_body_custom_js":"","_kad_blocks_footer_custom_js":"","_kad_post_transparent":"default","_kad_post_title":"","_kad_post_layout":"default","_kad_post_sidebar_id":"","_kad_post_content_style":"default","_kad_post_vertical_padding":"default","_kad_post_feature":"","_kad_post_feature_position":"","_kad_post_header":false,"_kad_post_footer":false,"_joinchat":[]},"product_brand":[],"product_cat":[243],"product_tag":[],"class_list":{"0":"post-5737","1":"product","2":"type-product","3":"status-publish","4":"has-post-thumbnail","6":"product_cat-conductos","8":"first","9":"instock","10":"taxable","11":"shipping-taxable","12":"product-type-external","13":"add-to-wishlist-before_image","14":"entry","15":"content-bg","16":"loop-entry"},"taxonomy_info":{"product_cat":[{"value":243,"label":"Conductos"}]},"featured_image_src_large":["https:\/\/tienda.pujolclima.com\/wp-content\/uploads\/2024\/09\/acykkak.jpg",768,768,false],"author_info":[],"comment_info":0,"_links":{"self":[{"href":"https:\/\/tienda.pujolclima.com\/ca\/wp-json\/wp\/v2\/product\/5737","targetHints":{"allow":["GET"]}}],"collection":[{"href":"https:\/\/tienda.pujolclima.com\/ca\/wp-json\/wp\/v2\/product"}],"about":[{"href":"https:\/\/tienda.pujolclima.com\/ca\/wp-json\/wp\/v2\/types\/product"}],"replies":[{"embeddable":true,"href":"https:\/\/tienda.pujolclima.com\/ca\/wp-json\/wp\/v2\/comments?post=5737"}],"wp:featuredmedia":[{"embeddable":true,"href":"https:\/\/tienda.pujolclima.com\/ca\/wp-json\/wp\/v2\/media\/5738"}],"wp:attachment":[{"href":"https:\/\/tienda.pujolclima.com\/ca\/wp-json\/wp\/v2\/media?parent=5737"}],"wp:term":[{"taxonomy":"product_brand","embeddable":true,"href":"https:\/\/tienda.pujolclima.com\/ca\/wp-json\/wp\/v2\/product_brand?post=5737"},{"taxonomy":"product_cat","embeddable":true,"href":"https:\/\/tienda.pujolclima.com\/ca\/wp-json\/wp\/v2\/product_cat?post=5737"},{"taxonomy":"product_tag","embeddable":true,"href":"https:\/\/tienda.pujolclima.com\/ca\/wp-json\/wp\/v2\/product_tag?post=5737"}],"curies":[{"name":"wp","href":"https:\/\/api.w.org\/{rel}","templated":true}]}}