{"id":5732,"date":"2024-09-27T11:14:16","date_gmt":"2024-09-27T09:14:16","guid":{"rendered":"https:\/\/tienda.pujolclima.com\/?post_type=product&#038;p=5732"},"modified":"2026-03-24T19:11:48","modified_gmt":"2026-03-24T18:11:48","slug":"mitsubishi-msz-hr25vf","status":"publish","type":"product","link":"https:\/\/tienda.pujolclima.com\/ca\/producte\/mitsubishi-msz-hr25vf\/","title":{"rendered":"Aire Condicionat MITSUBISHI MSZ-HR25VF"},"content":{"rendered":"<h2>Caracter\u00edstiques<\/h2>\n<ul>\n<li><strong>Efici\u00e8ncia energ\u00e8tica per a un menor consum:\u00a0<\/strong>La tecnologia japonesa m\u00e9s avan\u00e7ada de compressors exclusiva de Mitsubishi Electric permet oferir una classificaci\u00f3 energ\u00e8tica d&#039;A++. Aix\u00ed, la MSZ-DW ofereix el m\u00e0xim confort amb el m\u00ednim consum el\u00e8ctric. A m\u00e9s, incorpora funcions intel\u00b7ligents per a l&#039;estalvi energ\u00e8tic com el mode Econo Cool capa\u00e7 d&#039;ajustar la quantitat d&#039;aire adre\u00e7at al cos en funci\u00f3 de la temperatura de sortida de l&#039;aire. D&#039;aquesta manera, la unitat pot reajustar la temperatura fins a 2\u00baC sense p\u00e8rdua de confort i millorant l&#039;efici\u00e8ncia energ\u00e8tica un 20%.<\/li>\n<li><strong>Filtre d&#039;aire purificador:\u00a0<\/strong>Compte amb el Filtre d&#039;Aire Purificador capa\u00e7 de capturar part\u00edcules en suspensi\u00f3 com la pols i p\u00e8ls de mascota, proporcionant aix\u00ed un aire interior m\u00e9s net i saludable. A m\u00e9s, pots millorar el sistema de filtratge incorporant l&#039;accessori \u201cPlasma Quad Connect\u201d capa\u00e7 d&#039;inhibir el 99,8% del SARS-CoV-2*.\u00a0<em>*Opcional, no incl\u00f2s<\/em><\/li>\n<li><strong>Control WiFi opcional:\u00a0<\/strong>La nova MSZ-DW \u00e9s compatible amb el control WiFi de manera opcional. Permet controlar la unitat desitgi qualsevol dispositiu m\u00f2bil o tablet, mitjan\u00e7ant l&#039;app del MELCloud exclusiu de Mitsubishi Electric. MELClud ofereix control en temps real, escenes i programacions hor\u00e0ries setmanals que proporcionen una flexibilitat completa per controlar diversos sistemes d&#039;aire condicionat, calefacci\u00f3 o recuperaci\u00f3 de calor de Mitsubishi Electric des d&#039;un sol dispositiu o ubicaci\u00f3.<\/li>\n<li><strong>Connexi\u00f3 amb Sistemes Multi-Split:\u00a0<\/strong>La unitat MSZ-DW25VF \u00e9s compatible amb les unitats exteriors per a combinacions multi-split MXZ-HA. Per aix\u00f2, \u00e9s possible combinar-les per climatitzar dues o tres zones simult\u00e0niament amb la mateixa unitat exterior.<\/li>\n<\/ul>\n<h2>Especificacions Mitsubishi MSZ-DW<\/h2>\n<ul>\n<li><strong>Capacitat:<\/strong>\n<ul>\n<li>Fred Nominal (M\u00edn-M\u00e0x): 2,5 (0,5-2,9) kW<\/li>\n<li>Calor Nominal (M\u00edn-M\u00e0x): 3,15 (0,7-3,5) kW<\/li>\n<li>kCal\/h (fred): 2.150<\/li>\n<li>kCal\/h (calor): 2.709<\/li>\n<\/ul>\n<\/li>\n<li><strong>Consum Nominal:<\/strong>\n<ul>\n<li>Fred: 0,8 kW<\/li>\n<li>Calor: 0,85 kW<\/li>\n<\/ul>\n<\/li>\n<li><strong>Consum el\u00e8ctric anual:<\/strong>\n<ul>\n<li>Fred: 135 kWh\/any<\/li>\n<li>Calor (zona clim\u00e0tica interm\u00e8dia): 618 kWh\/any<\/li>\n<li>Calor (zona clim\u00e0tica c\u00e0lida): 287 kWh\/any<\/li>\n<\/ul>\n<\/li>\n<li><strong>Coeficient energ\u00e8tic:<\/strong>\n<ul>\n<li>SEER (Etiqueta): 6,2 (A++)<\/li>\n<li>SCOP (Etiqueta) Zona clim\u00e0tica interm\u00e8dia: 4,3 (A+)<\/li>\n<li>SCOP (Etiqueta) Zona clim\u00e0tica c\u00e0lida: 5,3 (A+++)<\/li>\n<\/ul>\n<\/li>\n<li><strong>Unitat interior:<\/strong>\n<ul>\n<li>Nivell sonor (Silenci\/Baixa\/Mitjana\/Alta\/M\u00e0xima): 21 \/ 30 \/ 37 \/ 43 dB(A)<\/li>\n<li>Dimensions (alt x ample x fons): 290 x 799 x 232 mm<\/li>\n<\/ul>\n<\/li>\n<li><strong>Longitud m\u00e0xima canonada vert\/total:<\/strong>\n<ul>\n<li>12 \/ 20 m<\/li>\n<\/ul>\n<\/li>\n<li><strong>Rang d&#039;operaci\u00f3:<\/strong>\n<ul>\n<li>Temperatura exterior per a refrigeraci\u00f3: -10 ~ +46 \u00baC<\/li>\n<li>Temperatura exterior per a calefacci\u00f3: -10 ~ +24 \u00baC<\/li>\n<\/ul>\n<\/li>\n<\/ul>","protected":false},"excerpt":{"rendered":"<p>Caracter\u00edstiques Efici\u00e8ncia energ\u00e8tica per a un consum m\u00e9s baix: La tecnologia japonesa m\u00e9s avan\u00e7ada de compressors exclusiva de Mitsubishi Electric permet oferir una classificaci\u00f3 energ\u00e8tica d&#039;A++. Aix\u00ed, la MSZ-DW ofereix el m\u00e0xim confort amb el m\u00ednim consum el\u00e8ctric. A m\u00e9s, incorpora funcions intel\u00b7ligents per a l&#039;estalvi energ\u00e8tic com la manera Econo Cool capa\u00e7 d&#039;ajustar la\u2026<\/p>","protected":false},"featured_media":6223,"comment_status":"open","ping_status":"closed","template":"","meta":{"_kad_blocks_custom_css":"","_kad_blocks_head_custom_js":"","_kad_blocks_body_custom_js":"","_kad_blocks_footer_custom_js":"","_kad_post_transparent":"default","_kad_post_title":"","_kad_post_layout":"default","_kad_post_sidebar_id":"","_kad_post_content_style":"default","_kad_post_vertical_padding":"default","_kad_post_feature":"","_kad_post_feature_position":"","_kad_post_header":false,"_kad_post_footer":false,"_joinchat":[]},"product_brand":[],"product_cat":[278,242],"product_tag":[],"class_list":{"0":"post-5732","1":"product","2":"type-product","3":"status-publish","4":"has-post-thumbnail","6":"product_cat-split-1x1","7":"product_cat-splits","9":"first","10":"instock","11":"taxable","12":"shipping-taxable","13":"product-type-external","14":"add-to-wishlist-before_image","15":"entry","16":"content-bg","17":"loop-entry"},"taxonomy_info":{"product_cat":[{"value":278,"label":"Split 1x1"},{"value":242,"label":"Splits"}]},"featured_image_src_large":["https:\/\/tienda.pujolclima.com\/wp-content\/uploads\/2024\/09\/mitsubishi-electric-msz-hr35vf.jpg",800,800,false],"author_info":[],"comment_info":0,"_links":{"self":[{"href":"https:\/\/tienda.pujolclima.com\/ca\/wp-json\/wp\/v2\/product\/5732","targetHints":{"allow":["GET"]}}],"collection":[{"href":"https:\/\/tienda.pujolclima.com\/ca\/wp-json\/wp\/v2\/product"}],"about":[{"href":"https:\/\/tienda.pujolclima.com\/ca\/wp-json\/wp\/v2\/types\/product"}],"replies":[{"embeddable":true,"href":"https:\/\/tienda.pujolclima.com\/ca\/wp-json\/wp\/v2\/comments?post=5732"}],"wp:featuredmedia":[{"embeddable":true,"href":"https:\/\/tienda.pujolclima.com\/ca\/wp-json\/wp\/v2\/media\/6223"}],"wp:attachment":[{"href":"https:\/\/tienda.pujolclima.com\/ca\/wp-json\/wp\/v2\/media?parent=5732"}],"wp:term":[{"taxonomy":"product_brand","embeddable":true,"href":"https:\/\/tienda.pujolclima.com\/ca\/wp-json\/wp\/v2\/product_brand?post=5732"},{"taxonomy":"product_cat","embeddable":true,"href":"https:\/\/tienda.pujolclima.com\/ca\/wp-json\/wp\/v2\/product_cat?post=5732"},{"taxonomy":"product_tag","embeddable":true,"href":"https:\/\/tienda.pujolclima.com\/ca\/wp-json\/wp\/v2\/product_tag?post=5732"}],"curies":[{"name":"wp","href":"https:\/\/api.w.org\/{rel}","templated":true}]}}