{"id":5730,"date":"2024-09-27T11:03:11","date_gmt":"2024-09-27T09:03:11","guid":{"rendered":"https:\/\/tienda.pujolclima.com\/?post_type=product&#038;p=5730"},"modified":"2026-03-24T19:12:26","modified_gmt":"2026-03-24T18:12:26","slug":"splits-fujitsu-r32-asy50-kp","status":"publish","type":"product","link":"https:\/\/tienda.pujolclima.com\/ca\/producte\/splits-fujitsu-r32-asy50-kp\/","title":{"rendered":"Aire Condicionat SPLITS FUJITSU R32 ASY50-KP"},"content":{"rendered":"<h2>Caracter\u00edstiques:<\/h2>\n<ul>\n<li><strong>Disseny compacte i estilitzat.<\/strong>\u00a0Model d\u00b4alt rendiment i disseny compacte. Ideal per a espais redu\u00efts com ara un dormitori o un despatx.<\/li>\n<li><strong>Mode economy.<\/strong>\u00a0En limitar el corrent m\u00e0xim de consum, el consum d&#039;energia es rebaixa de la c\u00e0rrega m\u00e0xima de pot\u00e8ncia, aconseguint un estalvi energ\u00e8tic notable.<\/li>\n<li><strong>Funci\u00f3 Powerful.<\/strong>\u00a0L&#039;equip pot treballar durant 20 minuts en condicions de m\u00e0xim cabal d&#039;aire i m\u00e0xima velocitat del compressor, oferint aix\u00ed la m\u00e0xima pot\u00e8ncia. Mitjan\u00e7ant aquesta r\u00e0pida refrigeraci\u00f3 o calefacci\u00f3, aconseguim assolir el confort de l&#039;estada en el menor temps possible.<\/li>\n<li><strong>Temporitzador d&#039;apagat autom\u00e0tic.<\/strong>\u00a0El temporitzador s&#039;engega i el condicionador d&#039;aire s&#039;atura quan arriba a un per\u00edode de temps predeterminat.<\/li>\n<li><strong>El temporitzador es pot programar amb 24 hores d&#039;antelaci\u00f3.<\/strong>\u00a0La franja de temps de la \u201cdesconnexi\u00f3 autom\u00e0tica\u201d pot ser programada de manera flexible.<\/li>\n<\/ul>\n<h2>Especificacions Fujitsu ASY 50 UI-KL:<\/h2>\n<ul>\n<li>Pot\u00e8ncia frigor\u00edfica: 4472 (774-5160) Kcal\/h \/ 5200 (900-5500) W<\/li>\n<li>Pot\u00e8ncia calor\u00edfica: 5418 (774-7826) Kcal\/h \/ 6300 (600-6600) W<\/li>\n<li>R\u00e0tio estalvi energ\u00e8tic (SEER\/SCOP): 7,2\/4,3<\/li>\n<li>Classe energ\u00e8tica: A++\/A+<\/li>\n<li>Tensi\u00f3\/Fases\/Freq\u00fc\u00e8ncia: 230V\/1\/50Hz<\/li>\n<li>Consum el\u00e8ctric (Fred\/calor): 0,57\/0,59 kW<\/li>\n<li>M\u00e0xima intensitat absorbida (fred\/calor): 9,5\/13,5 A<\/li>\n<li>Alimentaci\u00f3 el\u00e8ctrica: (UE)2\u00d72,5xT<\/li>\n<li>Interconnexi\u00f3 el\u00e8ctrica: 3\u00d72,5xT<\/li>\n<li>Cabal d\u00b4aire unitat interior (M\u00e0x\/M\u00edn): 995\/865 m3\/h<\/li>\n<li>Cabal d\u00b4aire unitat interior: 1830 m3\/h<\/li>\n<li>Pressi\u00f3 sonora unitat interior (Fred A\/M\/B\/Q): 47\/44\/40\/35 db(A)<\/li>\n<li>Pressi\u00f3 sonora unitat interior (Calor A\/M\/B\/Q): 50\/45\/41\/37 db(A)<\/li>\n<li>Pressi\u00f3 sonora m\u00e0xima unitat exterior (Fred\/Calor): 50\/56 dB(A)<\/li>\n<li>Dimensions unitat interior (Al x An x F): 293 x 790 x 249 mm<\/li>\n<li>Dimensions unitat exterior (Al x An x F): 542 x 790 x 249 mm<\/li>\n<li>Pes net (unitat interior\/unitat exterior): 9,5\/33 kg<\/li>\n<li>Di\u00e0metre de canonada (l\u00edquid \/ gas): \u00bc\u201d \u2013 3\/8\u201d<\/li>\n<li>Dist\u00e0ncia m\u00e0xima permesa (Total\/vertical): 25\/20 m<\/li>\n<li>Refrigerant: R32<\/li>\n<li>C\u00e0rrega de refrigerant: 0,85 (0,574) Kg (CO2eq-T)<\/li>\n<\/ul>","protected":false},"excerpt":{"rendered":"<p>Caracter\u00edstiques: Disseny compacte i estilitzat. Model d\u00b4alt rendiment i disseny compacte. Ideal per a espais redu\u00efts com ara un dormitori o un despatx. Mode economy. En limitar el corrent m\u00e0xim de consum, el consum d&#039;energia es rebaixa de la c\u00e0rrega m\u00e0xima de pot\u00e8ncia, aconseguint un estalvi energ\u00e8tic notable. Funci\u00f3 Powerful. L&#039;equip pot treballar durant 20 minuts\u2026<\/p>","protected":false},"featured_media":6223,"comment_status":"open","ping_status":"closed","template":"","meta":{"_kad_blocks_custom_css":"","_kad_blocks_head_custom_js":"","_kad_blocks_body_custom_js":"","_kad_blocks_footer_custom_js":"","_kad_post_transparent":"default","_kad_post_title":"","_kad_post_layout":"default","_kad_post_sidebar_id":"","_kad_post_content_style":"default","_kad_post_vertical_padding":"default","_kad_post_feature":"","_kad_post_feature_position":"","_kad_post_header":false,"_kad_post_footer":false,"_joinchat":[]},"product_brand":[],"product_cat":[278,242],"product_tag":[],"class_list":{"0":"post-5730","1":"product","2":"type-product","3":"status-publish","4":"has-post-thumbnail","6":"product_cat-split-1x1","7":"product_cat-splits","9":"first","10":"instock","11":"taxable","12":"shipping-taxable","13":"product-type-external","14":"add-to-wishlist-before_image","15":"entry","16":"content-bg","17":"loop-entry"},"taxonomy_info":{"product_cat":[{"value":278,"label":"Split 1x1"},{"value":242,"label":"Splits"}]},"featured_image_src_large":["https:\/\/tienda.pujolclima.com\/wp-content\/uploads\/2024\/09\/mitsubishi-electric-msz-hr35vf.jpg",800,800,false],"author_info":[],"comment_info":0,"_links":{"self":[{"href":"https:\/\/tienda.pujolclima.com\/ca\/wp-json\/wp\/v2\/product\/5730","targetHints":{"allow":["GET"]}}],"collection":[{"href":"https:\/\/tienda.pujolclima.com\/ca\/wp-json\/wp\/v2\/product"}],"about":[{"href":"https:\/\/tienda.pujolclima.com\/ca\/wp-json\/wp\/v2\/types\/product"}],"replies":[{"embeddable":true,"href":"https:\/\/tienda.pujolclima.com\/ca\/wp-json\/wp\/v2\/comments?post=5730"}],"wp:featuredmedia":[{"embeddable":true,"href":"https:\/\/tienda.pujolclima.com\/ca\/wp-json\/wp\/v2\/media\/6223"}],"wp:attachment":[{"href":"https:\/\/tienda.pujolclima.com\/ca\/wp-json\/wp\/v2\/media?parent=5730"}],"wp:term":[{"taxonomy":"product_brand","embeddable":true,"href":"https:\/\/tienda.pujolclima.com\/ca\/wp-json\/wp\/v2\/product_brand?post=5730"},{"taxonomy":"product_cat","embeddable":true,"href":"https:\/\/tienda.pujolclima.com\/ca\/wp-json\/wp\/v2\/product_cat?post=5730"},{"taxonomy":"product_tag","embeddable":true,"href":"https:\/\/tienda.pujolclima.com\/ca\/wp-json\/wp\/v2\/product_tag?post=5730"}],"curies":[{"name":"wp","href":"https:\/\/api.w.org\/{rel}","templated":true}]}}