{"id":5726,"date":"2024-09-27T10:45:42","date_gmt":"2024-09-27T08:45:42","guid":{"rendered":"https:\/\/tienda.pujolclima.com\/?post_type=product&#038;p=5726"},"modified":"2026-03-24T19:13:00","modified_gmt":"2026-03-24T18:13:00","slug":"asy25-kp","status":"publish","type":"product","link":"https:\/\/tienda.pujolclima.com\/ca\/producte\/asy25-kp\/","title":{"rendered":"Aire Condicionat FUJITSU ASY25-KP"},"content":{"rendered":"<h2>Caracter\u00edstiques<\/h2>\n<ul>\n<li><strong>Disseny compacte:\u00a0<\/strong>Disseny optimitzat i m\u00e0xim rendiment proporciona uns valors de SEER i SCOP sensiblement millorats gr\u00e0cies al compressor rotatiu DC altament eficient, a l&#039;intercanviador de calor ia la tecnologia All DC Inverter de Fujitsu.<\/li>\n<li><strong>Funcionament en m\u00e0xima pot\u00e8ncia:\u00a0<\/strong>L&#039;equip pot treballar durant 20 minuts en condicions de m\u00e0xim cabal d&#039;aire i m\u00e0xima velocitat del compressor, oferint aix\u00ed la m\u00e0xima pot\u00e8ncia. Mitjan\u00e7ant aquesta r\u00e0pida refrigeraci\u00f3 o calefacci\u00f3, aconseguim assolir el confort de l&#039;estada en el menor temps possible.<\/li>\n<li><b>Estalvi energ\u00e8tic elevat:\u00a0<\/b>L\u00b4alta efici\u00e8ncia, de nivell superior, s\u00b4aconsegueix mitjan\u00e7ant un intercanviador de calor lambda d\u00b4alta efici\u00e8ncia, un gran ventilador de flux transversal i un nou refrigerant.<\/li>\n<li><b>Cabal d&#039;aire confortable i funcionament silenci\u00f3s:\u00a0<\/b>La gran lama de ventilaci\u00f3 i la nova estructura de bufat d\u02bbaire han aconseguit un cabal d\u02bbaire confortable que arriba fins als peus de l\u02bbusuari, amb un funcionament silenci\u00f3s.<\/li>\n<li><b>Control de dispositiu intel\u00b7ligent (opcional):\u00a0<\/b>Aquest model es pot controlar des de qualsevol lloc mitjan\u00e7ant un dispositiu intel\u00b7ligent amb lam instal\u00b7laci\u00f3 duna interf\u00edcie de LAN sense fil opcional. La interf\u00edcie de LAN sense fils es pot configurar f\u00e0cilment sense necessitat de fer tasques d&#039;instal\u00b7laci\u00f3 especialitzades.<\/li>\n<\/ul>\n<h2>Especificacions Fujitsu ASY25-KP<\/h2>\n<ul>\n<li><strong>Caracter\u00edstiques<\/strong>\n<ul>\n<li>Tipus: Sistema split<\/li>\n<li>Multi-split: No<\/li>\n<li>Color del producte: Blanc<\/li>\n<li>Funcions d&#039;aire condicionat: Refredament, Deshumeir, Escalfar<\/li>\n<li>Tecnologia invertida: Si<\/li>\n<li>\u00cdndex d&#039;efici\u00e8ncia estacional (refrigeraci\u00f3) (SEER): 6,7<\/li>\n<li>\u00cdndex d&#039;efici\u00e8ncia estacional (calefacci\u00f3) (SCOP): 4<\/li>\n<li>Qualificaci\u00f3 d&#039;efici\u00e8ncia estacional (calefacci\u00f3) (SCOP) (Mitja temporada de calefacci\u00f3): 4<\/li>\n<li>Efici\u00e8ncia energ\u00e8tica de refredament: 3,52<\/li>\n<li>Efici\u00e8ncia energ\u00e8tica de calefacci\u00f3: 3,54<\/li>\n<li>Capacitat de refrigeraci\u00f3 en watts (nominal): 2500 W<\/li>\n<li>Capacitat de refredament en watts (m\u00edn.): 900 W<\/li>\n<li>Capacitat de refredament en watts (m\u00e0x.): 3000 W<\/li>\n<li>Capacitat de calefacci\u00f3 en watts (nominal) (Mitja temporada de calefacci\u00f3): 2800 W<\/li>\n<li>Capacitat d&#039;escalfament en watts (m\u00edn.): 900 W<\/li>\n<li>Capacitat d&#039;escalfament en watts (m\u00e0x.): 3800 W<\/li>\n<li>Mitj\u00e0 de refrigeraci\u00f3: R32<\/li>\n<li>Pes del medi refrigerant: 675 g<\/li>\n<li>Operat remotament: Si<\/li>\n<li>Longitud de tub (m\u00edn.): 15 m<\/li>\n<li>Longitud de la m\u00e0nega (m\u00e0x.): 20 m<\/li>\n<li>Capacitat de deshumidificaci\u00f3: 1,3 l\/h<\/li>\n<li>Temperatura de funcionament (refrigeraci\u00f3) (TT): -10 \u2013 46 \u00b0C<\/li>\n<li>Temperatura de funcionament (calefacci\u00f3) (TT): -15 \u2013 24 \u00b0C<\/li>\n<\/ul>\n<\/li>\n<\/ul>\n<ul>\n<li><strong>Control d&#039;energia<\/strong>\n<ul>\n<li>Classe d&#039;efici\u00e8ncia energ\u00e8tica (refrigeraci\u00f3): A++<\/li>\n<li>Classe d&#039;efici\u00e8ncia energ\u00e8tica (calefacci\u00f3) (mitja temporada de calefacci\u00f3): A+<\/li>\n<li>Consum anual d&#039;energia (refredament): 131 kWh<\/li>\n<li>Consum anual d&#039;energia (calefacci\u00f3) (Temporada de calefacci\u00f3 m\u00e9s freda): 840 kWh<\/li>\n<li>Voltatge d\u00b4entrada AC: 230 V<\/li>\n<li>Freq\u00fc\u00e8ncia d&#039;entrada AC: 50 Hz<\/li>\n<li>Corrent (refrigeraci\u00f3): 6,5 A<\/li>\n<li>Corrent (calefacci\u00f3): 9 A<\/li>\n<li>C\u00e0rrega de c\u00e0lcul (refredament): 2,5 kW<\/li>\n<li>C\u00e0rrega de c\u00e0lcul (calefacci\u00f3) (Mitja temporada de calefacci\u00f3): 2,4 kW<\/li>\n<\/ul>\n<\/li>\n<\/ul>\n<ul>\n<li><strong>Unitat per a interiors<\/strong>\n<ul>\n<li>Tipus d&#039;unitat interna: Muntar a la paret<\/li>\n<li>Nivell de soroll de la unitat interior (a baixa velocitat): 22 dB<\/li>\n<li>Nivell de soroll de la unitat interior (a alta velocitat): 45 dB<\/li>\n<li>Nivell de pot\u00e8ncia ac\u00fastica de la unitat interior: 58 dB<\/li>\n<li>Refredament del flux d&#039;aire (unitat interior): 580 m\u00b3\/h<\/li>\n<li>Calefacci\u00f3 flux d\u02bbaire (unitat interior): 580 m\u00b3\/h<\/li>\n<li>Nombre d&#039;unitats d&#039;interior: 1<\/li>\n<li>Ample de la unitat interior: 78,4 cm<\/li>\n<li>Profunditat de la unitat interior: 22,4 cm<\/li>\n<li>Al\u00e7ada de la unitat interior: 27 cm<\/li>\n<li>Pes d&#039;unitat per a interiors: 8 kg<\/li>\n<\/ul>\n<\/li>\n<\/ul>\n<ul>\n<li><strong>Unitat per a exteriors<\/strong>\n<ul>\n<li>Nivell de soroll de la unitat exterior: 47 dB<\/li>\n<li>Nivell de pot\u00e8ncia ac\u00fastica de la unitat exterior: 59 dB<\/li>\n<li>Refredament del flux d&#039;aire (unitat exterior): 1650 m\u00b3\/h<\/li>\n<li>Nombre d&#039;unitats d&#039;exterior: 1<\/li>\n<li>Ample de la unitat exterior: 66,3 cm<\/li>\n<li>Profunditat de la unitat exterior: 29 cm<\/li>\n<li>Al\u00e7ada de la unitat exterior: 54,1 cm<\/li>\n<li>Pes d&#039;unitat per a exteriors: 23 kg<\/li>\n<\/ul>\n<\/li>\n<\/ul>\n<ul>\n<li><strong>Contingut de l&#039;embalatge<\/strong>\n<ul>\n<li>Comandament a dist\u00e0ncia incl\u00f2s: Si<\/li>\n<\/ul>\n<\/li>\n<\/ul>","protected":false},"excerpt":{"rendered":"<p>Caracter\u00edstiques Disseny compacte: Disseny optimitzat i m\u00e0xim rendiment, proporciona uns valors de SEER i SCOP sensiblement millorats gr\u00e0cies al compressor rotatiu DC altament eficient, a l&#039;intercanviador de calor ia la tecnologia All DC Inverter de Fujitsu. Funcionament en m\u00e0xima pot\u00e8ncia: L&#039;equip pot treballar durant 20 minuts en condicions de m\u00e0xim cabal d&#039;aire i m\u00e0xima\u2026<\/p>","protected":false},"featured_media":5727,"comment_status":"open","ping_status":"closed","template":"","meta":{"_kad_blocks_custom_css":"","_kad_blocks_head_custom_js":"","_kad_blocks_body_custom_js":"","_kad_blocks_footer_custom_js":"","_kad_post_transparent":"default","_kad_post_title":"","_kad_post_layout":"default","_kad_post_sidebar_id":"","_kad_post_content_style":"default","_kad_post_vertical_padding":"default","_kad_post_feature":"","_kad_post_feature_position":"","_kad_post_header":false,"_kad_post_footer":false,"_joinchat":[]},"product_brand":[],"product_cat":[278,242],"product_tag":[],"class_list":{"0":"post-5726","1":"product","2":"type-product","3":"status-publish","4":"has-post-thumbnail","6":"product_cat-split-1x1","7":"product_cat-splits","9":"first","10":"instock","11":"taxable","12":"shipping-taxable","13":"product-type-external","14":"add-to-wishlist-before_image","15":"entry","16":"content-bg","17":"loop-entry"},"taxonomy_info":{"product_cat":[{"value":278,"label":"Split 1x1"},{"value":242,"label":"Splits"}]},"featured_image_src_large":["https:\/\/tienda.pujolclima.com\/wp-content\/uploads\/2024\/09\/1458-fujitsu-asy25-kp-aire-acondicionado-split-1x1-con-bomba-de-calor-2150-frigorias-1.webp",530,530,false],"author_info":[],"comment_info":0,"_links":{"self":[{"href":"https:\/\/tienda.pujolclima.com\/ca\/wp-json\/wp\/v2\/product\/5726","targetHints":{"allow":["GET"]}}],"collection":[{"href":"https:\/\/tienda.pujolclima.com\/ca\/wp-json\/wp\/v2\/product"}],"about":[{"href":"https:\/\/tienda.pujolclima.com\/ca\/wp-json\/wp\/v2\/types\/product"}],"replies":[{"embeddable":true,"href":"https:\/\/tienda.pujolclima.com\/ca\/wp-json\/wp\/v2\/comments?post=5726"}],"wp:featuredmedia":[{"embeddable":true,"href":"https:\/\/tienda.pujolclima.com\/ca\/wp-json\/wp\/v2\/media\/5727"}],"wp:attachment":[{"href":"https:\/\/tienda.pujolclima.com\/ca\/wp-json\/wp\/v2\/media?parent=5726"}],"wp:term":[{"taxonomy":"product_brand","embeddable":true,"href":"https:\/\/tienda.pujolclima.com\/ca\/wp-json\/wp\/v2\/product_brand?post=5726"},{"taxonomy":"product_cat","embeddable":true,"href":"https:\/\/tienda.pujolclima.com\/ca\/wp-json\/wp\/v2\/product_cat?post=5726"},{"taxonomy":"product_tag","embeddable":true,"href":"https:\/\/tienda.pujolclima.com\/ca\/wp-json\/wp\/v2\/product_tag?post=5726"}],"curies":[{"name":"wp","href":"https:\/\/api.w.org\/{rel}","templated":true}]}}