{"id":5724,"date":"2024-09-27T10:21:19","date_gmt":"2024-09-27T08:21:19","guid":{"rendered":"https:\/\/tienda.pujolclima.com\/?post_type=product&#038;p=5724"},"modified":"2026-03-24T19:13:35","modified_gmt":"2026-03-24T18:13:35","slug":"mupr-18-h14","status":"publish","type":"product","link":"https:\/\/tienda.pujolclima.com\/ca\/producte\/mupr-18-h14\/","title":{"rendered":"Aire condicionat MUNDOCLIMA MUPR-18-H14"},"content":{"rendered":"<p><strong>AIRE CONDICIONAT INVERTER MUNDOCLIMA Model MUPR-18-H14X 4472 Frigories \/ 4558 Calories Classificaci\u00f3 Energ\u00e8tica A+++ \/ R32, amb Sensor de pres\u00e8ncia incorporat per Estalviar Energia i WIFI incl\u00f2s.<\/strong><\/p>\n<p><strong>M\u00c9S AIRE, M\u00c9S EFICIENT\u2026 M\u00c9S FRESC, M\u00c9S PUR<\/strong><\/p>\n<ul>\n<li>Alta efici\u00e8ncia energ\u00e8tica SER de fins a 9,5!<\/li>\n<li>Sensor de pres\u00e8ncia incorporat per Estalviar Energia<\/li>\n<li>Control d&#039;humitat (entre 35% i 85%)<\/li>\n<li>M\u00f2dul multifunci\u00f3 incl\u00f2s (port ON\/OFF i control central)<\/li>\n<li>Estalvia temps d&#039;instal\u00b7laci\u00f3 i manteniment!<\/li>\n<li>Desmunta la unitat interior en menys d&#039;1 minut Nom\u00e9s 1 cargol!<\/li>\n<li>Alhora cuida la salut de les persones gr\u00e0cies a la funci\u00f3 purificaci\u00f3 d&#039;aire mitjan\u00e7ant Ionitzador<\/li>\n<\/ul>\n<p><strong>M\u00c9S EFICI\u00c8NCIA:<\/strong>\u00a0Gr\u00e0cies a la posici\u00f3 frontal del quadre el\u00e8ctric, s&#039;incrementa l&#039;espai d&#039;entrada i sortida d&#039;aire, aix\u00ed la s\u00e8rie H14X proporciona un rendiment superior.<\/p>\n<p><strong>AIRE FRESC (ION):<\/strong>\u00a0Incorpora ionitzador per generar OH(-) i aix\u00ed purificar l&#039;aire desactivant bacteris, virus i altres pat\u00f2gens, proporcionant una sensaci\u00f3 de frescor molt agradable.<\/p>\n<p><strong>MINIMITZA ELS TREBALLS M\u00c9S HABITUALS:\u00a0<\/strong>F\u00e0cil des acoblament dels components: Turbina, motor ventilador, safata de condensats. Filtre d\u02bbaire subjecte amb imants. Quadre el\u00e8ctric frontal. Pestanyes de desmuntatge. Nom\u00e9s 1 cargol dins aquesta pestanya.<\/p>\n<p><strong>CONTROL REMOT MULTIFUNCI\u00d3 PREMIUM<\/strong><\/p>\n<p><strong>PANTALLA RETROIL\u00b7LUMINADA DE GRAN MIDA:<\/strong>\u00a0El control remot RG10 disposa d&#039;una gran pantalla per poder mostrar totes les funcions dels nous equips, com ara:<\/p>\n<ul>\n<li>Ajust de la velocitat del ventilador des de 1% al 100% a<br \/>\nincrements del 1%.<\/li>\n<li>Funcions: \u201cBreeze Away\u201d, \u201cSleep\u201d, \u201cFollow me\u201d, \u201cClean\u201d, \u201cFresh\u201d, \u201cTurbo\u201d, \u201cLED\u201d, \u201cSwing\u201d, \u201cECO\u201d, \u201cGear\u201d i Temporitzador.<\/li>\n<\/ul>\n<p><strong>ESTALVIA TEMPS EN MANTENIMENT:<\/strong>\u00a0Finalment, el nou control remot tamb\u00e9 permet consultar par\u00e0metres de funcionament. Consulteu la freq\u00fc\u00e8ncia de funcionament o les temperatures de tots els sensors de lequip f\u00e0cilment a trav\u00e9s del display de la unitat interior.<\/p>\n<div class=\"background-image\"><b><i>REFRIGERACI\u00d3<\/i><\/b><\/div>\n<div class=\"background-image\">\n<ul>\n<li><em>Capacitat nominal (m\u00edn ~ m\u00e0x) kW 5,28 (3,75 \u2013 6,13)<\/em><\/li>\n<li><em>Consum nominal (m\u00edn ~ m\u00e0x) kW 1,31 (0,58 \u2013 1,78)<\/em><\/li>\n<li><em>SEER 8,6 Etiquetatge energ\u00e8tic A+++<\/em><\/li>\n<li><em>Consum d&#039;energia anual kWh\/any 220<\/em><\/li>\n<\/ul>\n<\/div>\n<div class=\"background-image\"><em><b>CALEFACCI\u00d3<\/b><br \/>\n<\/em><\/div>\n<div class=\"background-image\">\n<ul>\n<li><em>Capacitat nominal (m\u00edn ~ m\u00e0x) kW 5,57 (2,58 \u2013 6,77)<\/em><\/li>\n<li><em>Consum nominal (m\u00edn ~ m\u00e0x) kW 1,50 (0,94 \u2013 1,69)<\/em><\/li>\n<\/ul>\n<\/div>\n<div class=\"background-image\"><strong><em>Zona clim\u00e0tica interm\u00e8dia<\/em><\/strong><\/div>\n<div class=\"background-image\">\n<ul>\n<li><em>SCOP 4,3<\/em><\/li>\n<li><em>Etiquetatge energ\u00e8tic<strong>\u00a0A+<\/strong><\/em><\/li>\n<li><em>Consum d&#039;energia anual kWh\/any<strong>\u00a01400<\/strong><\/em><\/li>\n<\/ul>\n<\/div>\n<div class=\"background-image\"><strong><em>Zona clim\u00e0tica c\u00e0lida<\/em><\/strong><\/div>\n<div class=\"background-image\">\n<ul>\n<li><em>SCOP\u00a0<b>\u00a0<\/b>5,4<\/em><\/li>\n<li><em>Etiquetatge energ\u00e8tic<strong>\u00a0A+++<\/strong><\/em><\/li>\n<li><em>Consum d&#039;energia anual kWh\/any<strong>\u00a01117<\/strong><\/em><\/li>\n<\/ul>\n<\/div>","protected":false},"excerpt":{"rendered":"<p>AIRE CONDICIONAT INVERTER MUNDOCLIMA Model MUPR-18-H14X 4472 Frigories \/ 4558 Calories Classificaci\u00f3 Energ\u00e8tica A+++ \/ R32, amb Sensor de pres\u00e8ncia incorporat per Estalviar Energia i WIFI incl\u00f2s. M\u00c9S AIRE, M\u00c9S EFICIENT\u2026 M\u00c9S FRESC, M\u00c9S PUR Alta efici\u00e8ncia energ\u00e8tica SER de fins a 9,5! Sensor de pres\u00e8ncia incorporat per Estalviar Energia Control d&#039;humitat (entre 35% i\u2026<\/p>","protected":false},"featured_media":6218,"comment_status":"open","ping_status":"closed","template":"","meta":{"_kad_blocks_custom_css":"","_kad_blocks_head_custom_js":"","_kad_blocks_body_custom_js":"","_kad_blocks_footer_custom_js":"","_kad_post_transparent":"default","_kad_post_title":"","_kad_post_layout":"default","_kad_post_sidebar_id":"","_kad_post_content_style":"default","_kad_post_vertical_padding":"default","_kad_post_feature":"","_kad_post_feature_position":"","_kad_post_header":false,"_kad_post_footer":false,"_joinchat":[]},"product_brand":[],"product_cat":[278,242],"product_tag":[],"class_list":{"0":"post-5724","1":"product","2":"type-product","3":"status-publish","4":"has-post-thumbnail","6":"product_cat-split-1x1","7":"product_cat-splits","9":"first","10":"instock","11":"taxable","12":"shipping-taxable","13":"product-type-external","14":"add-to-wishlist-before_image","15":"entry","16":"content-bg","17":"loop-entry"},"taxonomy_info":{"product_cat":[{"value":278,"label":"Split 1x1"},{"value":242,"label":"Splits"}]},"featured_image_src_large":["https:\/\/tienda.pujolclima.com\/wp-content\/uploads\/2024\/09\/MUNDOCLIMA-MUPR.jpg",800,800,false],"author_info":[],"comment_info":0,"_links":{"self":[{"href":"https:\/\/tienda.pujolclima.com\/ca\/wp-json\/wp\/v2\/product\/5724","targetHints":{"allow":["GET"]}}],"collection":[{"href":"https:\/\/tienda.pujolclima.com\/ca\/wp-json\/wp\/v2\/product"}],"about":[{"href":"https:\/\/tienda.pujolclima.com\/ca\/wp-json\/wp\/v2\/types\/product"}],"replies":[{"embeddable":true,"href":"https:\/\/tienda.pujolclima.com\/ca\/wp-json\/wp\/v2\/comments?post=5724"}],"wp:featuredmedia":[{"embeddable":true,"href":"https:\/\/tienda.pujolclima.com\/ca\/wp-json\/wp\/v2\/media\/6218"}],"wp:attachment":[{"href":"https:\/\/tienda.pujolclima.com\/ca\/wp-json\/wp\/v2\/media?parent=5724"}],"wp:term":[{"taxonomy":"product_brand","embeddable":true,"href":"https:\/\/tienda.pujolclima.com\/ca\/wp-json\/wp\/v2\/product_brand?post=5724"},{"taxonomy":"product_cat","embeddable":true,"href":"https:\/\/tienda.pujolclima.com\/ca\/wp-json\/wp\/v2\/product_cat?post=5724"},{"taxonomy":"product_tag","embeddable":true,"href":"https:\/\/tienda.pujolclima.com\/ca\/wp-json\/wp\/v2\/product_tag?post=5724"}],"curies":[{"name":"wp","href":"https:\/\/api.w.org\/{rel}","templated":true}]}}