{"id":5721,"date":"2024-09-27T10:03:26","date_gmt":"2024-09-27T08:03:26","guid":{"rendered":"https:\/\/tienda.pujolclima.com\/?post_type=product&#038;p=5721"},"modified":"2026-03-24T19:15:56","modified_gmt":"2026-03-24T18:15:56","slug":"mucr-30-h15","status":"publish","type":"product","link":"https:\/\/tienda.pujolclima.com\/ca\/producte\/mucr-30-h15\/","title":{"rendered":"Aire Condicionat MUNDOCLIMA MUCR-30-H15"},"content":{"rendered":"<h3>Caracter\u00edstiques<\/h3>\n<ul>\n<li>Alimentaci\u00f3 nom\u00e9s a la ut. exterior<\/li>\n<li>Disseny baixa silueta<\/li>\n<li>Bomba drenatge<\/li>\n<li>Temporitzador setmanal complet<\/li>\n<li>Funci\u00f3 Follow Me (iFeel)<\/li>\n<li>Entrada d\u00b4aire exterior<\/li>\n<li>Filtres extra\u00efbles<\/li>\n<li>Retorn configurable<\/li>\n<li>Compatibilitat de canonades<\/li>\n<li>Detecci\u00f3 de fuites de refrigerant<\/li>\n<li>Mode enginyeria<\/li>\n<li>Ajustament del rang de temp. de consigna<\/li>\n<li>Compensaci\u00f3 de temperatura<\/li>\n<li>Pressi\u00f3 est\u00e0tica configurable<\/li>\n<li>Senyals remots (CP)<\/li>\n<li>Rearmament autom\u00e0tic<\/li>\n<li>Prevenci\u00f3 d&#039;aire fred<\/li>\n<li>Funcionament Turbo<\/li>\n<li>GEAR<\/li>\n<li>Unitats exteriors d&#039;un sol ventilador<\/li>\n<li>Funci\u00f3 Twin (2\u00d71, 3\u00d71, 4\u00d71)<\/li>\n<li>Refrigeraci\u00f3 a temperatures baixes<\/li>\n<li>SUPER DC<\/li>\n<li>Mode Nit<\/li>\n<li>Control de paret retroil\u00b7luminat<\/li>\n<li>Golden Fin<\/li>\n<li>Control centralitzat CCM<\/li>\n<li>Wifi<\/li>\n<li>Rotaci\u00f3 &amp; Back up<\/li>\n<\/ul>","protected":false},"excerpt":{"rendered":"<p>Caracter\u00edstiques Alimentaci\u00f3 nom\u00e9s a la u. exterior Disseny baixa silueta Bomba drenatge Temporitzador setmanal complet Funci\u00f3 Follow Me (iFeel) Entrada d&#039;aire exterior Filtres extra\u00efbles Retorn configurable Compatibilitat de canonades Detecci\u00f3 de fuites de refrigerant Mode enginyeria Ajust del rang de temp. de consigna Compensaci\u00f3 de temperatura Pressi\u00f3 est\u00e0tica configurable Senyals remots (CP) Rearmament autom\u00e0tic\u2026<\/p>","protected":false},"featured_media":6220,"comment_status":"open","ping_status":"closed","template":"","meta":{"_kad_blocks_custom_css":"","_kad_blocks_head_custom_js":"","_kad_blocks_body_custom_js":"","_kad_blocks_footer_custom_js":"","_kad_post_transparent":"default","_kad_post_title":"","_kad_post_layout":"default","_kad_post_sidebar_id":"","_kad_post_content_style":"default","_kad_post_vertical_padding":"default","_kad_post_feature":"","_kad_post_feature_position":"","_kad_post_header":false,"_kad_post_footer":false,"_joinchat":[]},"product_brand":[],"product_cat":[243],"product_tag":[],"class_list":{"0":"post-5721","1":"product","2":"type-product","3":"status-publish","4":"has-post-thumbnail","6":"product_cat-conductos","8":"first","9":"instock","10":"taxable","11":"shipping-taxable","12":"product-type-external","13":"add-to-wishlist-before_image","14":"entry","15":"content-bg","16":"loop-entry"},"taxonomy_info":{"product_cat":[{"value":243,"label":"Conductos"}]},"featured_image_src_large":["https:\/\/tienda.pujolclima.com\/wp-content\/uploads\/2024\/09\/mundoclima-de-6027-frig-mucr-24-h14-clase-aa-wifi-incluido.jpg",800,800,false],"author_info":[],"comment_info":0,"_links":{"self":[{"href":"https:\/\/tienda.pujolclima.com\/ca\/wp-json\/wp\/v2\/product\/5721","targetHints":{"allow":["GET"]}}],"collection":[{"href":"https:\/\/tienda.pujolclima.com\/ca\/wp-json\/wp\/v2\/product"}],"about":[{"href":"https:\/\/tienda.pujolclima.com\/ca\/wp-json\/wp\/v2\/types\/product"}],"replies":[{"embeddable":true,"href":"https:\/\/tienda.pujolclima.com\/ca\/wp-json\/wp\/v2\/comments?post=5721"}],"wp:featuredmedia":[{"embeddable":true,"href":"https:\/\/tienda.pujolclima.com\/ca\/wp-json\/wp\/v2\/media\/6220"}],"wp:attachment":[{"href":"https:\/\/tienda.pujolclima.com\/ca\/wp-json\/wp\/v2\/media?parent=5721"}],"wp:term":[{"taxonomy":"product_brand","embeddable":true,"href":"https:\/\/tienda.pujolclima.com\/ca\/wp-json\/wp\/v2\/product_brand?post=5721"},{"taxonomy":"product_cat","embeddable":true,"href":"https:\/\/tienda.pujolclima.com\/ca\/wp-json\/wp\/v2\/product_cat?post=5721"},{"taxonomy":"product_tag","embeddable":true,"href":"https:\/\/tienda.pujolclima.com\/ca\/wp-json\/wp\/v2\/product_tag?post=5721"}],"curies":[{"name":"wp","href":"https:\/\/api.w.org\/{rel}","templated":true}]}}