{"id":5717,"date":"2024-09-27T10:07:35","date_gmt":"2024-09-27T08:07:35","guid":{"rendered":"https:\/\/tienda.pujolclima.com\/?post_type=product&#038;p=5717"},"modified":"2026-03-24T19:14:47","modified_gmt":"2026-03-24T18:14:47","slug":"split-de-pared-mupr-09-h14","status":"publish","type":"product","link":"https:\/\/tienda.pujolclima.com\/ca\/producte\/split-de-pared-mupr-09-h14\/","title":{"rendered":"Aire Condicionat MUNDOCLIMA MUPR-09-H14"},"content":{"rendered":"<h3>Caracter\u00edstiques<\/h3>\n<ul>\n<li>Alta efici\u00e8ncia energ\u00e8tica SER de fins a 9,5!<\/li>\n<li>Sensor de pres\u00e8ncia incorporat per Estalviar Energia<\/li>\n<li>Control d&#039;humitat (entre 35% i 85%)<\/li>\n<li>M\u00f2dul multifunci\u00f3 incl\u00f2s (port ON\/OFF i control central)<\/li>\n<li>Estalvia temps d&#039;instal\u00b7laci\u00f3 i manteniment!<\/li>\n<li>Desmunta la unitat interior en menys de 1 minut.<\/li>\n<li>Alhora cuida la salut de les persones gr\u00e0cies a la funci\u00f3 purificaci\u00f3 d&#039;aire mitjan\u00e7ant Ionitzador<\/li>\n<\/ul>\n<div class=\"vc_message_box vc_message_box-standard vc_message_box-rounded vc_color-peacoc\">\n<h4>M\u00c9S EFICI\u00c8NCIA<\/h4>\n<p>Gr\u00e0cies a la posici\u00f3 frontal del quadre el\u00e8ctric, s&#039;incrementa l&#039;espai d&#039;entrada i sortida d&#039;aire, aix\u00ed la s\u00e8rie H14X proporciona un rendiment superior.<\/p>\n<\/div>\n<div class=\"vc_message_box vc_message_box-standard vc_message_box-rounded vc_color-peacoc\">\n<div class=\"vc_message_box-icon\"><\/div>\n<h4>AIRE FRESC (ION)<\/h4>\n<p>Incorpora ionitzador per generar OH(-) i aix\u00ed purificar l&#039;aire<br \/>\ndesactivant bacteris, virus i altres pat\u00f2gens, proporcionant una sensaci\u00f3 de frescor molt agradable.<\/p>\n<\/div>","protected":false},"excerpt":{"rendered":"<p>Caracter\u00edstiques Alta efici\u00e8ncia energ\u00e8tica \u00a1SEER de fins a 9,5! Sensor de pres\u00e8ncia incorporat per Estalviar Energia Control d&#039;humitat (entre 35% i 85%) M\u00f2dul multifunci\u00f3 incl\u00f2s (port ON\/OFF i control central) Estalvia temps d&#039;instal\u00b7laci\u00f3 i manteniment! Desmuntar la unitat interior en menys d&#039;1 minut. Alhora cuida la salut de les persones gr\u00e0cies\u2026<\/p>","protected":false},"featured_media":6218,"comment_status":"open","ping_status":"closed","template":"","meta":{"_kad_blocks_custom_css":"","_kad_blocks_head_custom_js":"","_kad_blocks_body_custom_js":"","_kad_blocks_footer_custom_js":"","_kad_post_transparent":"default","_kad_post_title":"","_kad_post_layout":"default","_kad_post_sidebar_id":"","_kad_post_content_style":"default","_kad_post_vertical_padding":"default","_kad_post_feature":"","_kad_post_feature_position":"","_kad_post_header":false,"_kad_post_footer":false,"_joinchat":[]},"product_brand":[],"product_cat":[278,242],"product_tag":[],"class_list":{"0":"post-5717","1":"product","2":"type-product","3":"status-publish","4":"has-post-thumbnail","6":"product_cat-split-1x1","7":"product_cat-splits","9":"first","10":"instock","11":"taxable","12":"shipping-taxable","13":"product-type-external","14":"add-to-wishlist-before_image","15":"entry","16":"content-bg","17":"loop-entry"},"taxonomy_info":{"product_cat":[{"value":278,"label":"Split 1x1"},{"value":242,"label":"Splits"}]},"featured_image_src_large":["https:\/\/tienda.pujolclima.com\/wp-content\/uploads\/2024\/09\/MUNDOCLIMA-MUPR.jpg",800,800,false],"author_info":[],"comment_info":0,"_links":{"self":[{"href":"https:\/\/tienda.pujolclima.com\/ca\/wp-json\/wp\/v2\/product\/5717","targetHints":{"allow":["GET"]}}],"collection":[{"href":"https:\/\/tienda.pujolclima.com\/ca\/wp-json\/wp\/v2\/product"}],"about":[{"href":"https:\/\/tienda.pujolclima.com\/ca\/wp-json\/wp\/v2\/types\/product"}],"replies":[{"embeddable":true,"href":"https:\/\/tienda.pujolclima.com\/ca\/wp-json\/wp\/v2\/comments?post=5717"}],"wp:featuredmedia":[{"embeddable":true,"href":"https:\/\/tienda.pujolclima.com\/ca\/wp-json\/wp\/v2\/media\/6218"}],"wp:attachment":[{"href":"https:\/\/tienda.pujolclima.com\/ca\/wp-json\/wp\/v2\/media?parent=5717"}],"wp:term":[{"taxonomy":"product_brand","embeddable":true,"href":"https:\/\/tienda.pujolclima.com\/ca\/wp-json\/wp\/v2\/product_brand?post=5717"},{"taxonomy":"product_cat","embeddable":true,"href":"https:\/\/tienda.pujolclima.com\/ca\/wp-json\/wp\/v2\/product_cat?post=5717"},{"taxonomy":"product_tag","embeddable":true,"href":"https:\/\/tienda.pujolclima.com\/ca\/wp-json\/wp\/v2\/product_tag?post=5717"}],"curies":[{"name":"wp","href":"https:\/\/api.w.org\/{rel}","templated":true}]}}