{"id":5595,"date":"2024-07-26T11:10:12","date_gmt":"2024-07-26T09:10:12","guid":{"rendered":"https:\/\/tienda.pujolclima.com\/?post_type=product&#038;p=5595"},"modified":"2026-03-24T19:18:05","modified_gmt":"2026-03-24T18:18:05","slug":"pack-mantenimiento-de-caldera-plus","status":"publish","type":"product","link":"https:\/\/tienda.pujolclima.com\/ca\/producte\/pack-mantenimiento-de-caldera-plus\/","title":{"rendered":"Pack Manteniment S\u00f2l Radiant"},"content":{"rendered":"<h2 style=\"font-weight: 400;\"><strong>PACK S\u00d2L RADIANT<\/strong><\/h2>\n<p>Paquet de manteniment en habitatges des de 45 m2 fins a 90m2 de sistema de calefacci\u00f3 mitjan\u00e7ant s\u00f2l radiant en qu\u00e8 farem una revisi\u00f3 de llots a la instal\u00b7laci\u00f3, aix\u00ed com verificaci\u00f3 del correcte funcionament d&#039;aquest i equilibrat dels cabal\u00edmetres. (Aquest pack nom\u00e9s inclou un col\u00b7lector).<\/p>\n<h3 class=\"wp-block-heading\">Qu\u00e8 inclou el pack terra radiant?<\/h3>\n<ul>\n<li style=\"font-weight: 400;\">Revisi\u00f3 general del sistema<\/li>\n<li>Despla\u00e7ament.<\/li>\n<li>Buideu tot el contingut d&#039;aigua.<\/li>\n<li>Utilitzar aigua a pressi\u00f3 per netejar tots els circuits i els col\u00b7lectors.<\/li>\n<li>Netejar circuit amb additius desincrustant per retirar el fang existent.<\/li>\n<li>Netejar les v\u00e0lvules.<\/li>\n<li>Control de temperatures i anells.<\/li>\n<li>Verificaci\u00f3 de lalimentaci\u00f3 el\u00e8ctrica.<\/li>\n<li>Control de pressions i elements de seguretat.<\/li>\n<li style=\"font-weight: 400;\">Verificaci\u00f3 i inspecci\u00f3 de v\u00e0lvules de col\u00b7lector.<\/li>\n<li>Verificaci\u00f3 de bomba de circulaci\u00f3.<\/li>\n<li>\u00a0M\u00e0 d\u00b4obra especialitzada.<\/li>\n<li>Ajustaments i posada en marxa.<\/li>\n<\/ul>","protected":false},"excerpt":{"rendered":"<p>PACK S\u00d2L RADIANT Paquet de manteniment en habitatges des de 45 m2 fins a 90m2 de sistema de calefacci\u00f3 mitjan\u00e7ant s\u00f2l radiant en qu\u00e8 farem una revisi\u00f3 de llots a la instal\u00b7laci\u00f3, aix\u00ed com verificaci\u00f3 del correcte funcionament d&#039;aquest i equilibrat dels cabal\u00edmetres. (Aquest pack nom\u00e9s inclou un col\u00b7lector). Qu\u00e8 inclou el pack s\u00f2l\u2026<\/p>","protected":false},"featured_media":5781,"comment_status":"open","ping_status":"closed","template":"","meta":{"_kad_blocks_custom_css":"","_kad_blocks_head_custom_js":"","_kad_blocks_body_custom_js":"","_kad_blocks_footer_custom_js":"","_kad_post_transparent":"default","_kad_post_title":"","_kad_post_layout":"default","_kad_post_sidebar_id":"","_kad_post_content_style":"default","_kad_post_vertical_padding":"default","_kad_post_feature":"","_kad_post_feature_position":"","_kad_post_header":false,"_kad_post_footer":false,"_joinchat":[]},"product_brand":[],"product_cat":[246],"product_tag":[],"class_list":{"0":"post-5595","1":"product","2":"type-product","3":"status-publish","4":"has-post-thumbnail","6":"product_cat-packs-mantenimiento","8":"first","9":"instock","10":"taxable","11":"shipping-taxable","12":"product-type-external","13":"add-to-wishlist-before_image","14":"entry","15":"content-bg","16":"loop-entry"},"taxonomy_info":{"product_cat":[{"value":246,"label":"Packs mantenimiento"}]},"featured_image_src_large":["https:\/\/tienda.pujolclima.com\/wp-content\/uploads\/2024\/07\/Packs-SUELO-copia.png",618,661,false],"author_info":[],"comment_info":0,"_links":{"self":[{"href":"https:\/\/tienda.pujolclima.com\/ca\/wp-json\/wp\/v2\/product\/5595","targetHints":{"allow":["GET"]}}],"collection":[{"href":"https:\/\/tienda.pujolclima.com\/ca\/wp-json\/wp\/v2\/product"}],"about":[{"href":"https:\/\/tienda.pujolclima.com\/ca\/wp-json\/wp\/v2\/types\/product"}],"replies":[{"embeddable":true,"href":"https:\/\/tienda.pujolclima.com\/ca\/wp-json\/wp\/v2\/comments?post=5595"}],"wp:featuredmedia":[{"embeddable":true,"href":"https:\/\/tienda.pujolclima.com\/ca\/wp-json\/wp\/v2\/media\/5781"}],"wp:attachment":[{"href":"https:\/\/tienda.pujolclima.com\/ca\/wp-json\/wp\/v2\/media?parent=5595"}],"wp:term":[{"taxonomy":"product_brand","embeddable":true,"href":"https:\/\/tienda.pujolclima.com\/ca\/wp-json\/wp\/v2\/product_brand?post=5595"},{"taxonomy":"product_cat","embeddable":true,"href":"https:\/\/tienda.pujolclima.com\/ca\/wp-json\/wp\/v2\/product_cat?post=5595"},{"taxonomy":"product_tag","embeddable":true,"href":"https:\/\/tienda.pujolclima.com\/ca\/wp-json\/wp\/v2\/product_tag?post=5595"}],"curies":[{"name":"wp","href":"https:\/\/api.w.org\/{rel}","templated":true}]}}