{"id":5594,"date":"2024-07-26T11:11:18","date_gmt":"2024-07-26T09:11:18","guid":{"rendered":"https:\/\/tienda.pujolclima.com\/?post_type=product&#038;p=5594"},"modified":"2026-03-24T19:17:00","modified_gmt":"2026-03-24T18:17:00","slug":"pack-mantenimiento-de-caldera-de-gasoil","status":"publish","type":"product","link":"https:\/\/tienda.pujolclima.com\/ca\/producte\/pack-mantenimiento-de-caldera-de-gasoil\/","title":{"rendered":"Pack manteniment de caldera de gasoil"},"content":{"rendered":"<h2 class=\"kt-adv-heading645_0472bb-56 wp-block-kadence-advancedheading\" data-kb-block=\"kb-adv-heading645_0472bb-56\">Pack Gasoil<\/h2>\n<p>Paquet de manteniment de caldera de gasoil, que inclou accions espec\u00edfiques per evitar el deteriorament preco\u00e7, optimitzant aix\u00ed el funcionament i rendiment de la teva caldera de gasoil. Aquesta revisi\u00f3 de manteniment s&#039;ha de fer anualment, per evitar possibles accidents.<\/p>\n<p>Treballem a tot el Vall\u00e8s, a la prov\u00edncia de Barcelona: Sabadell, Terrassa, Sant Cugat, Rub\u00ed, Sant Quirze, Granollers, Caldes de Montbui, Montcada i Reixac, Mollet, Martorell, Castellar del Vall\u00e8s, Cerdanyola, Valldoreix, Matadepera, Castellbisbal, La Floresta, etc.<\/p>\n<h3 class=\"wp-block-heading\">Qu\u00e8 inclou el pack gasoil?<\/h3>\n<ul class=\"wp-block-list\">\n<li>Verificaci\u00f3 de lequip.<\/li>\n<li>Purga de la instal\u00b7laci\u00f3<\/li>\n<li>Regulaci\u00f3 demissors.<\/li>\n<li>Control d&#039;elements de seguretat.<\/li>\n<li>Neteja cambra de combusti\u00f3.<\/li>\n<li>Neteja de filtres i injectors.<\/li>\n<li>An\u00e0lisi de combusti\u00f3.<\/li>\n<li>M\u00e0 dobra i despla\u00e7ament especialitzada.<\/li>\n<li>Atenci\u00f3 i suport t\u00e8cnic telef\u00f2nic.<\/li>\n<li>Ajustaments i posada en marxa.<\/li>\n<\/ul>","protected":false},"excerpt":{"rendered":"<p>Pack Gasoil Paquet de manteniment de caldera de gasoil, que inclou accions espec\u00edfiques per evitar el deteriorament preco\u00e7, optimitzant aix\u00ed el funcionament i rendiment de la teva caldera de gasoil. Aquesta revisi\u00f3 de manteniment s&#039;ha de fer anualment, per evitar possibles accidents. Treballem a tot el Vall\u00e8s, a la prov\u00edncia de Barcelona: Sabadell, Terrassa, Sant Cugat, Rub\u00ed,\u2026<\/p>","protected":false},"featured_media":5590,"comment_status":"open","ping_status":"closed","template":"","meta":{"_kad_blocks_custom_css":"","_kad_blocks_head_custom_js":"","_kad_blocks_body_custom_js":"","_kad_blocks_footer_custom_js":"","_kad_post_transparent":"default","_kad_post_title":"","_kad_post_layout":"default","_kad_post_sidebar_id":"","_kad_post_content_style":"default","_kad_post_vertical_padding":"default","_kad_post_feature":"","_kad_post_feature_position":"","_kad_post_header":false,"_kad_post_footer":false,"_joinchat":[]},"product_brand":[],"product_cat":[246],"product_tag":[],"class_list":{"0":"post-5594","1":"product","2":"type-product","3":"status-publish","4":"has-post-thumbnail","6":"product_cat-packs-mantenimiento","8":"first","9":"instock","10":"taxable","11":"shipping-taxable","12":"product-type-external","13":"add-to-wishlist-before_image","14":"entry","15":"content-bg","16":"loop-entry"},"taxonomy_info":{"product_cat":[{"value":246,"label":"Packs mantenimiento"}]},"featured_image_src_large":["https:\/\/tienda.pujolclima.com\/wp-content\/uploads\/2024\/07\/mantenimiento_de_caldera_gasoil_sabadell_san_cugat_san_quirze_barcelona.png",618,661,false],"author_info":[],"comment_info":0,"_links":{"self":[{"href":"https:\/\/tienda.pujolclima.com\/ca\/wp-json\/wp\/v2\/product\/5594","targetHints":{"allow":["GET"]}}],"collection":[{"href":"https:\/\/tienda.pujolclima.com\/ca\/wp-json\/wp\/v2\/product"}],"about":[{"href":"https:\/\/tienda.pujolclima.com\/ca\/wp-json\/wp\/v2\/types\/product"}],"replies":[{"embeddable":true,"href":"https:\/\/tienda.pujolclima.com\/ca\/wp-json\/wp\/v2\/comments?post=5594"}],"wp:featuredmedia":[{"embeddable":true,"href":"https:\/\/tienda.pujolclima.com\/ca\/wp-json\/wp\/v2\/media\/5590"}],"wp:attachment":[{"href":"https:\/\/tienda.pujolclima.com\/ca\/wp-json\/wp\/v2\/media?parent=5594"}],"wp:term":[{"taxonomy":"product_brand","embeddable":true,"href":"https:\/\/tienda.pujolclima.com\/ca\/wp-json\/wp\/v2\/product_brand?post=5594"},{"taxonomy":"product_cat","embeddable":true,"href":"https:\/\/tienda.pujolclima.com\/ca\/wp-json\/wp\/v2\/product_cat?post=5594"},{"taxonomy":"product_tag","embeddable":true,"href":"https:\/\/tienda.pujolclima.com\/ca\/wp-json\/wp\/v2\/product_tag?post=5594"}],"curies":[{"name":"wp","href":"https:\/\/api.w.org\/{rel}","templated":true}]}}