{"id":5585,"date":"2024-07-26T11:09:30","date_gmt":"2024-07-26T09:09:30","guid":{"rendered":"https:\/\/tienda.pujolclima.com\/?post_type=product&#038;p=5585"},"modified":"2026-03-24T19:18:41","modified_gmt":"2026-03-24T18:18:41","slug":"pack-mantenimiento-de-caldera","status":"publish","type":"product","link":"https:\/\/tienda.pujolclima.com\/ca\/producte\/pack-mantenimiento-de-caldera\/","title":{"rendered":"Pack manteniment de Caldera"},"content":{"rendered":"<h2 class=\"kt-adv-heading629_532925-02 wp-block-kadence-advancedheading\" data-kb-block=\"kb-adv-heading629_532925-02\">Pack Llar<\/h2>\n<p>Paquet de manteniment de caldera que inclou accions espec\u00edfiques per evitar el deteriorament preco\u00e7, optimitzant aix\u00ed el funcionament i el rendiment d&#039;aquesta. El nou reglament de les instal\u00b7lacions t\u00e8rmiques als edificis (Reial Decret 1027\/2007), que va entrar en vigor l&#039;1 de mar\u00e7 de 2008, obliga els usuaris de calderes i escalfadors a gas, a realitzar una revisi\u00f3 obligat\u00f2ria de la instal\u00b7laci\u00f3, anualment . Aquesta revisi\u00f3 de manteniment, l&#039;ha de fer una empresa autoritzada, que emetr\u00e0 el certificat ISO 9001. Treballem a tot el Vall\u00e8s, a la prov\u00edncia de Barcelona: Sabadell, Terrassa, Sant Cugat, Rub\u00ed, Sant Quirze, Granollers, Caldes de Montbui, Montcada i Reixac, Mollet, Martorell, Castellar Vall\u00e8s, Cerdanyola, Valldoreix, Matadepera, Castellbisbal, La Floresta, etc.<\/p>\n<h3 class=\"wp-block-heading\">Qu\u00e8 inclou el pack llar?<\/h3>\n<ul class=\"wp-block-list\">\n<li>Revisi\u00f3 anual on es far\u00e0 una verificaci\u00f3 general de lequip.<\/li>\n<li>Despla\u00e7ament.<\/li>\n<li>Purga de la instal\u00b7laci\u00f3 i regulaci\u00f3 d&#039;emissors.<\/li>\n<li>Control d&#039;elements de seguretat.<\/li>\n<li>An\u00e0lisi de combusti\u00f3.<\/li>\n<li>Neteja de cremador.<\/li>\n<li>M\u00e0 d\u00b4obra de l\u00b4operari inclosa fins a 1 hora.<\/li>\n<li>Es proporcionar\u00e0 al client el certificat obligatori.<\/li>\n<li>Prioritat al servei t\u00e8cnic.<\/li>\n<\/ul>","protected":false},"excerpt":{"rendered":"<p>Pack Llar Paquet de manteniment de caldera que inclou accions espec\u00edfiques per evitar el deteriorament preco\u00e7, optimitzant aix\u00ed el funcionament i el rendiment d&#039;aquesta. El nou reglament de les instal\u00b7lacions t\u00e8rmiques als edificis (Reial Decret 1027\/2007), que va entrar en vigor l&#039;1 de mar\u00e7 de 2008, obliga els usuaris de calderes i escalfadors\u2026<\/p>","protected":false},"featured_media":5589,"comment_status":"open","ping_status":"closed","template":"","meta":{"_kad_blocks_custom_css":"","_kad_blocks_head_custom_js":"","_kad_blocks_body_custom_js":"","_kad_blocks_footer_custom_js":"","_kad_post_transparent":"default","_kad_post_title":"","_kad_post_layout":"default","_kad_post_sidebar_id":"","_kad_post_content_style":"default","_kad_post_vertical_padding":"default","_kad_post_feature":"","_kad_post_feature_position":"","_kad_post_header":false,"_kad_post_footer":false,"_joinchat":[]},"product_brand":[],"product_cat":[246],"product_tag":[],"class_list":{"0":"post-5585","1":"product","2":"type-product","3":"status-publish","4":"has-post-thumbnail","6":"product_cat-packs-mantenimiento","8":"first","9":"instock","10":"taxable","11":"shipping-taxable","12":"product-type-external","13":"add-to-wishlist-before_image","14":"entry","15":"content-bg","16":"loop-entry"},"taxonomy_info":{"product_cat":[{"value":246,"label":"Packs mantenimiento"}]},"featured_image_src_large":["https:\/\/tienda.pujolclima.com\/wp-content\/uploads\/2024\/07\/oferta_mantenimiento_de-calefaccion_sabadell_san_cugat_san_quirze_barcelona.png",618,661,false],"author_info":[],"comment_info":0,"_links":{"self":[{"href":"https:\/\/tienda.pujolclima.com\/ca\/wp-json\/wp\/v2\/product\/5585","targetHints":{"allow":["GET"]}}],"collection":[{"href":"https:\/\/tienda.pujolclima.com\/ca\/wp-json\/wp\/v2\/product"}],"about":[{"href":"https:\/\/tienda.pujolclima.com\/ca\/wp-json\/wp\/v2\/types\/product"}],"replies":[{"embeddable":true,"href":"https:\/\/tienda.pujolclima.com\/ca\/wp-json\/wp\/v2\/comments?post=5585"}],"wp:featuredmedia":[{"embeddable":true,"href":"https:\/\/tienda.pujolclima.com\/ca\/wp-json\/wp\/v2\/media\/5589"}],"wp:attachment":[{"href":"https:\/\/tienda.pujolclima.com\/ca\/wp-json\/wp\/v2\/media?parent=5585"}],"wp:term":[{"taxonomy":"product_brand","embeddable":true,"href":"https:\/\/tienda.pujolclima.com\/ca\/wp-json\/wp\/v2\/product_brand?post=5585"},{"taxonomy":"product_cat","embeddable":true,"href":"https:\/\/tienda.pujolclima.com\/ca\/wp-json\/wp\/v2\/product_cat?post=5585"},{"taxonomy":"product_tag","embeddable":true,"href":"https:\/\/tienda.pujolclima.com\/ca\/wp-json\/wp\/v2\/product_tag?post=5585"}],"curies":[{"name":"wp","href":"https:\/\/api.w.org\/{rel}","templated":true}]}}