{"id":5210,"date":"2024-06-21T13:26:12","date_gmt":"2024-06-21T11:26:12","guid":{"rendered":"https:\/\/tienda.pujolclima.com\/?page_id=5210"},"modified":"2024-06-25T13:08:51","modified_gmt":"2024-06-25T11:08:51","slug":"envios-cambios-y-devoluciones","status":"publish","type":"page","link":"https:\/\/tienda.pujolclima.com\/ca\/envios-cambios-y-devoluciones\/","title":{"rendered":"Enviaments, canvis i devolucions"},"content":{"rendered":"<p><strong>Garanties als nostres productes<\/strong><\/p><p><strong>Garantia Legal:<\/strong> Conformement al RDL 1\/2007, els b\u00e9ns duradors tenen una garantia de 3 anys a partir de la data de lliurament, gestionada pel fabricant. Aquesta garantia no cobreix defici\u00e8ncies per neglig\u00e8ncia, cops, \u00fas indegut, instal\u00b7laci\u00f3 incorrecta no realitzada pel Servei T\u00e8cnic autoritzat, ni materials sotmesos a desgast normal.<\/p><p>En casos justificats, el fabricant pot optar per reparar, substituir, reduir el preu o reemborsar segons all\u00f2 establert legalment. La garantia no cobreix defectes causats per factors externs, accidents, desgast normal, rentat incorrecte o \u00fas no conforme a les instruccions del fabricant.<\/p><p>Les imatges a la web s\u00f3n el m\u00e9s aproximades possible al producte final a causa de variacions per personalitzaci\u00f3. La garantia no cobreix discrep\u00e0ncies entre la imatge i el producte rebut.<\/p><p><strong>Exclusi\u00f3 de la Garantia Comercial:<\/strong> No estan coberts per la garantia els danys externs al dispositiu (trencament, impacte, caiguda), \u00fas inadequat, instal\u00b7laci\u00f3 no conforme a les instruccions del fabricant, danys per for\u00e7a major o sobretensi\u00f3 el\u00e8ctrica, dany cosm\u00e8tic, consumibles i \u00fas comercial o industrial del producte .<\/p><p><strong>Devolucions i Desistiment de Compra<\/strong><\/p><p><strong>Dret de Desistiment:<\/strong> L&#039;usuari t\u00e9 dret a desistir de la compra durant 14 dies naturals sense necessitat de justificaci\u00f3, comptats des de la recepci\u00f3 del producte.<\/p><p>Per exercir el dret de desistiment, comunica la teva decisi\u00f3 abans que venci el termini de 14 dies. El reemborsament es far\u00e0 en un m\u00e0xim de 14 dies h\u00e0bils des que s&#039;informi de la decisi\u00f3 de desistir i es rebi el producte tornat.<\/p><p><strong>Conseq\u00fc\u00e8ncies del Desistiment:<\/strong> El client ser\u00e0 reemborsat per l&#039;import de la comanda, descomptant les despeses d&#039;enviament. Si la comanda inclo\u00efa un regal promocional i es torna part de la comanda, s&#039;ajustar\u00e0 el reemborsament per reflectir la promoci\u00f3.<\/p><p><strong>Condicions de Devoluci\u00f3 i Desistiment:<\/strong> El producte s&#039;ha de tornar en les mateixes condicions rebudes, amb l&#039;embalatge original i tots els accessoris i la documentaci\u00f3 inclosos. El client ha d&#039;assumir els costos directes de retorn del producte.<\/p><p>No es reemborsar\u00e0 el producte utilitzat m\u00e9s enll\u00e0 de la mera obertura, danyat o incomplet.<\/p><p><strong>Excepcions al dret de desistiment:<\/strong> El dret de desistiment no s&#039;aplica a productes en mal estat, incomplets, usats, sense embalatge original, sense accessoris o m\u00e9s enll\u00e0 del termini establert. Tampoc no s&#039;admeten devolucions parcials de promocions.<\/p><p><strong>Com Sol\u00b7licitar Devolucions o Desistiment:<\/strong> Per exercir el dret de desistiment, completa i envia el formulari de desistiment disponible a [enlla\u00e7 al formulari]. Notifica la reclamaci\u00f3 o desistiment per correu electr\u00f2nic a <a>info@pujolclima.com<\/a> o per correu postal a l&#039;adre\u00e7a indicada al formulari.<\/p>","protected":false},"excerpt":{"rendered":"<p>Garanties als nostres productes Garantia legal: Conformi al RDL 1\/2007, els b\u00e9ns duradors tenen una garantia de 3 anys a partir de la data de lliurament, gestionada pel fabricant. Aquesta garantia no cobreix defici\u00e8ncies per neglig\u00e8ncia, cops, \u00fas indegut, instal\u00b7laci\u00f3 incorrecta no realitzada pel Servei T\u00e8cnic autoritzat, ni materials sotmesos a desgast normal\u2026.<\/p>","protected":false},"author":1,"featured_media":0,"parent":0,"menu_order":9,"comment_status":"closed","ping_status":"closed","template":"","meta":{"_kad_blocks_custom_css":"","_kad_blocks_head_custom_js":"","_kad_blocks_body_custom_js":"","_kad_blocks_footer_custom_js":"","_kad_post_transparent":"","_kad_post_title":"show","_kad_post_layout":"normal","_kad_post_sidebar_id":"","_kad_post_content_style":"","_kad_post_vertical_padding":"","_kad_post_feature":"","_kad_post_feature_position":"","_kad_post_header":false,"_kad_post_footer":false,"_joinchat":[],"footnotes":""},"class_list":["post-5210","page","type-page","status-publish","hentry"],"taxonomy_info":[],"featured_image_src_large":false,"author_info":{"display_name":"eloi","author_link":"https:\/\/tienda.pujolclima.com\/ca\/author\/eloi\/"},"comment_info":0,"_links":{"self":[{"href":"https:\/\/tienda.pujolclima.com\/ca\/wp-json\/wp\/v2\/pages\/5210","targetHints":{"allow":["GET"]}}],"collection":[{"href":"https:\/\/tienda.pujolclima.com\/ca\/wp-json\/wp\/v2\/pages"}],"about":[{"href":"https:\/\/tienda.pujolclima.com\/ca\/wp-json\/wp\/v2\/types\/page"}],"author":[{"embeddable":true,"href":"https:\/\/tienda.pujolclima.com\/ca\/wp-json\/wp\/v2\/users\/1"}],"replies":[{"embeddable":true,"href":"https:\/\/tienda.pujolclima.com\/ca\/wp-json\/wp\/v2\/comments?post=5210"}],"version-history":[{"count":5,"href":"https:\/\/tienda.pujolclima.com\/ca\/wp-json\/wp\/v2\/pages\/5210\/revisions"}],"predecessor-version":[{"id":5332,"href":"https:\/\/tienda.pujolclima.com\/ca\/wp-json\/wp\/v2\/pages\/5210\/revisions\/5332"}],"wp:attachment":[{"href":"https:\/\/tienda.pujolclima.com\/ca\/wp-json\/wp\/v2\/media?parent=5210"}],"curies":[{"name":"wp","href":"https:\/\/api.w.org\/{rel}","templated":true}]}}