{"id":12,"date":"2023-12-14T17:01:59","date_gmt":"2023-12-14T17:01:59","guid":{"rendered":"https:\/\/tienda.pujolclima.com\/?page_id=12"},"modified":"2024-05-30T17:51:11","modified_gmt":"2024-05-30T15:51:11","slug":"declaracion-de-accesibilidad","status":"publish","type":"page","link":"https:\/\/tienda.pujolclima.com\/ca\/declaracion-de-accesibilidad\/","title":{"rendered":"Declaraci\u00f3 d&#039;accessibilitat"},"content":{"rendered":"<style>.kb-row-layout-id12_a19d4f-61 > .kt-row-column-wrap{align-content:start;}:where(.kb-row-layout-id12_a19d4f-61 > .kt-row-column-wrap) > .wp-block-kadence-column{justify-content:start;}.kb-row-layout-id12_a19d4f-61 > .kt-row-column-wrap{column-gap:var(--global-kb-gap-lg, 4rem);row-gap:var(--global-kb-gap-md, 2rem);padding-top:0px;padding-bottom:var(--global-kb-spacing-lg, 3rem);grid-template-columns:minmax(0, calc(25% - ((var(--global-kb-gap-lg, 4rem) * 1 )\/2)))minmax(0, calc(75% - ((var(--global-kb-gap-lg, 4rem) * 1 )\/2)));}.kb-row-layout-id12_a19d4f-61 > .kt-row-layout-overlay{opacity:0.30;}@media all and (max-width: 1024px){.kb-row-layout-id12_a19d4f-61 > .kt-row-column-wrap{grid-template-columns:minmax(0, 1fr) minmax(0, 2fr);}}@media all and (max-width: 767px){.kb-row-layout-id12_a19d4f-61 > .kt-row-column-wrap{grid-template-columns:minmax(0, 1fr);}.kb-row-layout-id12_a19d4f-61 > .kt-row-column-wrap > .wp-block-kadence-column:nth-of-type(1){order:2;}.kb-row-layout-id12_a19d4f-61 > .kt-row-column-wrap > .wp-block-kadence-column:nth-of-type(2){order:1;}.kb-row-layout-id12_a19d4f-61 > .kt-row-column-wrap > .wp-block-kadence-column:nth-of-type(3){order:12;}.kb-row-layout-id12_a19d4f-61 > .kt-row-column-wrap > .wp-block-kadence-column:nth-of-type(4){order:11;}.kb-row-layout-id12_a19d4f-61 > .kt-row-column-wrap > .wp-block-kadence-column:nth-of-type(5){order:22;}.kb-row-layout-id12_a19d4f-61 > .kt-row-column-wrap > .wp-block-kadence-column:nth-of-type(6){order:21;}.kb-row-layout-id12_a19d4f-61 > .kt-row-column-wrap > .wp-block-kadence-column:nth-of-type(7){order:32;}.kb-row-layout-id12_a19d4f-61 > .kt-row-column-wrap > .wp-block-kadence-column:nth-of-type(8){order:31;}}<\/style><div class=\"kb-row-layout-wrap kb-row-layout-id12_a19d4f-61 alignnone wp-block-kadence-rowlayout\"><div class=\"kt-row-column-wrap kt-has-2-columns kt-row-layout-right-golden kt-tab-layout-inherit kt-mobile-layout-row kt-row-valign-top\">\n<style>#wrapper.site{overflow:clip;}.kadence-column12_b33d25-3a{--kb-section-setting-offset:140px;}.kadence-column12_b33d25-3a > .kt-inside-inner-col,.kadence-column12_b33d25-3a > .kt-inside-inner-col:before{border-top-left-radius:0px;border-top-right-radius:0px;border-bottom-right-radius:0px;border-bottom-left-radius:0px;}.kadence-column12_b33d25-3a > .kt-inside-inner-col{column-gap:var(--global-kb-gap-sm, 1rem);}.kadence-column12_b33d25-3a > .kt-inside-inner-col{flex-direction:column;}.kadence-column12_b33d25-3a > .kt-inside-inner-col > .aligncenter{width:100%;}.kadence-column12_b33d25-3a > .kt-inside-inner-col:before{opacity:0.3;}.kadence-column12_b33d25-3a{position:relative;}@media all and (max-width: 1024px){.kadence-column12_b33d25-3a > .kt-inside-inner-col{flex-direction:column;}}@media all and (max-width: 767px){.kadence-column12_b33d25-3a > .kt-inside-inner-col{flex-direction:column;}}<\/style>\n<div class=\"wp-block-kadence-column kadence-column12_b33d25-3a kb-section-is-sticky\"><div class=\"kt-inside-inner-col\"><p>[mostrar_menu menu=\u201davisos legals\u201d]<\/p><\/div><\/div>\n\n<style>.kadence-column12_ca0f4c-80 > .kt-inside-inner-col,.kadence-column12_ca0f4c-80 > .kt-inside-inner-col:before{border-top-left-radius:0px;border-top-right-radius:0px;border-bottom-right-radius:0px;border-bottom-left-radius:0px;}.kadence-column12_ca0f4c-80 > .kt-inside-inner-col{column-gap:var(--global-kb-gap-sm, 1rem);}.kadence-column12_ca0f4c-80 > .kt-inside-inner-col{flex-direction:column;}.kadence-column12_ca0f4c-80 > .kt-inside-inner-col > .aligncenter{width:100%;}.kadence-column12_ca0f4c-80 > .kt-inside-inner-col:before{opacity:0.3;}.kadence-column12_ca0f4c-80{position:relative;}@media all and (max-width: 1024px){.kadence-column12_ca0f4c-80 > .kt-inside-inner-col{flex-direction:column;}}@media all and (max-width: 767px){.kadence-column12_ca0f4c-80 > .kt-inside-inner-col{flex-direction:column;}}<\/style>\n<div class=\"wp-block-kadence-column kadence-column12_ca0f4c-80\"><div class=\"kt-inside-inner-col\"><p>Online Vall\u00e9s s&#039;ha comprom\u00e8s a fer accessible el vostre lloc web, de conformitat amb el Reial Decret 1112\/2018, de 7 de setembre, sobre accessibilitat dels llocs web i aplicacions per a dispositius m\u00f2bils del sector p\u00fablic.<\/p>\n\n<p>Aquesta declaraci\u00f3 d&#039;accessibilitat s&#039;aplica a aquest web.<\/p>\n\n<h2 class=\"wp-block-heading\">Situaci\u00f3 de compliment<\/h2>\n\n<p>Aquest lloc web est\u00e0 desenvolupat segons el RD 1112\/2018<\/p>\n\n<h2 class=\"wp-block-heading\">Preparaci\u00f3 per a la seg\u00fcent declaraci\u00f3 d&#039;accessibilitat<\/h2>\n\n<p>Aquesta declaraci\u00f3 va ser preparada el 20 de maig del 2023.<\/p>\n\n<p>El m\u00e8tode emprat per preparar la declaraci\u00f3 ha estat una autoavaluaci\u00f3.<\/p>\n\n<h2 class=\"wp-block-heading\">Observacions i dades de contacte<\/h2>\n\n<p>Podeu realitzar comunicacions sobre requisits d&#039;accessibilitat (article 10.2.a del RD 1112\/2018) com:<\/p>\n\n<ul class=\"wp-block-list\"><li>Informar sobre qualsevol possible incompliment per part d&#039;aquest lloc web<\/li>\n\n<li>Transmetre altres dificultats d&#039;acc\u00e9s al contingut<\/li>\n\n<li>Formular qualsevol altra consulta o suggeriment de millora relativa a l&#039;accessibilitat del lloc web mitjan\u00e7ant el formulari de contacte d&#039;aquest lloc web o mitjan\u00e7ant el n\u00famero de tel\u00e8fon 93 768 52 49<\/li><\/ul>\n\n<p>Podeu presentar:<\/p>\n\n<ul class=\"wp-block-list\"><li>Queixa relativa al compliment dels requisits del RD 1112\/2018<\/li>\n\n<li>Sol\u00b7licitud d&#039;informaci\u00f3 accessible relativa a:<ul class=\"wp-block-list\"><li>Continguts que estan exclosos de l\u00e0mbit daplicaci\u00f3 del RD 1112\/2018 segons el que estableix larticle 3, apartat 4<\/li>\n\n<li>Continguts que estan exempts del compliment dels requisits d&#039;accessibilitat per imposar una c\u00e0rrega desproporcionada<\/li>\n\n<li>A la Sol\u00b7licitud d&#039;informaci\u00f3 accessible, cal concretar, amb tota claredat, els fets, les raons i la petici\u00f3 que permetin constatar que es tracta d&#039;una sol\u00b7licitud raonable i leg\u00edtima.<\/li><\/ul><\/li><\/ul>\n\n<p>Les queixes i reclamacions sobre informaci\u00f3 accessible es realitzaran a trav\u00e9s de la seu electr\u00f2nica (<a href=\"https:\/\/sede.red.gob.es\/procedimientos\/quejas-y-sugerencias\" target=\"_blank\" rel=\"noreferrer noopener\">https:\/\/sede.red.gob.es\/procedimientos\/quejas-y-sugerencias<\/a>), i seran rebudes i tractades per l&#039;\u00e0rea de Sistemes de la Informaci\u00f3 de Red.es.<\/p>\n\n<h2 class=\"wp-block-heading\">Contingut opcional<\/h2>\n\n<ul class=\"wp-block-list\"><li>Si voleu canviar la mida de lletra del text als principals navegadors gr\u00e0fics utilitzeu els men\u00fas seg\u00fcents:<\/li>\n\n<li>Safari: Veure &gt; Fer el text m\u00e9s gran<\/li>\n\n<li>Chrome: Controla la p\u00e0gina actual &gt; Mida del text<\/li><\/ul>\n\n<p>Per modificar la mida de tot a la p\u00e0gina:<\/p>\n\n<ul class=\"wp-block-list\"><li>Ctrl++ per augmentar-ho<\/li>\n\n<li>Ctrl + \u2013 per disminuir-ho<\/li>\n\n<li>Ctrl + 0 restaura la mida original del text<\/li>\n\n<li>Si el que voleu \u00e9s anul\u00b7lar el full d&#039;estils o modificar el color del text, podeu consultar la p\u00e0gina How to Change Text Size o Colors de la WAI, que es pot llegir tradu\u00eft a l&#039;espanyol a Com canviar la mida del text o colors?<\/li><\/ul><\/div><\/div>\n<\/div><\/div>","protected":false},"excerpt":{"rendered":"<p>Online Vall\u00e9s s&#039;ha comprom\u00e8s a fer accessible el vostre lloc web, de conformitat amb el Reial Decret 1112\/2018, de 7 de setembre, sobre accessibilitat dels llocs web i aplicacions per a dispositius m\u00f2bils del sector p\u00fablic. Aquesta declaraci\u00f3 d\u02bbaccessibilitat s\u02bbaplica a aquesta web. Situaci\u00f3 de compliment Aquest lloc web est\u00e0 desenvolupat d&#039;acord amb\u2026<\/p>","protected":false},"author":1,"featured_media":0,"parent":0,"menu_order":20,"comment_status":"closed","ping_status":"closed","template":"","meta":{"_kad_blocks_custom_css":"","_kad_blocks_head_custom_js":"","_kad_blocks_body_custom_js":"","_kad_blocks_footer_custom_js":"","_kad_post_transparent":"","_kad_post_title":"","_kad_post_layout":"","_kad_post_sidebar_id":"","_kad_post_content_style":"","_kad_post_vertical_padding":"","_kad_post_feature":"","_kad_post_feature_position":"","_kad_post_header":false,"_kad_post_footer":false,"_joinchat":[],"footnotes":""},"class_list":["post-12","page","type-page","status-publish","hentry"],"taxonomy_info":[],"featured_image_src_large":false,"author_info":{"display_name":"eloi","author_link":"https:\/\/tienda.pujolclima.com\/ca\/author\/eloi\/"},"comment_info":0,"_links":{"self":[{"href":"https:\/\/tienda.pujolclima.com\/ca\/wp-json\/wp\/v2\/pages\/12","targetHints":{"allow":["GET"]}}],"collection":[{"href":"https:\/\/tienda.pujolclima.com\/ca\/wp-json\/wp\/v2\/pages"}],"about":[{"href":"https:\/\/tienda.pujolclima.com\/ca\/wp-json\/wp\/v2\/types\/page"}],"author":[{"embeddable":true,"href":"https:\/\/tienda.pujolclima.com\/ca\/wp-json\/wp\/v2\/users\/1"}],"replies":[{"embeddable":true,"href":"https:\/\/tienda.pujolclima.com\/ca\/wp-json\/wp\/v2\/comments?post=12"}],"version-history":[{"count":0,"href":"https:\/\/tienda.pujolclima.com\/ca\/wp-json\/wp\/v2\/pages\/12\/revisions"}],"wp:attachment":[{"href":"https:\/\/tienda.pujolclima.com\/ca\/wp-json\/wp\/v2\/media?parent=12"}],"curies":[{"name":"wp","href":"https:\/\/api.w.org\/{rel}","templated":true}]}}